{"id":27178,"date":"2025-10-28T11:55:39","date_gmt":"2025-10-28T10:55:39","guid":{"rendered":"https:\/\/www.campuspharma.se\/?page_id=27178"},"modified":"2025-10-28T13:39:24","modified_gmt":"2025-10-28T12:39:24","slug":"haittavaikutuksista-ilmoittaminen","status":"publish","type":"page","link":"https:\/\/www.campuspharma.se\/fi\/haittavaikutuksista-ilmoittaminen\/","title":{"rendered":"Haittavaikutuksista ilmoittaminen"},"content":{"rendered":"\n<div class=\"wpcf7 no-js\" id=\"wpcf7-f27070-o1\" lang=\"sv-SE\" dir=\"ltr\" data-wpcf7-id=\"27070\">\n<div class=\"screen-reader-response\"><p role=\"status\" aria-live=\"polite\" aria-atomic=\"true\"><\/p> <ul><\/ul><\/div>\n<form action=\"\/fi\/wp-json\/wp\/v2\/pages\/27178#wpcf7-f27070-o1\" method=\"post\" class=\"wpcf7-form init\" aria-label=\"Kontaktformul\u00e4r\" novalidate=\"novalidate\" data-status=\"init\">\n<fieldset class=\"hidden-fields-container\"><input type=\"hidden\" name=\"_wpcf7\" value=\"27070\" \/><input type=\"hidden\" name=\"_wpcf7_version\" value=\"6.1.5\" \/><input type=\"hidden\" name=\"_wpcf7_locale\" value=\"sv_SE\" \/><input type=\"hidden\" name=\"_wpcf7_unit_tag\" value=\"wpcf7-f27070-o1\" \/><input type=\"hidden\" name=\"_wpcf7_container_post\" value=\"0\" \/><input type=\"hidden\" name=\"_wpcf7_posted_data_hash\" value=\"\" \/><input type=\"hidden\" name=\"_wpcf7_recaptcha_response\" value=\"\" \/>\n<\/fieldset>\n<div class=\"uacf7-form-wrapper-container uacf7-form-27070  \"><h3>Kontaktinformation rapport\u00f6r\/Contact information of reporter<\/h3>\n\n<div class=\"uacf7-row\">\n<div class=\"uacf7-col-4\"> <label>Namn \/ Name: <span class=\"wpcf7-form-control-wrap\" data-name=\"namn\"><input size=\"40\" maxlength=\"400\" class=\"wpcf7-form-control wpcf7-text wpcf7-validates-as-required\" aria-required=\"true\" aria-invalid=\"false\" value=\"\" type=\"text\" name=\"namn\" \/><\/span><\/label> <\/div>\n<div class=\"uacf7-col-4\"> <label>Telefonnummer \/ Telephone number: <span class=\"wpcf7-form-control-wrap\" data-name=\"phone\"><input size=\"40\" maxlength=\"400\" class=\"wpcf7-form-control wpcf7-text\" aria-invalid=\"false\" value=\"\" type=\"text\" name=\"phone\" \/><\/span><\/label> <\/div>\n<div class=\"uacf7-col-4\"> <label>E-postadress: \/ Email: <span class=\"wpcf7-form-control-wrap\" data-name=\"email\"><input size=\"40\" maxlength=\"400\" class=\"wpcf7-form-control wpcf7-email wpcf7-validates-as-required wpcf7-text wpcf7-validates-as-email\" aria-required=\"true\" aria-invalid=\"false\" value=\"\" type=\"email\" name=\"email\" \/><\/span><\/label> <\/div>\n<\/div>\n<hr>\n<h3>Rapport\u00f6r \/ Reporter<\/h3>\n\n<span class=\"wpcf7-form-control-wrap\" data-name=\"reporter\"><span class=\"wpcf7-form-control wpcf7-radio\"><span class=\"wpcf7-list-item first\"><label><input type=\"radio\" name=\"reporter\" value=\"L\u00e4kare \/ Physician\" \/><span class=\"wpcf7-list-item-label\">L\u00e4kare \/ Physician<\/span><\/label><\/span><span class=\"wpcf7-list-item\"><label><input type=\"radio\" name=\"reporter\" value=\"Sjuksk\u00f6terska \/ Nurse\" \/><span class=\"wpcf7-list-item-label\">Sjuksk\u00f6terska \/ Nurse<\/span><\/label><\/span><span class=\"wpcf7-list-item\"><label><input type=\"radio\" name=\"reporter\" value=\"Farmaceut \/ Pharmacist\" \/><span class=\"wpcf7-list-item-label\">Farmaceut \/ Pharmacist<\/span><\/label><\/span><span class=\"wpcf7-list-item\"><label><input type=\"radio\" name=\"reporter\" value=\"Patient \/ Patient\" \/><span class=\"wpcf7-list-item-label\">Patient \/ Patient<\/span><\/label><\/span><span class=\"wpcf7-list-item last\"><label><input type=\"radio\" name=\"reporter\" value=\"\u00d6vrig \/ Other\" \/><span class=\"wpcf7-list-item-label\">\u00d6vrig \/ Other<\/span><\/label><\/span><\/span><\/span>\n<label><br\/>Om \u00f6vrig \/ If other:<br\/> <span class=\"wpcf7-form-control-wrap\" data-name=\"ifother\"><input size=\"40\" maxlength=\"400\" class=\"wpcf7-form-control wpcf7-text\" aria-invalid=\"false\" value=\"\" type=\"text\" name=\"ifother\" \/><\/span><\/label>\n<div class=\"uacf7-row\">\n<div class=\"uacf7-col-6\"> <strong>Om sjukv\u00e5rds-personal \u00e4r rapport\u00f6r \/ <br \/>If the reporter is a health care professional<\/strong><\/div>\n<div class=\"uacf7-col-6\"> \n<div class=\"uacf7-row\">Bed\u00f6ms h\u00e4ndelsen som allvarlig \/ Is the event judged as serious? <span class=\"wpcf7-form-control-wrap\" data-name=\"serious\"><span class=\"wpcf7-form-control wpcf7-radio\"><span class=\"wpcf7-list-item first\"><label><input type=\"radio\" name=\"serious\" value=\"Nej \/ No\" checked=\"checked\" \/><span class=\"wpcf7-list-item-label\">Nej \/ No<\/span><\/label><\/span><span class=\"wpcf7-list-item last\"><label><input type=\"radio\" name=\"serious\" value=\"Ja, specificera \/ Yes, specify\" \/><span class=\"wpcf7-list-item-label\">Ja, specificera \/ Yes, specify<\/span><\/label><\/span><\/span><\/span><\/div>\n<div class=\"uacf7-row\">Specificera \/ Specify:<span class=\"wpcf7-form-control-wrap\" data-name=\"specifyserious\"><span class=\"wpcf7-form-control wpcf7-radio\"><span class=\"wpcf7-list-item first\"><label><input type=\"radio\" name=\"specifyserious\" value=\"Sjukhusinl\u00e4ggning \/ F\u00f6rl\u00e4ngd sjukhusinl\u00e4ggning \/ Hospitalization \/ prolonged hospitalization\" \/><span class=\"wpcf7-list-item-label\">Sjukhusinl\u00e4ggning \/ F\u00f6rl\u00e4ngd sjukhusinl\u00e4ggning \/ Hospitalization \/ prolonged hospitalization<\/span><\/label><\/span><span class=\"wpcf7-list-item\"><label><input type=\"radio\" name=\"specifyserious\" value=\"D\u00f6dsfall \/ fatal\" \/><span class=\"wpcf7-list-item-label\">D\u00f6dsfall \/ fatal<\/span><\/label><\/span><span class=\"wpcf7-list-item\"><label><input type=\"radio\" name=\"specifyserious\" value=\"Betydande \/ Best\u00e5ende funktionsneds\u00e4ttning \/ Considerable \/ consisting disabilities\" \/><span class=\"wpcf7-list-item-label\">Betydande \/ Best\u00e5ende funktionsneds\u00e4ttning \/ Considerable \/ consisting disabilities<\/span><\/label><\/span><span class=\"wpcf7-list-item\"><label><input type=\"radio\" name=\"specifyserious\" value=\"Livshotande reaktion \/ Life threatening\" \/><span class=\"wpcf7-list-item-label\">Livshotande reaktion \/ Life threatening<\/span><\/label><\/span><span class=\"wpcf7-list-item\"><label><input type=\"radio\" name=\"specifyserious\" value=\"Medf\u00f6dd missbildning \/ Congenital malformation\" \/><span class=\"wpcf7-list-item-label\">Medf\u00f6dd missbildning \/ Congenital malformation<\/span><\/label><\/span><span class=\"wpcf7-list-item last\"><label><input type=\"radio\" name=\"specifyserious\" value=\"Annan viktig medicinsk h\u00e4ndelse \/ Other medically important event\" checked=\"checked\" \/><span class=\"wpcf7-list-item-label\">Annan viktig medicinsk h\u00e4ndelse \/ Other medically important event<\/span><\/label><\/span><\/span><\/span><\/div>\n<\/div>\n<\/div>\n<hr>\n<h3>Misst\u00e4nkt l\u00e4kemedel \/ Suspect product:<\/h3>\n\n<div class=\"uacf7-row\">\n<div class=\"uacf7-col-4\"> <label>L\u00e4kemedlets namn \/ Product name: <span class=\"wpcf7-form-control-wrap\" data-name=\"productname\"><input size=\"40\" maxlength=\"400\" class=\"wpcf7-form-control wpcf7-text\" aria-invalid=\"false\" value=\"\" type=\"text\" name=\"productname\" \/><\/span><\/label> <\/div>\n<div class=\"uacf7-col-4\"> <label>L\u00e4kemedelstyrka \/ Strength: <span class=\"wpcf7-form-control-wrap\" data-name=\"strength\"><input size=\"40\" maxlength=\"400\" class=\"wpcf7-form-control wpcf7-text\" aria-invalid=\"false\" value=\"\" type=\"text\" name=\"strength\" \/><\/span><\/label> <\/div>\n<div class=\"uacf7-col-4\"> <label>Orsak till behandling \/ Reason for treatment: <span class=\"wpcf7-form-control-wrap\" data-name=\"reasontreatment\"><input size=\"40\" maxlength=\"400\" class=\"wpcf7-form-control wpcf7-text\" aria-invalid=\"false\" value=\"\" type=\"text\" name=\"reasontreatment\" \/><\/span><\/label> <\/div>\n<\/div>\n\n<div class=\"uacf7-row\">\n<div class=\"uacf7-col-4\"> <label>Dosering \/ Dosage: <span class=\"wpcf7-form-control-wrap\" data-name=\"dosage\"><input size=\"40\" maxlength=\"400\" class=\"wpcf7-form-control wpcf7-text\" aria-invalid=\"false\" value=\"\" type=\"text\" name=\"dosage\" \/><\/span><\/label> <\/div>\n<div class=\"uacf7-col-4\"> <label>Startdatum (\u00c5\u00c5\u00c5\u00c5-MM-DD) \/<br \/>Start date (YYYY-MM-DD): <span class=\"wpcf7-form-control-wrap\" data-name=\"startdate\"><input size=\"40\" maxlength=\"400\" class=\"wpcf7-form-control wpcf7-text\" aria-invalid=\"false\" value=\"\" type=\"text\" name=\"startdate\" \/><\/span><\/label> <\/div>\n<div class=\"uacf7-col-4\"> <label>Slutdatum (\u00c5\u00c5\u00c5\u00c5-MM-DD) \/<br \/>End date (YYYY-MM-DD): <span class=\"wpcf7-form-control-wrap\" data-name=\"enddate\"><input size=\"40\" maxlength=\"400\" class=\"wpcf7-form-control wpcf7-text\" aria-invalid=\"false\" value=\"\" type=\"text\" name=\"enddate\" \/><\/span><\/label> <\/div>\n<\/div>\n<hr>\n<h3>Patientinformation \/ Patient information<\/h3>\n\n<div class=\"uacf7-row\">\n<div class=\"uacf7-col-4\"> <label>Initialer \/ Initials: <span class=\"wpcf7-form-control-wrap\" data-name=\"initials\"><input size=\"40\" maxlength=\"400\" class=\"wpcf7-form-control wpcf7-text\" aria-invalid=\"false\" value=\"\" type=\"text\" name=\"initials\" \/><\/span> <\/label> <\/div>\n<div class=\"uacf7-col-4\"> <label>F\u00f6delsedatum (\u00c5\u00c5\u00c5\u00c5-MM-DD) \/<br \/>Birth date (YYYY-MM-DD) <span class=\"wpcf7-form-control-wrap\" data-name=\"birthdate\"><input size=\"40\" maxlength=\"400\" class=\"wpcf7-form-control wpcf7-text\" aria-invalid=\"false\" value=\"\" type=\"text\" name=\"birthdate\" \/><\/span><\/label> <\/div>\n<div class=\"uacf7-col-4\"> <label>L\u00e4ngd \/ Height: <span class=\"wpcf7-form-control-wrap\" data-name=\"height\"><input size=\"40\" maxlength=\"400\" class=\"wpcf7-form-control wpcf7-text\" aria-invalid=\"false\" value=\"\" type=\"text\" name=\"height\" \/><\/span><\/label> <\/div>\n<\/div>\n<div class=\"uacf7-row\">\n<div class=\"uacf7-col-4\"> <label>Vikt \/ Weight: <span class=\"wpcf7-form-control-wrap\" data-name=\"weight\"><input size=\"40\" maxlength=\"400\" class=\"wpcf7-form-control wpcf7-text\" aria-invalid=\"false\" value=\"\" type=\"text\" name=\"weight\" \/><\/span><\/label> <\/div>\n<div class=\"uacf7-col-4\"> K\u00f6n \/ Gender: <span class=\"wpcf7-form-control-wrap\" data-name=\"gender\"><span class=\"wpcf7-form-control wpcf7-radio\"><span class=\"wpcf7-list-item first\"><label><input type=\"radio\" name=\"gender\" value=\"Kvinna \/ female\" checked=\"checked\" \/><span class=\"wpcf7-list-item-label\">Kvinna \/ female<\/span><\/label><\/span><span class=\"wpcf7-list-item last\"><label><input type=\"radio\" name=\"gender\" value=\"Man \/ male\" \/><span class=\"wpcf7-list-item-label\">Man \/ male<\/span><\/label><\/span><\/span><\/span> <\/div>\n<\/div>\n<br \/>\n<div class=\"uacf7-row\">\n<div class=\"uacf7-col-6\">Anv\u00e4nder patienten andra l\u00e4kemedel \/ Does the patient take other medicines? <span class=\"wpcf7-form-control-wrap\" data-name=\"othermedicines\"><span class=\"wpcf7-form-control wpcf7-radio\"><span class=\"wpcf7-list-item first\"><label><input type=\"radio\" name=\"othermedicines\" value=\"Ok\u00e4nt \/ Unknown\" checked=\"checked\" \/><span class=\"wpcf7-list-item-label\">Ok\u00e4nt \/ Unknown<\/span><\/label><\/span><span class=\"wpcf7-list-item\"><label><input type=\"radio\" name=\"othermedicines\" value=\"Nej \/ No\" \/><span class=\"wpcf7-list-item-label\">Nej \/ No<\/span><\/label><\/span><span class=\"wpcf7-list-item last\"><label><input type=\"radio\" name=\"othermedicines\" value=\"Ja, specificera \/ Yes, specify\" \/><span class=\"wpcf7-list-item-label\">Ja, specificera \/ Yes, specify<\/span><\/label><\/span><\/span><\/span><\/div>\n<div class=\"uacf7-col-6\"><label>Specificera \/ Specify:<br\/> <span class=\"wpcf7-form-control-wrap\" data-name=\"specifyothermedicines\"><input size=\"40\" maxlength=\"400\" class=\"wpcf7-form-control wpcf7-text\" aria-invalid=\"false\" value=\"\" type=\"text\" name=\"specifyothermedicines\" \/><\/span><\/label><\/div>\n<\/div>\n<div class=\"uacf7-row\">\n<div class=\"uacf7-col-6\">Har patienten andra sjukdomar \/ Does the patient suffer from any other diseases?  <span class=\"wpcf7-form-control-wrap\" data-name=\"otherdiseases\"><span class=\"wpcf7-form-control wpcf7-radio\"><span class=\"wpcf7-list-item first\"><label><input type=\"radio\" name=\"otherdiseases\" value=\"Ok\u00e4nt \/ Unknown\" checked=\"checked\" \/><span class=\"wpcf7-list-item-label\">Ok\u00e4nt \/ Unknown<\/span><\/label><\/span><span class=\"wpcf7-list-item\"><label><input type=\"radio\" name=\"otherdiseases\" value=\"Nej \/ No\" \/><span class=\"wpcf7-list-item-label\">Nej \/ No<\/span><\/label><\/span><span class=\"wpcf7-list-item last\"><label><input type=\"radio\" name=\"otherdiseases\" value=\"Ja, specificera \/ Yes, specify\" \/><span class=\"wpcf7-list-item-label\">Ja, specificera \/ Yes, specify<\/span><\/label><\/span><\/span><\/span><\/div>\n<div class=\"uacf7-col-6\"><label>Specificera \/ Specify:<br\/> <span class=\"wpcf7-form-control-wrap\" data-name=\"specifyotherdiseases\"><input size=\"40\" maxlength=\"400\" class=\"wpcf7-form-control wpcf7-text\" aria-invalid=\"false\" value=\"\" type=\"text\" name=\"specifyotherdiseases\" \/><\/span><\/label><\/div>\n<\/div>\n<hr>\n<h3>H\u00e4ndelse \/ Event<\/h3>\n\n<div class=\"uacf7-row\"><div class=\"uacf7-col-12\"><label>N\u00e4r intr\u00e4ffade h\u00e4ndelsen? \/ When did the event occur?<br\/> <span class=\"wpcf7-form-control-wrap\" data-name=\"eventwhen\"><input size=\"40\" maxlength=\"400\" class=\"wpcf7-form-control wpcf7-text\" aria-invalid=\"false\" value=\"\" type=\"text\" name=\"eventwhen\" \/><\/span><\/label><\/div><\/div>\n\n<div class=\"uacf7-row\"><div class=\"uacf7-col-12\"><label>Ge en detaljerad beskrivning av h\u00e4ndelsen \/ Please describe the event in detail: <span class=\"wpcf7-form-control-wrap\" data-name=\"eventdetails\"><textarea cols=\"60\" rows=\"7\" maxlength=\"2000\" class=\"wpcf7-form-control wpcf7-textarea\" aria-invalid=\"false\" name=\"eventdetails\"><\/textarea><\/span><\/label><\/div><\/div>\n\n<div class=\"uacf7-row\">\n<div class=\"uacf7-col-12\">\u00c4r patienten gravid \/ Is the patient pregnant? <span class=\"wpcf7-form-control-wrap\" data-name=\"pregnant\"><span class=\"wpcf7-form-control wpcf7-radio\"><span class=\"wpcf7-list-item first\"><label><input type=\"radio\" name=\"pregnant\" value=\"Nej \/ No\" checked=\"checked\" \/><span class=\"wpcf7-list-item-label\">Nej \/ No<\/span><\/label><\/span><span class=\"wpcf7-list-item last\"><label><input type=\"radio\" name=\"pregnant\" value=\"Ja \/ Yes\" \/><span class=\"wpcf7-list-item-label\">Ja \/ Yes<\/span><\/label><\/span><\/span><\/span><\/div><\/div>\n\n<div class=\"uacf7-row\"><div class=\"uacf7-col-12\"><label>Om ja ange n\u00e4r i graviditeten l\u00e4kemedlet intogs \/ If yes, state when during the pregnancy the medicine was taken: <span class=\"wpcf7-form-control-wrap\" data-name=\"pregnantwhentaken\"><input size=\"40\" maxlength=\"400\" class=\"wpcf7-form-control wpcf7-text\" aria-invalid=\"false\" value=\"\" type=\"text\" name=\"pregnantwhentaken\" \/><\/span><\/label><\/div><\/div>\n\n<div class=\"uacf7-row\"><div class=\"uacf7-col-12\">Upph\u00f6rde reaktionen vid uts\u00e4ttning av l\u00e4kemedlet\/ Did the reaction stop when the drug was withdrawn? <span class=\"wpcf7-form-control-wrap\" data-name=\"reactionstop\"><span class=\"wpcf7-form-control wpcf7-radio\"><span class=\"wpcf7-list-item first\"><label><input type=\"radio\" name=\"reactionstop\" value=\"Ok\u00e4nt \/ Unknown\" checked=\"checked\" \/><span class=\"wpcf7-list-item-label\">Ok\u00e4nt \/ Unknown<\/span><\/label><\/span><span class=\"wpcf7-list-item\"><label><input type=\"radio\" name=\"reactionstop\" value=\"Nej \/ No\" \/><span class=\"wpcf7-list-item-label\">Nej \/ No<\/span><\/label><\/span><span class=\"wpcf7-list-item\"><label><input type=\"radio\" name=\"reactionstop\" value=\"Ja \/ Yes\" \/><span class=\"wpcf7-list-item-label\">Ja \/ Yes<\/span><\/label><\/span><span class=\"wpcf7-list-item last\"><label><input type=\"radio\" name=\"reactionstop\" value=\"Ej utsatt \/ Not withdrawn\" \/><span class=\"wpcf7-list-item-label\">Ej utsatt \/ Not withdrawn<\/span><\/label><\/span><\/span><\/span><\/div><\/div>\n\n<div class=\"uacf7-row\"><div class=\"uacf7-col-12\">\u00c5terkom reaktionen vid \u00e5terins\u00e4ttning? \/ Did the reaction recur at re-challenge? <span class=\"wpcf7-form-control-wrap\" data-name=\"reactionrecur\"><span class=\"wpcf7-form-control wpcf7-radio\"><span class=\"wpcf7-list-item first\"><label><input type=\"radio\" name=\"reactionrecur\" value=\"Ok\u00e4nt \/ Unknown\" checked=\"checked\" \/><span class=\"wpcf7-list-item-label\">Ok\u00e4nt \/ Unknown<\/span><\/label><\/span><span class=\"wpcf7-list-item\"><label><input type=\"radio\" name=\"reactionrecur\" value=\"Nej \/ No\" \/><span class=\"wpcf7-list-item-label\">Nej \/ No<\/span><\/label><\/span><span class=\"wpcf7-list-item\"><label><input type=\"radio\" name=\"reactionrecur\" value=\"Ja \/ Yes\" \/><span class=\"wpcf7-list-item-label\">Ja \/ Yes<\/span><\/label><\/span><span class=\"wpcf7-list-item last\"><label><input type=\"radio\" name=\"reactionrecur\" value=\"Ej \u00e5terinsatt \/ No re-challenge was performed\" \/><span class=\"wpcf7-list-item-label\">Ej \u00e5terinsatt \/ No re-challenge was performed<\/span><\/label><\/span><\/span><\/span><\/div><\/div>\n\n<div class=\"uacf7-row\">\n<div class=\"uacf7-col-6\"> Har patienten tillfrisknat? \/ Has the patient recovered? <span class=\"wpcf7-form-control-wrap\" data-name=\"patrecovered\"><span class=\"wpcf7-form-control wpcf7-radio\"><span class=\"wpcf7-list-item first\"><label><input type=\"radio\" name=\"patrecovered\" value=\"Nej \/ No\" checked=\"checked\" \/><span class=\"wpcf7-list-item-label\">Nej \/ No<\/span><\/label><\/span><span class=\"wpcf7-list-item last\"><label><input type=\"radio\" name=\"patrecovered\" value=\"Ja \/ Yes\" \/><span class=\"wpcf7-list-item-label\">Ja \/ Yes<\/span><\/label><\/span><\/span><\/span> <\/div>\n<div class=\"uacf7-col-6\"> <strong>Anser rapport\u00f6ren att h\u00e4ndelsen \u00e4r relaterad till l\u00e4kemedlet? \/ Is it the opinion of the reporter that the event is related to the drug?<\/strong> <span class=\"wpcf7-form-control-wrap\" data-name=\"drugrelated\"><span class=\"wpcf7-form-control wpcf7-radio\"><span class=\"wpcf7-list-item first\"><label><input type=\"radio\" name=\"drugrelated\" value=\"Nej \/ No\" checked=\"checked\" \/><span class=\"wpcf7-list-item-label\">Nej \/ No<\/span><\/label><\/span><span class=\"wpcf7-list-item last\"><label><input type=\"radio\" name=\"drugrelated\" value=\"Ja \/ Yes\" \/><span class=\"wpcf7-list-item-label\">Ja \/ Yes<\/span><\/label><\/span><\/span><\/span> <\/div>\n<\/div>\n\n<span class=\"wpcf7-form-control-wrap\" data-name=\"checkbox-167\"><span class=\"wpcf7-form-control wpcf7-checkbox wpcf7-validates-as-required\"><span class=\"wpcf7-list-item first last\"><input type=\"checkbox\" name=\"checkbox-167[]\" value=\"\" \/><span class=\"wpcf7-list-item-label\"><\/span><\/span><\/span><\/span> Jag har l\u00e4st och tagit del av <a href=\"https:\/\/www.campuspharma.se\/personuppgiftspolicy\/\">Campuspharma\u00b4s personuppgiftspolicy<\/a> \/<br \/>I have read and understood <a href=\"https:\/\/www.campuspharma.se\/personuppgiftspolicy\/\">Campuspharma's privacy policy.<\/a>\n<br \/>\n\n\n\n<input class=\"wpcf7-form-control wpcf7-submit has-spinner\" type=\"submit\" value=\"Skicka \/ Submit\" \/><\/div><div class=\"wpcf7-response-output\" aria-hidden=\"true\"><\/div>\n<\/form>\n<\/div>\n\n\n\n\n<p class=\"wp-block-paragraph\">&nbsp;<\/p>\n\n\n\n<p class=\"wp-block-paragraph\"><\/p>\n","protected":false},"excerpt":{"rendered":"<p>&nbsp;<\/p>\n","protected":false},"author":2,"featured_media":0,"parent":0,"menu_order":0,"comment_status":"closed","ping_status":"closed","template":"","meta":{"_acf_changed":false,"_crdt_document":"","footnotes":""},"class_list":["post-27178","page","type-page","status-publish","hentry"],"acf":[],"yoast_head":"<!-- This site is optimized with the Yoast SEO plugin v27.3 - https:\/\/yoast.com\/product\/yoast-seo-wordpress\/ -->\n<title>Haittavaikutuksista ilmoittaminen - CampusPharma<\/title>\n<meta name=\"description\" content=\"&nbsp;\" \/>\n<meta name=\"robots\" content=\"index, follow, max-snippet:-1, max-image-preview:large, max-video-preview:-1\" \/>\n<link rel=\"canonical\" href=\"https:\/\/www.campuspharma.se\/fi\/haittavaikutuksista-ilmoittaminen\/\" \/>\n<meta property=\"og:locale\" content=\"fi_FI\" \/>\n<meta property=\"og:type\" content=\"article\" \/>\n<meta property=\"og:title\" content=\"Haittavaikutuksista ilmoittaminen - CampusPharma\" \/>\n<meta property=\"og:description\" content=\"&nbsp;\" \/>\n<meta property=\"og:url\" content=\"https:\/\/www.campuspharma.se\/fi\/haittavaikutuksista-ilmoittaminen\/\" \/>\n<meta property=\"og:site_name\" content=\"CampusPharma\" \/>\n<meta property=\"article:modified_time\" content=\"2025-10-28T12:39:24+00:00\" \/>\n<meta name=\"twitter:card\" content=\"summary_large_image\" \/>\n<meta name=\"twitter:label1\" content=\"Arvioitu lukuaika\" \/>\n\t<meta name=\"twitter:data1\" content=\"1 minuutti\" \/>\n<script type=\"application\/ld+json\" class=\"yoast-schema-graph\">{\"@context\":\"https:\\\/\\\/schema.org\",\"@graph\":[{\"@type\":\"WebPage\",\"@id\":\"https:\\\/\\\/www.campuspharma.se\\\/fi\\\/haittavaikutuksista-ilmoittaminen\\\/\",\"url\":\"https:\\\/\\\/www.campuspharma.se\\\/fi\\\/haittavaikutuksista-ilmoittaminen\\\/\",\"name\":\"Haittavaikutuksista ilmoittaminen - CampusPharma\",\"isPartOf\":{\"@id\":\"https:\\\/\\\/www.campuspharma.se\\\/#website\"},\"datePublished\":\"2025-10-28T10:55:39+00:00\",\"dateModified\":\"2025-10-28T12:39:24+00:00\",\"description\":\"&nbsp;\",\"inLanguage\":\"fi\",\"potentialAction\":[{\"@type\":\"ReadAction\",\"target\":[\"https:\\\/\\\/www.campuspharma.se\\\/fi\\\/haittavaikutuksista-ilmoittaminen\\\/\"]}]},{\"@type\":\"WebSite\",\"@id\":\"https:\\\/\\\/www.campuspharma.se\\\/#website\",\"url\":\"https:\\\/\\\/www.campuspharma.se\\\/\",\"name\":\"CampusPharma\",\"description\":\"\",\"publisher\":{\"@id\":\"https:\\\/\\\/www.campuspharma.se\\\/#organization\"},\"potentialAction\":[{\"@type\":\"SearchAction\",\"target\":{\"@type\":\"EntryPoint\",\"urlTemplate\":\"https:\\\/\\\/www.campuspharma.se\\\/?s={search_term_string}\"},\"query-input\":{\"@type\":\"PropertyValueSpecification\",\"valueRequired\":true,\"valueName\":\"search_term_string\"}}],\"inLanguage\":\"fi\"},{\"@type\":\"Organization\",\"@id\":\"https:\\\/\\\/www.campuspharma.se\\\/#organization\",\"name\":\"CampusPharma\",\"url\":\"https:\\\/\\\/www.campuspharma.se\\\/\",\"logo\":{\"@type\":\"ImageObject\",\"inLanguage\":\"fi\",\"@id\":\"https:\\\/\\\/www.campuspharma.se\\\/#\\\/schema\\\/logo\\\/image\\\/\",\"url\":\"https:\\\/\\\/www.campuspharma.se\\\/wp-content\\\/uploads\\\/2016\\\/12\\\/logo-cp-klaR-kopia-e1490769756684.png\",\"contentUrl\":\"https:\\\/\\\/www.campuspharma.se\\\/wp-content\\\/uploads\\\/2016\\\/12\\\/logo-cp-klaR-kopia-e1490769756684.png\",\"width\":160,\"height\":98,\"caption\":\"CampusPharma\"},\"image\":{\"@id\":\"https:\\\/\\\/www.campuspharma.se\\\/#\\\/schema\\\/logo\\\/image\\\/\"}}]}<\/script>\n<!-- \/ Yoast SEO plugin. -->","yoast_head_json":{"title":"Haittavaikutuksista ilmoittaminen - CampusPharma","description":"&nbsp;","robots":{"index":"index","follow":"follow","max-snippet":"max-snippet:-1","max-image-preview":"max-image-preview:large","max-video-preview":"max-video-preview:-1"},"canonical":"https:\/\/www.campuspharma.se\/fi\/haittavaikutuksista-ilmoittaminen\/","og_locale":"fi_FI","og_type":"article","og_title":"Haittavaikutuksista ilmoittaminen - CampusPharma","og_description":"&nbsp;","og_url":"https:\/\/www.campuspharma.se\/fi\/haittavaikutuksista-ilmoittaminen\/","og_site_name":"CampusPharma","article_modified_time":"2025-10-28T12:39:24+00:00","twitter_card":"summary_large_image","twitter_misc":{"Arvioitu lukuaika":"1 minuutti"},"schema":{"@context":"https:\/\/schema.org","@graph":[{"@type":"WebPage","@id":"https:\/\/www.campuspharma.se\/fi\/haittavaikutuksista-ilmoittaminen\/","url":"https:\/\/www.campuspharma.se\/fi\/haittavaikutuksista-ilmoittaminen\/","name":"Haittavaikutuksista ilmoittaminen - CampusPharma","isPartOf":{"@id":"https:\/\/www.campuspharma.se\/#website"},"datePublished":"2025-10-28T10:55:39+00:00","dateModified":"2025-10-28T12:39:24+00:00","description":"&nbsp;","inLanguage":"fi","potentialAction":[{"@type":"ReadAction","target":["https:\/\/www.campuspharma.se\/fi\/haittavaikutuksista-ilmoittaminen\/"]}]},{"@type":"WebSite","@id":"https:\/\/www.campuspharma.se\/#website","url":"https:\/\/www.campuspharma.se\/","name":"CampusPharma","description":"","publisher":{"@id":"https:\/\/www.campuspharma.se\/#organization"},"potentialAction":[{"@type":"SearchAction","target":{"@type":"EntryPoint","urlTemplate":"https:\/\/www.campuspharma.se\/?s={search_term_string}"},"query-input":{"@type":"PropertyValueSpecification","valueRequired":true,"valueName":"search_term_string"}}],"inLanguage":"fi"},{"@type":"Organization","@id":"https:\/\/www.campuspharma.se\/#organization","name":"CampusPharma","url":"https:\/\/www.campuspharma.se\/","logo":{"@type":"ImageObject","inLanguage":"fi","@id":"https:\/\/www.campuspharma.se\/#\/schema\/logo\/image\/","url":"https:\/\/www.campuspharma.se\/wp-content\/uploads\/2016\/12\/logo-cp-klaR-kopia-e1490769756684.png","contentUrl":"https:\/\/www.campuspharma.se\/wp-content\/uploads\/2016\/12\/logo-cp-klaR-kopia-e1490769756684.png","width":160,"height":98,"caption":"CampusPharma"},"image":{"@id":"https:\/\/www.campuspharma.se\/#\/schema\/logo\/image\/"}}]}},"_links":{"self":[{"href":"https:\/\/www.campuspharma.se\/fi\/wp-json\/wp\/v2\/pages\/27178","targetHints":{"allow":["GET"]}}],"collection":[{"href":"https:\/\/www.campuspharma.se\/fi\/wp-json\/wp\/v2\/pages"}],"about":[{"href":"https:\/\/www.campuspharma.se\/fi\/wp-json\/wp\/v2\/types\/page"}],"author":[{"embeddable":true,"href":"https:\/\/www.campuspharma.se\/fi\/wp-json\/wp\/v2\/users\/2"}],"replies":[{"embeddable":true,"href":"https:\/\/www.campuspharma.se\/fi\/wp-json\/wp\/v2\/comments?post=27178"}],"version-history":[{"count":7,"href":"https:\/\/www.campuspharma.se\/fi\/wp-json\/wp\/v2\/pages\/27178\/revisions"}],"predecessor-version":[{"id":27198,"href":"https:\/\/www.campuspharma.se\/fi\/wp-json\/wp\/v2\/pages\/27178\/revisions\/27198"}],"wp:attachment":[{"href":"https:\/\/www.campuspharma.se\/fi\/wp-json\/wp\/v2\/media?parent=27178"}],"curies":[{"name":"wp","href":"https:\/\/api.w.org\/{rel}","templated":true}]}}