{"id":26386,"date":"2025-09-09T14:02:02","date_gmt":"2025-09-09T12:02:02","guid":{"rendered":"https:\/\/www.campuspharma.se\/?page_id=26386"},"modified":"2025-09-09T14:02:03","modified_gmt":"2025-09-09T12:02:03","slug":"tietosuojakaytanto-laaketurvatoiminnassa","status":"publish","type":"page","link":"https:\/\/www.campuspharma.se\/fi\/tietosuojakaytanto-laaketurvatoiminnassa\/","title":{"rendered":"Tietosuojak\u00e4yt\u00e4nt\u00f6 l\u00e4\u00e4keturvatoiminnassa"},"content":{"rendered":"\n<h1 class=\"wp-block-heading\">Tietosuojak\u00e4yt\u00e4nt\u00f6 l\u00e4\u00e4keturvatoiminnassa<\/h1>\n\n\n\n<p class=\"wp-block-paragraph\">T\u00e4m\u00e4 l\u00e4\u00e4keturvatoimintatietojen tietosuojak\u00e4yt\u00e4nt\u00f6 kuvaa, miten ker\u00e4\u00e4mme ja k\u00e4yt\u00e4mme henkil\u00f6tietoja t\u00e4ytt\u00e4\u00e4ksemme velvollisuutemme valvoa kaikkien Campuspharma AB:n markkinoilla olevien l\u00e4\u00e4kkeiden turvallisuutta, joka tunnetaan my\u00f6s l\u00e4\u00e4keturvatoimintavelvoitteena. T\u00e4m\u00e4 l\u00e4\u00e4keturvatoimintatietojen tietosuojak\u00e4yt\u00e4nt\u00f6 kuvaa my\u00f6s, miten t\u00e4yt\u00e4mme sitoumuksemme sovellettavaan kansalliseen ja eurooppalaiseen tietosuojalains\u00e4\u00e4d\u00e4nt\u00f6\u00f6n. Tietoja siit\u00e4, miten muuten k\u00e4sittelemme henkil\u00f6tietoja, on tietosuojak\u00e4yt\u00e4nn\u00f6ss\u00e4mme <a href=\"https:\/\/www.campuspharma.se\/fi\/tietosuojaseloste\/\">t\u00e4\u00e4ll\u00e4<\/a>.<\/p>\n\n\n\n<h3 class=\"wp-block-heading\">Miksi ker\u00e4\u00e4mme tietoja sinusta?<\/h3>\n\n\n\n<p class=\"wp-block-paragraph\">Turvallisuuden seurantaa (l\u00e4\u00e4keturvatoimintaa) varten Campuspharma AB:ll\u00e4 on lakis\u00e4\u00e4teinen velvollisuus ker\u00e4t\u00e4 tiettyj\u00e4 henkil\u00f6tietoja henkil\u00f6ist\u00e4, jotka k\u00e4ytt\u00e4v\u00e4t Campuspharman markkinoimia tuotteita.<\/p>\n\n\n\n<p class=\"wp-block-paragraph\">Kun sin\u00e4, l\u00e4\u00e4k\u00e4risi tai kolmas osapuoli annat Campuspharma AB:lle tietoja Campuspharma AB:n markkinoimien tuotteiden k\u00e4yt\u00f6n yhteydess\u00e4 kokemasta haittavaikutuksesta (sivuvaikutuksesta), ker\u00e4\u00e4mme ja k\u00e4sittelemme henkil\u00f6tietoja tarvittaessa dokumentoidaksemme haittavaikutuksen asianmukaisesti ja t\u00e4ytt\u00e4\u00e4ksemme l\u00e4\u00e4keturvatoimintaan liittyv\u00e4t velvoitteemme. N\u00e4m\u00e4 velvoitteet ovat olemassa, jotta Campuspharma AB ja s\u00e4\u00e4ntelyviranomaiset voivat hallita haittavaikutuksia ja pyrki\u00e4 ehk\u00e4isem\u00e4\u00e4n vastaavia tapahtumia tulevaisuudessa.<\/p>\n\n\n\n<h3 class=\"wp-block-heading\">Mit\u00e4 tietoja ker\u00e4\u00e4mme sinusta?<\/h3>\n\n\n\n<p class=\"wp-block-paragraph\">Henkil\u00f6tiedot, joita voimme ker\u00e4t\u00e4 sinusta, kun olet kokenut haittavaikutuksen:<\/p>\n\n\n\n<ul class=\"wp-block-list\">\n<li>nimi ja\/tai nimikirjaimet<\/li>\n\n\n\n<li>ik\u00e4 ja syntym\u00e4aika<\/li>\n\n\n\n<li>seksi\u00e4<\/li>\n\n\n\n<li>paino ja pituus<\/li>\n\n\n\n<li>tiedot tuotteesta, joka aiheutti sivuvaikutuksen<\/li>\n\n\n\n<li>syy, miksi olet ottanut tai sinulle on m\u00e4\u00e4r\u00e4tty tuotetta<\/li>\n\n\n\n<li>tiedot muista l\u00e4\u00e4kkeist\u00e4 tai tuotteista, joita k\u00e4yt\u00e4t tai k\u00e4ytit sivuvaikutuksen aikana<\/li>\n\n\n\n<li>syy, miksi olet k\u00e4ytt\u00e4nyt muita l\u00e4\u00e4kkeit\u00e4, ja mahdolliset my\u00f6hemm\u00e4t muutokset l\u00e4\u00e4kkeiden k\u00e4yt\u00f6ss\u00e4si<\/li>\n\n\n\n<li>tiedot kokemastasi sivuvaikutuksesta, saamastasi hoidosta ja sivuvaikutuksen pitk\u00e4aikaisvaikutuksista terveyteesi<\/li>\n\n\n\n<li>asiaankuuluva sairaushistoria, mukaan lukien asiakirjat, kuten laboratoriotulokset<\/li>\n<\/ul>\n\n\n\n<p class=\"wp-block-paragraph\">Henkil\u00f6tiedot, joita voimme ker\u00e4t\u00e4 sinusta, kun ilmoitat haittavaikutuksesta:<\/p>\n\n\n\n<ul class=\"wp-block-list\">\n<li>nimi<\/li>\n\n\n\n<li>yhteystiedot (jotka voivat sis\u00e4lt\u00e4\u00e4 osoitteesi, s\u00e4hk\u00f6postiosoitteesi, puhelinnumerosi tai faksinumerosi)<\/li>\n\n\n\n<li>ammatti (t\u00e4m\u00e4 tieto voi vaikuttaa siihen, mit\u00e4 kysymyksi\u00e4 sinulta kysyt\u00e4\u00e4n sivuvaikutuksesta)<\/li>\n\n\n\n<li>suhde raportissa mainittuun henkil\u00f6\u00f6n<\/li>\n\n\n\n<li>Jos olet raportissa mainittu henkil\u00f6, n\u00e4m\u00e4 tiedot yhdistet\u00e4\u00e4n antamiisi tietoihin haittavaikutuksen yhteydess\u00e4. Ker\u00e4\u00e4mme vain v\u00e4himm\u00e4istiedot, jotka ovat tarpeen l\u00e4\u00e4keturvatoimintavelvoitteidemme t\u00e4ytt\u00e4miseksi.<\/li>\n<\/ul>\n\n\n\n<h3 class=\"wp-block-heading\">Mihin k\u00e4yt\u00e4mme tietoja?<\/h3>\n\n\n\n<p class=\"wp-block-paragraph\">L\u00e4\u00e4keturvatoimintaa koskevat lait edellytt\u00e4v\u00e4t meit\u00e4 ker\u00e4\u00e4m\u00e4\u00e4n tietoa tuotteidemme turvallisuudesta. T\u00e4m\u00e4n vuoksi meid\u00e4n on s\u00e4ilytett\u00e4v\u00e4 riitt\u00e4v\u00e4sti tietoa, jotta voimme tutkia sivuvaikutuksia ja pyyt\u00e4\u00e4 lis\u00e4tietoja. Vertaamme sivuvaikutusta koskevia tietoja Campuspharma AB:n saamiin tietoihin muista sivuvaikutuksista voidaksemme analysoida ja arvioida asianmukaisesti tuotteen\/tuotteiden turvallisuutta ajan kuluessa ja p\u00e4ivitt\u00e4\u00e4 potilaiden, l\u00e4\u00e4kkeiden m\u00e4\u00e4r\u00e4\u00e4jien ja s\u00e4\u00e4ntelyviranomaisten saatavilla olevia turvallisuustietoja. T\u00e4t\u00e4 varten s\u00e4ilyt\u00e4mme tietoja sovellettavan lain salliman ajan.<\/p>\n\n\n\n<p class=\"wp-block-paragraph\">Campuspharma AB k\u00e4ytt\u00e4\u00e4 l\u00e4\u00e4keturvatoimintaa varten ker\u00e4ttyj\u00e4 henkil\u00f6tietoja ainoastaan \u200b\u200bt\u00e4h\u00e4n tarkoitukseen eik\u00e4 s\u00e4ilyt\u00e4 tai k\u00e4sittele n\u00e4it\u00e4 tietoja mihink\u00e4\u00e4n muuhun tarkoitukseen.<\/p>\n\n\n\n<h3 class=\"wp-block-heading\">Tarvitseeko sinun antaa suostumuksesi?<\/h3>\n\n\n\n<p class=\"wp-block-paragraph\">Campuspharma AB on sitoutunut varmistamaan, ett\u00e4 asianmukainen suostumus hankitaan ennen henkil\u00f6tietojen tai arkaluonteisten tietojen ker\u00e4\u00e4mist\u00e4 tai k\u00e4sittely\u00e4. Kansanterveydellisist\u00e4 syist\u00e4 ja l\u00e4\u00e4keturvatoimintavelvoitteiden t\u00e4ytt\u00e4miseksi ker\u00e4ttyihin ja k\u00e4sitelt\u00e4viin tietoihin ei kuitenkaan sovelleta samoja suostumusvaatimuksia kuin muihin aloihin. Siksi suostumusta ei vaadita.<\/p>\n\n\n\n<h3 class=\"wp-block-heading\">Kenen kanssa jaamme tietoja?<\/h3>\n\n\n\n<p class=\"wp-block-paragraph\">Jaamme tietoja Ruotsin l\u00e4\u00e4keviraston ja vastaavien EU\/ETA-alueen sek\u00e4 muiden maiden s\u00e4\u00e4ntelyviranomaisten kanssa niiden maiden kansallisten l\u00e4\u00e4keturvatoimintaa koskevien lakien mukaisesti, joissa markkinoimme tuotteitamme.<\/p>\n\n\n\n<p class=\"wp-block-paragraph\">Voimme my\u00f6s jakaa tietoja muiden l\u00e4\u00e4keyhti\u00f6iden kanssa, jotka ovat yhteisty\u00f6kumppaneitamme esimerkiksi markkinoinnissa tai jakelussa, jos tuotteen l\u00e4\u00e4keturvatoimintaan liittyv\u00e4t velvoitteet edellytt\u00e4v\u00e4t t\u00e4llaista tiedonvaihtoa. T\u00e4m\u00e4 tarkoittaa, ett\u00e4 tietojasi voidaan jakaa maasi ulkopuolelle maihin, joilla voi olla erilaiset tietosuojavaatimukset.<\/p>\n\n\n\n<p class=\"wp-block-paragraph\">Saatamme julkaista tietoa tuotteidemme turvallisuudesta. Poistamme henkil\u00f6llisyystodistukset kaikista julkaisuista, jotta ket\u00e4\u00e4n ei voida tunnistaa.<\/p>\n\n\n\n<p class=\"wp-block-paragraph\">Voimme my\u00f6s siirt\u00e4\u00e4 tietoja kolmannelle osapuolelle liiketoiminnan, tietyn tuotteen tai terapia-alueen myynnin, siirron, siirron tai hankinnan yhteydess\u00e4, jolloin edellyt\u00e4mme ostajalta, lisenssinhaltijalta tai luovuttajalta henkil\u00f6tietojen k\u00e4sittely\u00e4 sovellettavan tietosuojalains\u00e4\u00e4d\u00e4nn\u00f6n mukaisesti.<\/p>\n\n\n\n<h3 class=\"wp-block-heading\">Minne tiedot arkistoidaan ja siirret\u00e4\u00e4nk\u00f6 ne toiseen maahan?<\/h3>\n\n\n\n<p class=\"wp-block-paragraph\">L\u00e4\u00e4keturvatoimintavelvoitteemme edellytt\u00e4v\u00e4t, ett\u00e4 tarkistamme haittavaikutusilmoitukset kaikista maista, joissa markkinoimme tuotteitamme, mahdollisten k\u00e4yt\u00e4nt\u00f6jen tunnistamiseksi. Campuspharmalle toimitetut henkil\u00f6tiedot tallennetaan paikallisesti Campuspharman tietoturvatietokantaan. Palvelimet omistaa ja yll\u00e4pit\u00e4\u00e4 Campuspharma AB, jonka p\u00e4\u00e4konttori sijaitsee osoitteessa Karl Gustavsgatan 1, 411 25 G\u00f6teborg, Ruotsi. Toiseen maahan siirrett\u00e4ess\u00e4 tiedot sis\u00e4llytet\u00e4\u00e4n vain vaaditut v\u00e4himm\u00e4istiedot. Kaikki potilaiden ja ilmoittajien nimet ja yhteystiedot anonymisoidaan, mik\u00e4 tarkoittaa, ett\u00e4 reaktiota ja potilaan terveydentilaa koskevien tietojen lis\u00e4ksi siirret\u00e4\u00e4n vain ik\u00e4\u00e4\/ik\u00e4ryhm\u00e4\u00e4, syntym\u00e4aikaa ja sukupuolta koskevat tiedot.<\/p>\n\n\n\n<h3 class=\"wp-block-heading\">Miten varmistamme henkil\u00f6tietojesi turvallisuuden ja suojan?<\/h3>\n\n\n\n<p class=\"wp-block-paragraph\">Campuspharma AB toteuttaa kaikki k\u00e4ytett\u00e4viss\u00e4 olevat ja asianmukaiset toimenpiteet suojatakseen henkil\u00f6tietoja vahingossa tapahtuvalta katoamiselta ja luvattomalta p\u00e4\u00e4sylt\u00e4, k\u00e4yt\u00f6lt\u00e4, muuttamiselta tai paljastamiselta. Lis\u00e4ksi toteutamme lis\u00e4suojatoimia, kuten p\u00e4\u00e4synvalvontaa, tiukkaa fyysist\u00e4 turvallisuutta sek\u00e4 turvallista tietojen ker\u00e4\u00e4mist\u00e4, tallentamista ja k\u00e4sittely\u00e4. Lis\u00e4tietoja siit\u00e4, miten suojaamme tietojasi, on tietosuojak\u00e4yt\u00e4nn\u00f6ss\u00e4mme <a href=\"https:\/\/www.campuspharma.se\/fi\/tietosuojaseloste\/\">t\u00e4\u00e4ll\u00e4<\/a>.<\/p>\n\n\n\n<h3 class=\"wp-block-heading\">Mitk\u00e4 ovat oikeutesi?<\/h3>\n\n\n\n<p class=\"wp-block-paragraph\">Campuspharma AB kunnioittaa tietosuojalain mukaisia \u200b\u200boikeuksiasi, jos turvallisuusvalvontaa koskeva lains\u00e4\u00e4d\u00e4nt\u00f6 sen sallii. Oikeutesi ovat seuraavat:<\/p>\n\n\n\n<ul class=\"wp-block-list\">\n<li>Oikeus saada p\u00e4\u00e4sy tietoihin ja korjata ne: Sinulla on oikeus pyyt\u00e4\u00e4 kopio hallussamme olevista sinua koskevista tiedoista sek\u00e4 oikeus pyyt\u00e4\u00e4 niiden korjaamista, jos tiedot ovat virheellisi\u00e4. Saatamme pyyt\u00e4\u00e4 sinua esitt\u00e4m\u00e4\u00e4n asianmukaisen henkil\u00f6llisyystodistuksen ennen kuin noudatamme pyynt\u00f6\u00e4 saada p\u00e4\u00e4sy tietoihin tai korjata niit\u00e4.<\/li>\n\n\n\n<li>Oikeus tietojen poistamiseen ja k\u00e4sittelyn rajoittamiseen: Lakis\u00e4\u00e4teisist\u00e4 syist\u00e4 emme voi poistaa haittavaikutusraportin osana ker\u00e4ttyj\u00e4 ja k\u00e4siteltyj\u00e4 tietoja, elleiv\u00e4t ne ole virheellisi\u00e4. Sinulla voi kuitenkin olla oikeus rajoittaa henkil\u00f6tietojesi k\u00e4sittely\u00e4, esimerkiksi jos uskot tietojen olevan virheellisi\u00e4.<\/li>\n\n\n\n<li>Oikeus tietojen siirrett\u00e4vyyteen: Sinulla on oikeus pyyt\u00e4\u00e4 meit\u00e4 siirt\u00e4m\u00e4\u00e4n sinua koskevat henkil\u00f6tiedot toiselle osapuolelle, ellei t\u00e4m\u00e4 ole yleisen edun vastaista.<\/li>\n\n\n\n<li>Vastustamisoikeus: Koska haittavaikutusraportin osana ker\u00e4ttyj\u00e4 tietoja k\u00e4sitell\u00e4\u00e4n kansanterveydellisist\u00e4 syist\u00e4 ja eduista, et voi vastustaa tietojen k\u00e4ytt\u00f6\u00e4.<\/li>\n<\/ul>\n\n\n\n<p class=\"wp-block-paragraph\">Jos haluat p\u00e4ivitt\u00e4\u00e4, korjata tai poistaa sinua koskevia tietoja tai k\u00e4ytt\u00e4\u00e4 edell\u00e4 mainittuja oikeuksiasi, ota meihin yhteytt\u00e4 alla lueteltujen kanavien kautta. Sinulla on my\u00f6s oikeus tehd\u00e4 valitus Ruotsin tietosuojavaltuutetulle.<\/p>\n\n\n\n<h3 class=\"wp-block-heading\">Lis\u00e4ykset ja muutokset<\/h3>\n\n\n\n<p class=\"wp-block-paragraph\">Saatamme tehd\u00e4 lis\u00e4yksi\u00e4 tai muutoksia t\u00e4h\u00e4n tietosuojak\u00e4yt\u00e4nt\u00f6\u00f6n. Jos teemme niin, julkaisemme p\u00e4ivitetyn k\u00e4yt\u00e4nn\u00f6n verkkosivustollamme. Jos teemme niin, pyyd\u00e4mme sinua lukemaan p\u00e4ivitetyn tietosuojak\u00e4yt\u00e4nn\u00f6n huolellisesti.<\/p>\n\n\n\n<h3 class=\"wp-block-heading\">Keneen sinun pit\u00e4isi ottaa yhteytt\u00e4?<\/h3>\n\n\n\n<p class=\"wp-block-paragraph\">Jos sinulla on kysytt\u00e4v\u00e4\u00e4 sinua koskevista tiedoistamme tai siit\u00e4, miten voit k\u00e4ytt\u00e4\u00e4 oikeuksiasi rekister\u00f6ityn\u00e4, tai jos sinulla on muita tietosuojaan liittyvi\u00e4 kysymyksi\u00e4, ota yhteytt\u00e4 Campuspharmaan osoitteessa <a href=\"mailto:info@campuspharma.se\">info@campuspharma.se<\/a> tai yll\u00e4 annettuun postiosoitteeseen.<\/p>\n\n\n\n<p class=\"wp-block-paragraph\"><small>T\u00e4m\u00e4 tietosuojak\u00e4yt\u00e4nt\u00f6 on voimassa 1. kes\u00e4kuuta 2020 alkaen.<\/small><\/p>\n","protected":false},"excerpt":{"rendered":"<p>Tietosuojak\u00e4yt\u00e4nt\u00f6 l\u00e4\u00e4keturvatoiminnassa T\u00e4m\u00e4 l\u00e4\u00e4keturvatoimintatietojen tietosuojak\u00e4yt\u00e4nt\u00f6 kuvaa, miten ker\u00e4\u00e4mme ja k\u00e4yt\u00e4mme henkil\u00f6tietoja t\u00e4ytt\u00e4\u00e4ksemme velvollisuutemme valvoa kaikkien<\/p>\n","protected":false},"author":2,"featured_media":0,"parent":0,"menu_order":0,"comment_status":"closed","ping_status":"closed","template":"","meta":{"_acf_changed":false,"_crdt_document":"","footnotes":""},"class_list":["post-26386","page","type-page","status-publish","hentry"],"acf":[],"yoast_head":"<!-- This site is optimized with the Yoast SEO plugin v27.3 - https:\/\/yoast.com\/product\/yoast-seo-wordpress\/ -->\n<title>Tietosuojak\u00e4yt\u00e4nt\u00f6 l\u00e4\u00e4keturvatoiminnassa - CampusPharma<\/title>\n<meta name=\"description\" content=\"Tietosuojak\u00e4yt\u00e4nt\u00f6 l\u00e4\u00e4keturvatoiminnassa T\u00e4m\u00e4 l\u00e4\u00e4keturvatoimintatietojen tietosuojak\u00e4yt\u00e4nt\u00f6 kuvaa, miten ker\u00e4\u00e4mme ja k\u00e4yt\u00e4mme henkil\u00f6tietoja t\u00e4ytt\u00e4\u00e4ksemme\" \/>\n<meta name=\"robots\" content=\"index, follow, max-snippet:-1, max-image-preview:large, max-video-preview:-1\" \/>\n<link rel=\"canonical\" href=\"https:\/\/www.campuspharma.se\/fi\/tietosuojakaytanto-laaketurvatoiminnassa\/\" \/>\n<meta property=\"og:locale\" content=\"fi_FI\" \/>\n<meta property=\"og:type\" content=\"article\" \/>\n<meta property=\"og:title\" content=\"Tietosuojak\u00e4yt\u00e4nt\u00f6 l\u00e4\u00e4keturvatoiminnassa - CampusPharma\" \/>\n<meta property=\"og:description\" content=\"Tietosuojak\u00e4yt\u00e4nt\u00f6 l\u00e4\u00e4keturvatoiminnassa T\u00e4m\u00e4 l\u00e4\u00e4keturvatoimintatietojen tietosuojak\u00e4yt\u00e4nt\u00f6 kuvaa, miten ker\u00e4\u00e4mme ja k\u00e4yt\u00e4mme henkil\u00f6tietoja t\u00e4ytt\u00e4\u00e4ksemme\" \/>\n<meta property=\"og:url\" content=\"https:\/\/www.campuspharma.se\/fi\/tietosuojakaytanto-laaketurvatoiminnassa\/\" \/>\n<meta property=\"og:site_name\" content=\"CampusPharma\" \/>\n<meta property=\"article:modified_time\" content=\"2025-09-09T12:02:03+00:00\" \/>\n<meta name=\"twitter:card\" content=\"summary_large_image\" \/>\n<meta name=\"twitter:label1\" content=\"Arvioitu lukuaika\" \/>\n\t<meta name=\"twitter:data1\" content=\"5 minuuttia\" \/>\n<script type=\"application\/ld+json\" class=\"yoast-schema-graph\">{\"@context\":\"https:\\\/\\\/schema.org\",\"@graph\":[{\"@type\":\"WebPage\",\"@id\":\"https:\\\/\\\/www.campuspharma.se\\\/fi\\\/tietosuojakaytanto-laaketurvatoiminnassa\\\/\",\"url\":\"https:\\\/\\\/www.campuspharma.se\\\/fi\\\/tietosuojakaytanto-laaketurvatoiminnassa\\\/\",\"name\":\"Tietosuojak\u00e4yt\u00e4nt\u00f6 l\u00e4\u00e4keturvatoiminnassa - CampusPharma\",\"isPartOf\":{\"@id\":\"https:\\\/\\\/www.campuspharma.se\\\/#website\"},\"datePublished\":\"2025-09-09T12:02:02+00:00\",\"dateModified\":\"2025-09-09T12:02:03+00:00\",\"description\":\"Tietosuojak\u00e4yt\u00e4nt\u00f6 l\u00e4\u00e4keturvatoiminnassa T\u00e4m\u00e4 l\u00e4\u00e4keturvatoimintatietojen tietosuojak\u00e4yt\u00e4nt\u00f6 kuvaa, miten ker\u00e4\u00e4mme ja k\u00e4yt\u00e4mme henkil\u00f6tietoja t\u00e4ytt\u00e4\u00e4ksemme\",\"inLanguage\":\"fi\",\"potentialAction\":[{\"@type\":\"ReadAction\",\"target\":[\"https:\\\/\\\/www.campuspharma.se\\\/fi\\\/tietosuojakaytanto-laaketurvatoiminnassa\\\/\"]}]},{\"@type\":\"WebSite\",\"@id\":\"https:\\\/\\\/www.campuspharma.se\\\/#website\",\"url\":\"https:\\\/\\\/www.campuspharma.se\\\/\",\"name\":\"CampusPharma\",\"description\":\"\",\"publisher\":{\"@id\":\"https:\\\/\\\/www.campuspharma.se\\\/#organization\"},\"potentialAction\":[{\"@type\":\"SearchAction\",\"target\":{\"@type\":\"EntryPoint\",\"urlTemplate\":\"https:\\\/\\\/www.campuspharma.se\\\/?s={search_term_string}\"},\"query-input\":{\"@type\":\"PropertyValueSpecification\",\"valueRequired\":true,\"valueName\":\"search_term_string\"}}],\"inLanguage\":\"fi\"},{\"@type\":\"Organization\",\"@id\":\"https:\\\/\\\/www.campuspharma.se\\\/#organization\",\"name\":\"CampusPharma\",\"url\":\"https:\\\/\\\/www.campuspharma.se\\\/\",\"logo\":{\"@type\":\"ImageObject\",\"inLanguage\":\"fi\",\"@id\":\"https:\\\/\\\/www.campuspharma.se\\\/#\\\/schema\\\/logo\\\/image\\\/\",\"url\":\"https:\\\/\\\/www.campuspharma.se\\\/wp-content\\\/uploads\\\/2016\\\/12\\\/logo-cp-klaR-kopia-e1490769756684.png\",\"contentUrl\":\"https:\\\/\\\/www.campuspharma.se\\\/wp-content\\\/uploads\\\/2016\\\/12\\\/logo-cp-klaR-kopia-e1490769756684.png\",\"width\":160,\"height\":98,\"caption\":\"CampusPharma\"},\"image\":{\"@id\":\"https:\\\/\\\/www.campuspharma.se\\\/#\\\/schema\\\/logo\\\/image\\\/\"}}]}<\/script>\n<!-- \/ Yoast SEO plugin. -->","yoast_head_json":{"title":"Tietosuojak\u00e4yt\u00e4nt\u00f6 l\u00e4\u00e4keturvatoiminnassa - CampusPharma","description":"Tietosuojak\u00e4yt\u00e4nt\u00f6 l\u00e4\u00e4keturvatoiminnassa T\u00e4m\u00e4 l\u00e4\u00e4keturvatoimintatietojen tietosuojak\u00e4yt\u00e4nt\u00f6 kuvaa, miten ker\u00e4\u00e4mme ja k\u00e4yt\u00e4mme henkil\u00f6tietoja t\u00e4ytt\u00e4\u00e4ksemme","robots":{"index":"index","follow":"follow","max-snippet":"max-snippet:-1","max-image-preview":"max-image-preview:large","max-video-preview":"max-video-preview:-1"},"canonical":"https:\/\/www.campuspharma.se\/fi\/tietosuojakaytanto-laaketurvatoiminnassa\/","og_locale":"fi_FI","og_type":"article","og_title":"Tietosuojak\u00e4yt\u00e4nt\u00f6 l\u00e4\u00e4keturvatoiminnassa - CampusPharma","og_description":"Tietosuojak\u00e4yt\u00e4nt\u00f6 l\u00e4\u00e4keturvatoiminnassa T\u00e4m\u00e4 l\u00e4\u00e4keturvatoimintatietojen tietosuojak\u00e4yt\u00e4nt\u00f6 kuvaa, miten ker\u00e4\u00e4mme ja k\u00e4yt\u00e4mme henkil\u00f6tietoja t\u00e4ytt\u00e4\u00e4ksemme","og_url":"https:\/\/www.campuspharma.se\/fi\/tietosuojakaytanto-laaketurvatoiminnassa\/","og_site_name":"CampusPharma","article_modified_time":"2025-09-09T12:02:03+00:00","twitter_card":"summary_large_image","twitter_misc":{"Arvioitu lukuaika":"5 minuuttia"},"schema":{"@context":"https:\/\/schema.org","@graph":[{"@type":"WebPage","@id":"https:\/\/www.campuspharma.se\/fi\/tietosuojakaytanto-laaketurvatoiminnassa\/","url":"https:\/\/www.campuspharma.se\/fi\/tietosuojakaytanto-laaketurvatoiminnassa\/","name":"Tietosuojak\u00e4yt\u00e4nt\u00f6 l\u00e4\u00e4keturvatoiminnassa - CampusPharma","isPartOf":{"@id":"https:\/\/www.campuspharma.se\/#website"},"datePublished":"2025-09-09T12:02:02+00:00","dateModified":"2025-09-09T12:02:03+00:00","description":"Tietosuojak\u00e4yt\u00e4nt\u00f6 l\u00e4\u00e4keturvatoiminnassa T\u00e4m\u00e4 l\u00e4\u00e4keturvatoimintatietojen tietosuojak\u00e4yt\u00e4nt\u00f6 kuvaa, miten ker\u00e4\u00e4mme ja k\u00e4yt\u00e4mme henkil\u00f6tietoja t\u00e4ytt\u00e4\u00e4ksemme","inLanguage":"fi","potentialAction":[{"@type":"ReadAction","target":["https:\/\/www.campuspharma.se\/fi\/tietosuojakaytanto-laaketurvatoiminnassa\/"]}]},{"@type":"WebSite","@id":"https:\/\/www.campuspharma.se\/#website","url":"https:\/\/www.campuspharma.se\/","name":"CampusPharma","description":"","publisher":{"@id":"https:\/\/www.campuspharma.se\/#organization"},"potentialAction":[{"@type":"SearchAction","target":{"@type":"EntryPoint","urlTemplate":"https:\/\/www.campuspharma.se\/?s={search_term_string}"},"query-input":{"@type":"PropertyValueSpecification","valueRequired":true,"valueName":"search_term_string"}}],"inLanguage":"fi"},{"@type":"Organization","@id":"https:\/\/www.campuspharma.se\/#organization","name":"CampusPharma","url":"https:\/\/www.campuspharma.se\/","logo":{"@type":"ImageObject","inLanguage":"fi","@id":"https:\/\/www.campuspharma.se\/#\/schema\/logo\/image\/","url":"https:\/\/www.campuspharma.se\/wp-content\/uploads\/2016\/12\/logo-cp-klaR-kopia-e1490769756684.png","contentUrl":"https:\/\/www.campuspharma.se\/wp-content\/uploads\/2016\/12\/logo-cp-klaR-kopia-e1490769756684.png","width":160,"height":98,"caption":"CampusPharma"},"image":{"@id":"https:\/\/www.campuspharma.se\/#\/schema\/logo\/image\/"}}]}},"_links":{"self":[{"href":"https:\/\/www.campuspharma.se\/fi\/wp-json\/wp\/v2\/pages\/26386","targetHints":{"allow":["GET"]}}],"collection":[{"href":"https:\/\/www.campuspharma.se\/fi\/wp-json\/wp\/v2\/pages"}],"about":[{"href":"https:\/\/www.campuspharma.se\/fi\/wp-json\/wp\/v2\/types\/page"}],"author":[{"embeddable":true,"href":"https:\/\/www.campuspharma.se\/fi\/wp-json\/wp\/v2\/users\/2"}],"replies":[{"embeddable":true,"href":"https:\/\/www.campuspharma.se\/fi\/wp-json\/wp\/v2\/comments?post=26386"}],"version-history":[{"count":1,"href":"https:\/\/www.campuspharma.se\/fi\/wp-json\/wp\/v2\/pages\/26386\/revisions"}],"predecessor-version":[{"id":26387,"href":"https:\/\/www.campuspharma.se\/fi\/wp-json\/wp\/v2\/pages\/26386\/revisions\/26387"}],"wp:attachment":[{"href":"https:\/\/www.campuspharma.se\/fi\/wp-json\/wp\/v2\/media?parent=26386"}],"curies":[{"name":"wp","href":"https:\/\/api.w.org\/{rel}","templated":true}]}}