{"id":26038,"date":"2025-08-19T08:48:21","date_gmt":"2025-08-19T06:48:21","guid":{"rendered":"https:\/\/www.campuspharma.se\/?page_id=26038"},"modified":"2026-02-23T13:40:38","modified_gmt":"2026-02-23T12:40:38","slug":"muut-terapia-alueet","status":"publish","type":"page","link":"https:\/\/www.campuspharma.se\/fi\/muut-terapia-alueet\/","title":{"rendered":"Muut terapia-alueet"},"content":{"rendered":"\n<h1 class=\"wp-block-heading\">Muut terapia-alueet<\/h1>\n\n\n\n<p class=\"sub-menu wp-block-paragraph\">Tarjoamme useita l\u00e4\u00e4kkeit\u00e4 my\u00f6s erityissairauksien hoitoon. Kyseess\u00e4 voivat olla vakavat sairaudet, joihin liittyy l\u00e4\u00e4kkeiden erityinen k\u00e4sittely tai antotapa, tai jotka usein vaativat erityisasiantuntemusta diagnosointiin ja hoitoon liittyen.<\/p>\n\n\n\n<p class=\"wp-block-paragraph\"><\/p>\n","protected":false},"excerpt":{"rendered":"<p>Muut terapia-alueet Tarjoamme useita l\u00e4\u00e4kkeit\u00e4 my\u00f6s erityissairauksien hoitoon. Kyseess\u00e4 voivat olla vakavat sairaudet, joihin liittyy<\/p>\n","protected":false},"author":2,"featured_media":0,"parent":0,"menu_order":0,"comment_status":"closed","ping_status":"closed","template":"gynekologiMall.php","meta":{"_acf_changed":false,"_crdt_document":"","footnotes":""},"class_list":["post-26038","page","type-page","status-publish","hentry"],"acf":[],"yoast_head":"<!-- This site is optimized with the Yoast SEO plugin v27.3 - https:\/\/yoast.com\/product\/yoast-seo-wordpress\/ -->\n<title>Muut terapia-alueet - CampusPharma<\/title>\n<meta name=\"description\" content=\"Muut terapia-alueet Tarjoamme useita l\u00e4\u00e4kkeit\u00e4 my\u00f6s erityissairauksien hoitoon. Kyseess\u00e4 voivat olla vakavat sairaudet, joihin liittyy l\u00e4\u00e4kkeiden\" \/>\n<meta name=\"robots\" content=\"index, follow, max-snippet:-1, max-image-preview:large, max-video-preview:-1\" \/>\n<link rel=\"canonical\" href=\"https:\/\/www.campuspharma.se\/fi\/muut-terapia-alueet\/\" \/>\n<meta property=\"og:locale\" content=\"fi_FI\" \/>\n<meta property=\"og:type\" content=\"article\" \/>\n<meta property=\"og:title\" content=\"Muut terapia-alueet - CampusPharma\" \/>\n<meta property=\"og:description\" content=\"Muut terapia-alueet Tarjoamme useita l\u00e4\u00e4kkeit\u00e4 my\u00f6s erityissairauksien hoitoon. Kyseess\u00e4 voivat olla vakavat sairaudet, joihin liittyy l\u00e4\u00e4kkeiden\" \/>\n<meta property=\"og:url\" content=\"https:\/\/www.campuspharma.se\/fi\/muut-terapia-alueet\/\" \/>\n<meta property=\"og:site_name\" content=\"CampusPharma\" \/>\n<meta property=\"article:modified_time\" content=\"2026-02-23T12:40:38+00:00\" \/>\n<meta name=\"twitter:card\" content=\"summary_large_image\" \/>\n<meta name=\"twitter:label1\" content=\"Arvioitu lukuaika\" \/>\n\t<meta name=\"twitter:data1\" content=\"1 minuutti\" \/>\n<script type=\"application\/ld+json\" class=\"yoast-schema-graph\">{\"@context\":\"https:\\\/\\\/schema.org\",\"@graph\":[{\"@type\":\"WebPage\",\"@id\":\"https:\\\/\\\/www.campuspharma.se\\\/fi\\\/muut-terapia-alueet\\\/\",\"url\":\"https:\\\/\\\/www.campuspharma.se\\\/fi\\\/muut-terapia-alueet\\\/\",\"name\":\"Muut terapia-alueet - CampusPharma\",\"isPartOf\":{\"@id\":\"https:\\\/\\\/www.campuspharma.se\\\/#website\"},\"datePublished\":\"2025-08-19T06:48:21+00:00\",\"dateModified\":\"2026-02-23T12:40:38+00:00\",\"description\":\"Muut terapia-alueet Tarjoamme useita l\u00e4\u00e4kkeit\u00e4 my\u00f6s erityissairauksien hoitoon. Kyseess\u00e4 voivat olla vakavat sairaudet, joihin liittyy l\u00e4\u00e4kkeiden\",\"inLanguage\":\"fi\",\"potentialAction\":[{\"@type\":\"ReadAction\",\"target\":[\"https:\\\/\\\/www.campuspharma.se\\\/fi\\\/muut-terapia-alueet\\\/\"]}]},{\"@type\":\"WebSite\",\"@id\":\"https:\\\/\\\/www.campuspharma.se\\\/#website\",\"url\":\"https:\\\/\\\/www.campuspharma.se\\\/\",\"name\":\"CampusPharma\",\"description\":\"\",\"publisher\":{\"@id\":\"https:\\\/\\\/www.campuspharma.se\\\/#organization\"},\"potentialAction\":[{\"@type\":\"SearchAction\",\"target\":{\"@type\":\"EntryPoint\",\"urlTemplate\":\"https:\\\/\\\/www.campuspharma.se\\\/?s={search_term_string}\"},\"query-input\":{\"@type\":\"PropertyValueSpecification\",\"valueRequired\":true,\"valueName\":\"search_term_string\"}}],\"inLanguage\":\"fi\"},{\"@type\":\"Organization\",\"@id\":\"https:\\\/\\\/www.campuspharma.se\\\/#organization\",\"name\":\"CampusPharma\",\"url\":\"https:\\\/\\\/www.campuspharma.se\\\/\",\"logo\":{\"@type\":\"ImageObject\",\"inLanguage\":\"fi\",\"@id\":\"https:\\\/\\\/www.campuspharma.se\\\/#\\\/schema\\\/logo\\\/image\\\/\",\"url\":\"https:\\\/\\\/www.campuspharma.se\\\/wp-content\\\/uploads\\\/2016\\\/12\\\/logo-cp-klaR-kopia-e1490769756684.png\",\"contentUrl\":\"https:\\\/\\\/www.campuspharma.se\\\/wp-content\\\/uploads\\\/2016\\\/12\\\/logo-cp-klaR-kopia-e1490769756684.png\",\"width\":160,\"height\":98,\"caption\":\"CampusPharma\"},\"image\":{\"@id\":\"https:\\\/\\\/www.campuspharma.se\\\/#\\\/schema\\\/logo\\\/image\\\/\"}}]}<\/script>\n<!-- \/ Yoast SEO plugin. -->","yoast_head_json":{"title":"Muut terapia-alueet - CampusPharma","description":"Muut terapia-alueet Tarjoamme useita l\u00e4\u00e4kkeit\u00e4 my\u00f6s erityissairauksien hoitoon. Kyseess\u00e4 voivat olla vakavat sairaudet, joihin liittyy l\u00e4\u00e4kkeiden","robots":{"index":"index","follow":"follow","max-snippet":"max-snippet:-1","max-image-preview":"max-image-preview:large","max-video-preview":"max-video-preview:-1"},"canonical":"https:\/\/www.campuspharma.se\/fi\/muut-terapia-alueet\/","og_locale":"fi_FI","og_type":"article","og_title":"Muut terapia-alueet - CampusPharma","og_description":"Muut terapia-alueet Tarjoamme useita l\u00e4\u00e4kkeit\u00e4 my\u00f6s erityissairauksien hoitoon. Kyseess\u00e4 voivat olla vakavat sairaudet, joihin liittyy l\u00e4\u00e4kkeiden","og_url":"https:\/\/www.campuspharma.se\/fi\/muut-terapia-alueet\/","og_site_name":"CampusPharma","article_modified_time":"2026-02-23T12:40:38+00:00","twitter_card":"summary_large_image","twitter_misc":{"Arvioitu lukuaika":"1 minuutti"},"schema":{"@context":"https:\/\/schema.org","@graph":[{"@type":"WebPage","@id":"https:\/\/www.campuspharma.se\/fi\/muut-terapia-alueet\/","url":"https:\/\/www.campuspharma.se\/fi\/muut-terapia-alueet\/","name":"Muut terapia-alueet - CampusPharma","isPartOf":{"@id":"https:\/\/www.campuspharma.se\/#website"},"datePublished":"2025-08-19T06:48:21+00:00","dateModified":"2026-02-23T12:40:38+00:00","description":"Muut terapia-alueet Tarjoamme useita l\u00e4\u00e4kkeit\u00e4 my\u00f6s erityissairauksien hoitoon. Kyseess\u00e4 voivat olla vakavat sairaudet, joihin liittyy l\u00e4\u00e4kkeiden","inLanguage":"fi","potentialAction":[{"@type":"ReadAction","target":["https:\/\/www.campuspharma.se\/fi\/muut-terapia-alueet\/"]}]},{"@type":"WebSite","@id":"https:\/\/www.campuspharma.se\/#website","url":"https:\/\/www.campuspharma.se\/","name":"CampusPharma","description":"","publisher":{"@id":"https:\/\/www.campuspharma.se\/#organization"},"potentialAction":[{"@type":"SearchAction","target":{"@type":"EntryPoint","urlTemplate":"https:\/\/www.campuspharma.se\/?s={search_term_string}"},"query-input":{"@type":"PropertyValueSpecification","valueRequired":true,"valueName":"search_term_string"}}],"inLanguage":"fi"},{"@type":"Organization","@id":"https:\/\/www.campuspharma.se\/#organization","name":"CampusPharma","url":"https:\/\/www.campuspharma.se\/","logo":{"@type":"ImageObject","inLanguage":"fi","@id":"https:\/\/www.campuspharma.se\/#\/schema\/logo\/image\/","url":"https:\/\/www.campuspharma.se\/wp-content\/uploads\/2016\/12\/logo-cp-klaR-kopia-e1490769756684.png","contentUrl":"https:\/\/www.campuspharma.se\/wp-content\/uploads\/2016\/12\/logo-cp-klaR-kopia-e1490769756684.png","width":160,"height":98,"caption":"CampusPharma"},"image":{"@id":"https:\/\/www.campuspharma.se\/#\/schema\/logo\/image\/"}}]}},"_links":{"self":[{"href":"https:\/\/www.campuspharma.se\/fi\/wp-json\/wp\/v2\/pages\/26038","targetHints":{"allow":["GET"]}}],"collection":[{"href":"https:\/\/www.campuspharma.se\/fi\/wp-json\/wp\/v2\/pages"}],"about":[{"href":"https:\/\/www.campuspharma.se\/fi\/wp-json\/wp\/v2\/types\/page"}],"author":[{"embeddable":true,"href":"https:\/\/www.campuspharma.se\/fi\/wp-json\/wp\/v2\/users\/2"}],"replies":[{"embeddable":true,"href":"https:\/\/www.campuspharma.se\/fi\/wp-json\/wp\/v2\/comments?post=26038"}],"version-history":[{"count":3,"href":"https:\/\/www.campuspharma.se\/fi\/wp-json\/wp\/v2\/pages\/26038\/revisions"}],"predecessor-version":[{"id":26284,"href":"https:\/\/www.campuspharma.se\/fi\/wp-json\/wp\/v2\/pages\/26038\/revisions\/26284"}],"wp:attachment":[{"href":"https:\/\/www.campuspharma.se\/fi\/wp-json\/wp\/v2\/media?parent=26038"}],"curies":[{"name":"wp","href":"https:\/\/api.w.org\/{rel}","templated":true}]}}