{"id":26036,"date":"2025-08-19T08:47:36","date_gmt":"2025-08-19T06:47:36","guid":{"rendered":"https:\/\/www.campuspharma.se\/?page_id=26036"},"modified":"2026-02-23T13:42:55","modified_gmt":"2026-02-23T12:42:55","slug":"matkapahoinvointi","status":"publish","type":"page","link":"https:\/\/www.campuspharma.se\/fi\/matkapahoinvointi\/","title":{"rendered":"Matkapahoinvointi"},"content":{"rendered":"\n<h1 class=\"wp-block-heading\">Matkapahoinvointi<\/h1>\n\n\n\n<p class=\"wp-block-paragraph\">Matkapahoinvointi on ep\u00e4miellytt\u00e4v\u00e4 tunne, jota voi esiinty\u00e4 matkustettaessa autolla, veneell\u00e4, junalla tai lentokoneella.<\/p>\n\n\n\n<p class=\"wp-block-paragraph\">Yleisi\u00e4 oireita ovat pahoinvointi, hikoilu, huimaus ja joskus p\u00e4\u00e4ns\u00e4rky. Matkapahoinvointi johtuu signaaleista, joita aivot vastaanottavat silmist\u00e4 ja tasapainoelimist\u00e4. Kun n\u00e4m\u00e4 signaalit eiv\u00e4t t\u00e4sm\u00e4\u00e4 esimerkiksi kirjaa lukiessa autossa, tai kun keho ei aisti liikett\u00e4, voi se aiheuttaa matkapahoinvointia.<\/p>\n\n\n\n<p class=\"wp-block-paragraph\">Jotkut ihmiset ovat herkempi\u00e4 liikkeen muutoksille ja kokevat matkapahoinvointia tai merisairautta herkemmin kuin toiset. Matkapahoinvointi on yleisint\u00e4 2\u201310-vuotiailla lapsilla.<\/p>\n\n\n\n<p class=\"wp-block-paragraph\"><\/p>\n","protected":false},"excerpt":{"rendered":"<p>Matkapahoinvointi Matkapahoinvointi on ep\u00e4miellytt\u00e4v\u00e4 tunne, jota voi esiinty\u00e4 matkustettaessa autolla, veneell\u00e4, junalla tai lentokoneella. Yleisi\u00e4<\/p>\n","protected":false},"author":2,"featured_media":0,"parent":0,"menu_order":0,"comment_status":"closed","ping_status":"closed","template":"gynekologiMall.php","meta":{"_acf_changed":false,"_crdt_document":"","footnotes":""},"class_list":["post-26036","page","type-page","status-publish","hentry"],"acf":[],"yoast_head":"<!-- This site is optimized with the Yoast SEO plugin v27.3 - https:\/\/yoast.com\/product\/yoast-seo-wordpress\/ -->\n<title>Matkapahoinvointi - CampusPharma<\/title>\n<meta name=\"description\" content=\"Matkapahoinvointi Matkapahoinvointi on ep\u00e4miellytt\u00e4v\u00e4 tunne, jota voi esiinty\u00e4 matkustettaessa autolla, veneell\u00e4, junalla tai lentokoneella. Yleisi\u00e4\" \/>\n<meta name=\"robots\" content=\"index, follow, max-snippet:-1, max-image-preview:large, max-video-preview:-1\" \/>\n<link rel=\"canonical\" href=\"https:\/\/www.campuspharma.se\/fi\/matkapahoinvointi\/\" \/>\n<meta property=\"og:locale\" content=\"fi_FI\" \/>\n<meta property=\"og:type\" content=\"article\" \/>\n<meta property=\"og:title\" content=\"Matkapahoinvointi - CampusPharma\" \/>\n<meta property=\"og:description\" content=\"Matkapahoinvointi Matkapahoinvointi on ep\u00e4miellytt\u00e4v\u00e4 tunne, jota voi esiinty\u00e4 matkustettaessa autolla, veneell\u00e4, junalla tai lentokoneella. Yleisi\u00e4\" \/>\n<meta property=\"og:url\" content=\"https:\/\/www.campuspharma.se\/fi\/matkapahoinvointi\/\" \/>\n<meta property=\"og:site_name\" content=\"CampusPharma\" \/>\n<meta property=\"article:modified_time\" content=\"2026-02-23T12:42:55+00:00\" \/>\n<meta name=\"twitter:card\" content=\"summary_large_image\" \/>\n<meta name=\"twitter:label1\" content=\"Arvioitu lukuaika\" \/>\n\t<meta name=\"twitter:data1\" content=\"1 minuutti\" \/>\n<script type=\"application\/ld+json\" class=\"yoast-schema-graph\">{\"@context\":\"https:\\\/\\\/schema.org\",\"@graph\":[{\"@type\":\"WebPage\",\"@id\":\"https:\\\/\\\/www.campuspharma.se\\\/fi\\\/matkapahoinvointi\\\/\",\"url\":\"https:\\\/\\\/www.campuspharma.se\\\/fi\\\/matkapahoinvointi\\\/\",\"name\":\"Matkapahoinvointi - CampusPharma\",\"isPartOf\":{\"@id\":\"https:\\\/\\\/www.campuspharma.se\\\/#website\"},\"datePublished\":\"2025-08-19T06:47:36+00:00\",\"dateModified\":\"2026-02-23T12:42:55+00:00\",\"description\":\"Matkapahoinvointi Matkapahoinvointi on ep\u00e4miellytt\u00e4v\u00e4 tunne, jota voi esiinty\u00e4 matkustettaessa autolla, veneell\u00e4, junalla tai lentokoneella. Yleisi\u00e4\",\"inLanguage\":\"fi\",\"potentialAction\":[{\"@type\":\"ReadAction\",\"target\":[\"https:\\\/\\\/www.campuspharma.se\\\/fi\\\/matkapahoinvointi\\\/\"]}]},{\"@type\":\"WebSite\",\"@id\":\"https:\\\/\\\/www.campuspharma.se\\\/#website\",\"url\":\"https:\\\/\\\/www.campuspharma.se\\\/\",\"name\":\"CampusPharma\",\"description\":\"\",\"publisher\":{\"@id\":\"https:\\\/\\\/www.campuspharma.se\\\/#organization\"},\"potentialAction\":[{\"@type\":\"SearchAction\",\"target\":{\"@type\":\"EntryPoint\",\"urlTemplate\":\"https:\\\/\\\/www.campuspharma.se\\\/?s={search_term_string}\"},\"query-input\":{\"@type\":\"PropertyValueSpecification\",\"valueRequired\":true,\"valueName\":\"search_term_string\"}}],\"inLanguage\":\"fi\"},{\"@type\":\"Organization\",\"@id\":\"https:\\\/\\\/www.campuspharma.se\\\/#organization\",\"name\":\"CampusPharma\",\"url\":\"https:\\\/\\\/www.campuspharma.se\\\/\",\"logo\":{\"@type\":\"ImageObject\",\"inLanguage\":\"fi\",\"@id\":\"https:\\\/\\\/www.campuspharma.se\\\/#\\\/schema\\\/logo\\\/image\\\/\",\"url\":\"https:\\\/\\\/www.campuspharma.se\\\/wp-content\\\/uploads\\\/2016\\\/12\\\/logo-cp-klaR-kopia-e1490769756684.png\",\"contentUrl\":\"https:\\\/\\\/www.campuspharma.se\\\/wp-content\\\/uploads\\\/2016\\\/12\\\/logo-cp-klaR-kopia-e1490769756684.png\",\"width\":160,\"height\":98,\"caption\":\"CampusPharma\"},\"image\":{\"@id\":\"https:\\\/\\\/www.campuspharma.se\\\/#\\\/schema\\\/logo\\\/image\\\/\"}}]}<\/script>\n<!-- \/ Yoast SEO plugin. -->","yoast_head_json":{"title":"Matkapahoinvointi - CampusPharma","description":"Matkapahoinvointi Matkapahoinvointi on ep\u00e4miellytt\u00e4v\u00e4 tunne, jota voi esiinty\u00e4 matkustettaessa autolla, veneell\u00e4, junalla tai lentokoneella. Yleisi\u00e4","robots":{"index":"index","follow":"follow","max-snippet":"max-snippet:-1","max-image-preview":"max-image-preview:large","max-video-preview":"max-video-preview:-1"},"canonical":"https:\/\/www.campuspharma.se\/fi\/matkapahoinvointi\/","og_locale":"fi_FI","og_type":"article","og_title":"Matkapahoinvointi - CampusPharma","og_description":"Matkapahoinvointi Matkapahoinvointi on ep\u00e4miellytt\u00e4v\u00e4 tunne, jota voi esiinty\u00e4 matkustettaessa autolla, veneell\u00e4, junalla tai lentokoneella. Yleisi\u00e4","og_url":"https:\/\/www.campuspharma.se\/fi\/matkapahoinvointi\/","og_site_name":"CampusPharma","article_modified_time":"2026-02-23T12:42:55+00:00","twitter_card":"summary_large_image","twitter_misc":{"Arvioitu lukuaika":"1 minuutti"},"schema":{"@context":"https:\/\/schema.org","@graph":[{"@type":"WebPage","@id":"https:\/\/www.campuspharma.se\/fi\/matkapahoinvointi\/","url":"https:\/\/www.campuspharma.se\/fi\/matkapahoinvointi\/","name":"Matkapahoinvointi - CampusPharma","isPartOf":{"@id":"https:\/\/www.campuspharma.se\/#website"},"datePublished":"2025-08-19T06:47:36+00:00","dateModified":"2026-02-23T12:42:55+00:00","description":"Matkapahoinvointi Matkapahoinvointi on ep\u00e4miellytt\u00e4v\u00e4 tunne, jota voi esiinty\u00e4 matkustettaessa autolla, veneell\u00e4, junalla tai lentokoneella. Yleisi\u00e4","inLanguage":"fi","potentialAction":[{"@type":"ReadAction","target":["https:\/\/www.campuspharma.se\/fi\/matkapahoinvointi\/"]}]},{"@type":"WebSite","@id":"https:\/\/www.campuspharma.se\/#website","url":"https:\/\/www.campuspharma.se\/","name":"CampusPharma","description":"","publisher":{"@id":"https:\/\/www.campuspharma.se\/#organization"},"potentialAction":[{"@type":"SearchAction","target":{"@type":"EntryPoint","urlTemplate":"https:\/\/www.campuspharma.se\/?s={search_term_string}"},"query-input":{"@type":"PropertyValueSpecification","valueRequired":true,"valueName":"search_term_string"}}],"inLanguage":"fi"},{"@type":"Organization","@id":"https:\/\/www.campuspharma.se\/#organization","name":"CampusPharma","url":"https:\/\/www.campuspharma.se\/","logo":{"@type":"ImageObject","inLanguage":"fi","@id":"https:\/\/www.campuspharma.se\/#\/schema\/logo\/image\/","url":"https:\/\/www.campuspharma.se\/wp-content\/uploads\/2016\/12\/logo-cp-klaR-kopia-e1490769756684.png","contentUrl":"https:\/\/www.campuspharma.se\/wp-content\/uploads\/2016\/12\/logo-cp-klaR-kopia-e1490769756684.png","width":160,"height":98,"caption":"CampusPharma"},"image":{"@id":"https:\/\/www.campuspharma.se\/#\/schema\/logo\/image\/"}}]}},"_links":{"self":[{"href":"https:\/\/www.campuspharma.se\/fi\/wp-json\/wp\/v2\/pages\/26036","targetHints":{"allow":["GET"]}}],"collection":[{"href":"https:\/\/www.campuspharma.se\/fi\/wp-json\/wp\/v2\/pages"}],"about":[{"href":"https:\/\/www.campuspharma.se\/fi\/wp-json\/wp\/v2\/types\/page"}],"author":[{"embeddable":true,"href":"https:\/\/www.campuspharma.se\/fi\/wp-json\/wp\/v2\/users\/2"}],"replies":[{"embeddable":true,"href":"https:\/\/www.campuspharma.se\/fi\/wp-json\/wp\/v2\/comments?post=26036"}],"version-history":[{"count":3,"href":"https:\/\/www.campuspharma.se\/fi\/wp-json\/wp\/v2\/pages\/26036\/revisions"}],"predecessor-version":[{"id":26282,"href":"https:\/\/www.campuspharma.se\/fi\/wp-json\/wp\/v2\/pages\/26036\/revisions\/26282"}],"wp:attachment":[{"href":"https:\/\/www.campuspharma.se\/fi\/wp-json\/wp\/v2\/media?parent=26036"}],"curies":[{"name":"wp","href":"https:\/\/api.w.org\/{rel}","templated":true}]}}