{"id":26031,"date":"2025-08-19T08:37:22","date_gmt":"2025-08-19T06:37:22","guid":{"rendered":"https:\/\/www.campuspharma.se\/?page_id=26031"},"modified":"2026-02-23T13:40:49","modified_gmt":"2026-02-23T12:40:49","slug":"vaihdevuodet","status":"publish","type":"page","link":"https:\/\/www.campuspharma.se\/fi\/vaihdevuodet\/","title":{"rendered":"Vaihdevuodet"},"content":{"rendered":"\n<h2 class=\"wp-block-heading\">Vaihdevuodet<\/h2>\n\n\n\n<p class=\"wp-block-paragraph\">Vaihdevuodet ovat luonnollinen vaihe naisen el\u00e4m\u00e4ss\u00e4, jossa estrogeenituotanto v\u00e4hitellen v\u00e4henee, usein alkaen keski-i\u00e4ss\u00e4. Kuukautiset muuttuvat ep\u00e4s\u00e4\u00e4nn\u00f6llisiksi ja loppuvat yleens\u00e4 keskim\u00e4\u00e4rin 51\u201352 vuoden i\u00e4ss\u00e4, mik\u00e4 on merkki vaihdevuosien alkamisesta. T\u00e4ss\u00e4 vaiheessa monet naiset kokevat erilaisia \u200b\u200boireita, joista yleisimpi\u00e4 ovat y\u00f6hikoilu, kuumat aallot ja syd\u00e4mentykytys. N\u00e4m\u00e4 niin sanotut vasomotoriset oireet ovat ohimenevi\u00e4, mutta voivat vaikuttaa jokap\u00e4iv\u00e4iseen el\u00e4m\u00e4\u00e4n ja el\u00e4m\u00e4nlaatuun.<\/p>\n\n\n\n<p class=\"wp-block-paragraph\">Kuumien aaltojen ja hikoilun lis\u00e4ksi vaihdevuodet voivat johtaa my\u00f6s pitk\u00e4aikaisiin muutoksiin sukupuolielinten alueella. Alentuneet estorigeenitasot tekev\u00e4t limakalvoista kuivempia, ohuempia ja v\u00e4hemm\u00e4n joustavia, mik\u00e4 voi aiheuttaa ep\u00e4mukavuutta, kuten kuivuuden tunnetta, \u00e4rsytyst\u00e4, kutinaa ja yhdynt\u00e4kipuja. N\u00e4it\u00e4 limakalvo-oireita kutsutaan em\u00e4ttimen atrofiaksi tai urogenitaaliseksi atrofiaksi, ja sit\u00e4 esiintyy n. 40-54 %:lla vaihdevuosi-ik\u00e4isist\u00e4 naisista. Toisin kuin kuumat aallot, n\u00e4m\u00e4 oireet ovat usein pysyvi\u00e4 ja voivat vaikuttaa sek\u00e4 el\u00e4m\u00e4nlaatuun ett\u00e4 seksuaaliterveyteen.<\/p>\n\n\n\n<p class=\"wp-block-paragraph\">Vaihdevuodet sis\u00e4lt\u00e4v\u00e4t siis sek\u00e4 v\u00e4liaikaisia ett\u00e4 pitk\u00e4aikaisia muutoksia, jotka vaikuttavat kehoon eri tavoin. Kun naiset ovat tietoisia n\u00e4ist\u00e4 oireista ja siit\u00e4, miten ne voivat vaikuttaa jokap\u00e4iv\u00e4iseen el\u00e4m\u00e4\u00e4n, he voivat helpommin selviyty\u00e4 t\u00e4st\u00e4 luonnollista el\u00e4m\u00e4nvaiheesta.<\/p>\n","protected":false},"excerpt":{"rendered":"<p>Vaihdevuodet Vaihdevuodet ovat luonnollinen vaihe naisen el\u00e4m\u00e4ss\u00e4, jossa estrogeenituotanto v\u00e4hitellen v\u00e4henee, usein alkaen keski-i\u00e4ss\u00e4. Kuukautiset<\/p>\n","protected":false},"author":2,"featured_media":0,"parent":0,"menu_order":0,"comment_status":"closed","ping_status":"closed","template":"gynekologiMall.php","meta":{"_acf_changed":false,"_crdt_document":"","footnotes":""},"class_list":["post-26031","page","type-page","status-publish","hentry"],"acf":[],"yoast_head":"<!-- This site is optimized with the Yoast SEO plugin v27.3 - https:\/\/yoast.com\/product\/yoast-seo-wordpress\/ -->\n<title>Vaihdevuodet - CampusPharma<\/title>\n<meta name=\"description\" content=\"Vaihdevuodet Vaihdevuodet ovat luonnollinen vaihe naisen el\u00e4m\u00e4ss\u00e4, jossa estrogeenituotanto v\u00e4hitellen v\u00e4henee, usein alkaen keski-i\u00e4ss\u00e4. Kuukautiset\" \/>\n<meta name=\"robots\" content=\"index, follow, max-snippet:-1, max-image-preview:large, max-video-preview:-1\" \/>\n<link rel=\"canonical\" href=\"https:\/\/www.campuspharma.se\/fi\/vaihdevuodet\/\" \/>\n<meta property=\"og:locale\" content=\"fi_FI\" \/>\n<meta property=\"og:type\" content=\"article\" \/>\n<meta property=\"og:title\" content=\"Vaihdevuodet - CampusPharma\" \/>\n<meta property=\"og:description\" content=\"Vaihdevuodet Vaihdevuodet ovat luonnollinen vaihe naisen el\u00e4m\u00e4ss\u00e4, jossa estrogeenituotanto v\u00e4hitellen v\u00e4henee, usein alkaen keski-i\u00e4ss\u00e4. Kuukautiset\" \/>\n<meta property=\"og:url\" content=\"https:\/\/www.campuspharma.se\/fi\/vaihdevuodet\/\" \/>\n<meta property=\"og:site_name\" content=\"CampusPharma\" \/>\n<meta property=\"article:modified_time\" content=\"2026-02-23T12:40:49+00:00\" \/>\n<meta name=\"twitter:card\" content=\"summary_large_image\" \/>\n<meta name=\"twitter:label1\" content=\"Arvioitu lukuaika\" \/>\n\t<meta name=\"twitter:data1\" content=\"1 minuutti\" \/>\n<script type=\"application\/ld+json\" class=\"yoast-schema-graph\">{\"@context\":\"https:\\\/\\\/schema.org\",\"@graph\":[{\"@type\":\"WebPage\",\"@id\":\"https:\\\/\\\/www.campuspharma.se\\\/fi\\\/vaihdevuodet\\\/\",\"url\":\"https:\\\/\\\/www.campuspharma.se\\\/fi\\\/vaihdevuodet\\\/\",\"name\":\"Vaihdevuodet - CampusPharma\",\"isPartOf\":{\"@id\":\"https:\\\/\\\/www.campuspharma.se\\\/#website\"},\"datePublished\":\"2025-08-19T06:37:22+00:00\",\"dateModified\":\"2026-02-23T12:40:49+00:00\",\"description\":\"Vaihdevuodet Vaihdevuodet ovat luonnollinen vaihe naisen el\u00e4m\u00e4ss\u00e4, jossa estrogeenituotanto v\u00e4hitellen v\u00e4henee, usein alkaen keski-i\u00e4ss\u00e4. Kuukautiset\",\"inLanguage\":\"fi\",\"potentialAction\":[{\"@type\":\"ReadAction\",\"target\":[\"https:\\\/\\\/www.campuspharma.se\\\/fi\\\/vaihdevuodet\\\/\"]}]},{\"@type\":\"WebSite\",\"@id\":\"https:\\\/\\\/www.campuspharma.se\\\/#website\",\"url\":\"https:\\\/\\\/www.campuspharma.se\\\/\",\"name\":\"CampusPharma\",\"description\":\"\",\"publisher\":{\"@id\":\"https:\\\/\\\/www.campuspharma.se\\\/#organization\"},\"potentialAction\":[{\"@type\":\"SearchAction\",\"target\":{\"@type\":\"EntryPoint\",\"urlTemplate\":\"https:\\\/\\\/www.campuspharma.se\\\/?s={search_term_string}\"},\"query-input\":{\"@type\":\"PropertyValueSpecification\",\"valueRequired\":true,\"valueName\":\"search_term_string\"}}],\"inLanguage\":\"fi\"},{\"@type\":\"Organization\",\"@id\":\"https:\\\/\\\/www.campuspharma.se\\\/#organization\",\"name\":\"CampusPharma\",\"url\":\"https:\\\/\\\/www.campuspharma.se\\\/\",\"logo\":{\"@type\":\"ImageObject\",\"inLanguage\":\"fi\",\"@id\":\"https:\\\/\\\/www.campuspharma.se\\\/#\\\/schema\\\/logo\\\/image\\\/\",\"url\":\"https:\\\/\\\/www.campuspharma.se\\\/wp-content\\\/uploads\\\/2016\\\/12\\\/logo-cp-klaR-kopia-e1490769756684.png\",\"contentUrl\":\"https:\\\/\\\/www.campuspharma.se\\\/wp-content\\\/uploads\\\/2016\\\/12\\\/logo-cp-klaR-kopia-e1490769756684.png\",\"width\":160,\"height\":98,\"caption\":\"CampusPharma\"},\"image\":{\"@id\":\"https:\\\/\\\/www.campuspharma.se\\\/#\\\/schema\\\/logo\\\/image\\\/\"}}]}<\/script>\n<!-- \/ Yoast SEO plugin. -->","yoast_head_json":{"title":"Vaihdevuodet - CampusPharma","description":"Vaihdevuodet Vaihdevuodet ovat luonnollinen vaihe naisen el\u00e4m\u00e4ss\u00e4, jossa estrogeenituotanto v\u00e4hitellen v\u00e4henee, usein alkaen keski-i\u00e4ss\u00e4. Kuukautiset","robots":{"index":"index","follow":"follow","max-snippet":"max-snippet:-1","max-image-preview":"max-image-preview:large","max-video-preview":"max-video-preview:-1"},"canonical":"https:\/\/www.campuspharma.se\/fi\/vaihdevuodet\/","og_locale":"fi_FI","og_type":"article","og_title":"Vaihdevuodet - CampusPharma","og_description":"Vaihdevuodet Vaihdevuodet ovat luonnollinen vaihe naisen el\u00e4m\u00e4ss\u00e4, jossa estrogeenituotanto v\u00e4hitellen v\u00e4henee, usein alkaen keski-i\u00e4ss\u00e4. Kuukautiset","og_url":"https:\/\/www.campuspharma.se\/fi\/vaihdevuodet\/","og_site_name":"CampusPharma","article_modified_time":"2026-02-23T12:40:49+00:00","twitter_card":"summary_large_image","twitter_misc":{"Arvioitu lukuaika":"1 minuutti"},"schema":{"@context":"https:\/\/schema.org","@graph":[{"@type":"WebPage","@id":"https:\/\/www.campuspharma.se\/fi\/vaihdevuodet\/","url":"https:\/\/www.campuspharma.se\/fi\/vaihdevuodet\/","name":"Vaihdevuodet - CampusPharma","isPartOf":{"@id":"https:\/\/www.campuspharma.se\/#website"},"datePublished":"2025-08-19T06:37:22+00:00","dateModified":"2026-02-23T12:40:49+00:00","description":"Vaihdevuodet Vaihdevuodet ovat luonnollinen vaihe naisen el\u00e4m\u00e4ss\u00e4, jossa estrogeenituotanto v\u00e4hitellen v\u00e4henee, usein alkaen keski-i\u00e4ss\u00e4. Kuukautiset","inLanguage":"fi","potentialAction":[{"@type":"ReadAction","target":["https:\/\/www.campuspharma.se\/fi\/vaihdevuodet\/"]}]},{"@type":"WebSite","@id":"https:\/\/www.campuspharma.se\/#website","url":"https:\/\/www.campuspharma.se\/","name":"CampusPharma","description":"","publisher":{"@id":"https:\/\/www.campuspharma.se\/#organization"},"potentialAction":[{"@type":"SearchAction","target":{"@type":"EntryPoint","urlTemplate":"https:\/\/www.campuspharma.se\/?s={search_term_string}"},"query-input":{"@type":"PropertyValueSpecification","valueRequired":true,"valueName":"search_term_string"}}],"inLanguage":"fi"},{"@type":"Organization","@id":"https:\/\/www.campuspharma.se\/#organization","name":"CampusPharma","url":"https:\/\/www.campuspharma.se\/","logo":{"@type":"ImageObject","inLanguage":"fi","@id":"https:\/\/www.campuspharma.se\/#\/schema\/logo\/image\/","url":"https:\/\/www.campuspharma.se\/wp-content\/uploads\/2016\/12\/logo-cp-klaR-kopia-e1490769756684.png","contentUrl":"https:\/\/www.campuspharma.se\/wp-content\/uploads\/2016\/12\/logo-cp-klaR-kopia-e1490769756684.png","width":160,"height":98,"caption":"CampusPharma"},"image":{"@id":"https:\/\/www.campuspharma.se\/#\/schema\/logo\/image\/"}}]}},"_links":{"self":[{"href":"https:\/\/www.campuspharma.se\/fi\/wp-json\/wp\/v2\/pages\/26031","targetHints":{"allow":["GET"]}}],"collection":[{"href":"https:\/\/www.campuspharma.se\/fi\/wp-json\/wp\/v2\/pages"}],"about":[{"href":"https:\/\/www.campuspharma.se\/fi\/wp-json\/wp\/v2\/types\/page"}],"author":[{"embeddable":true,"href":"https:\/\/www.campuspharma.se\/fi\/wp-json\/wp\/v2\/users\/2"}],"replies":[{"embeddable":true,"href":"https:\/\/www.campuspharma.se\/fi\/wp-json\/wp\/v2\/comments?post=26031"}],"version-history":[{"count":3,"href":"https:\/\/www.campuspharma.se\/fi\/wp-json\/wp\/v2\/pages\/26031\/revisions"}],"predecessor-version":[{"id":26280,"href":"https:\/\/www.campuspharma.se\/fi\/wp-json\/wp\/v2\/pages\/26031\/revisions\/26280"}],"wp:attachment":[{"href":"https:\/\/www.campuspharma.se\/fi\/wp-json\/wp\/v2\/media?parent=26031"}],"curies":[{"name":"wp","href":"https:\/\/api.w.org\/{rel}","templated":true}]}}