{"id":26029,"date":"2025-08-19T08:34:15","date_gmt":"2025-08-19T06:34:15","guid":{"rendered":"https:\/\/www.campuspharma.se\/?page_id=26029"},"modified":"2026-02-23T13:40:57","modified_gmt":"2026-02-23T12:40:57","slug":"raskauspahoinvointi","status":"publish","type":"page","link":"https:\/\/www.campuspharma.se\/fi\/raskauspahoinvointi\/","title":{"rendered":"Raskauspahoinvointi"},"content":{"rendered":"\n<h1 class=\"wp-block-heading\">Raskauspahoinvointi\u00a0<\/h1>\n\n\n\n<p class=\"wp-block-paragraph\">Raskauspahoinvointi on yleist\u00e4 raskausaikana; jopa kahdeksan naista kymmenest\u00e4 kokee sit\u00e4. Raskauspahoinvoinnin oireita ovat pahoinvointi, y\u00f6kk\u00e4ily ja oksentelu. Monet huomaavat my\u00f6s haju- ja makuaistinsa herkistyneen raskauden aikana, mik\u00e4 voi entisest\u00e4\u00e4n pahentaa pahoinvointia. Jotkut raskaana olevat kokevat my\u00f6s p\u00e4\u00e4ns\u00e4rky\u00e4, voimakasta v\u00e4symyst\u00e4 ja masennusta. Oireet vaihtelevat henkil\u00f6st\u00e4 toiseen.<\/p>\n\n\n\n<p class=\"wp-block-paragraph\">Raskauspahoinvointia voi esiinty\u00e4 mihin aikaan p\u00e4iv\u00e4st\u00e4 tahansa, joskin se on useasti voimakkainta aamulla.\u00a0<\/p>\n\n\n\n<p class=\"wp-block-paragraph\">Useimmilla raskauspahoinvointi loppuu itsest\u00e4\u00e4n raskauden ensimm\u00e4isten kuukausien aikana, mutta joillain raskaana olevilla voi esiinty\u00e4 pahoinvointia koko raskauden ajan. On t\u00e4rke\u00e4\u00e4 kuunnella omaa kehoa ja ottaa pahoinvointi vakavasti.<\/p>\n\n\n\n<p class=\"wp-block-paragraph\">Lue lis\u00e4\u00e4 raskauspahoinvoinnista sivustollamme <a href=\"https:\/\/raskauspahoinvointi.fi\/\">raskauspahoinvointi.fi<\/a>. Sielt\u00e4 l\u00f6yd\u00e4t esimerkiksi vinkkej\u00e4 raskauspahoinvoinnin lievitt\u00e4miseen ja miten l\u00e4heisesi voivat auttaa. Sivustolla voi my\u00f6s tehd\u00e4 <a href=\"https:\/\/raskauspahoinvointi.fi\/pahoinvointi-raskauden-aikana\/puqe-testi\/\">PUQE-testin<\/a>* raskauspahoinvoinnin voimakkuuden arvioimiseksi. Raskaana olevat voivat lis\u00e4ksi osallistua &#8221;<a href=\"https:\/\/raskauspahoinvointi.fi\/oksennusbarometri\/\">Oksennusbarometri<\/a>&#8221; -kyselyyn, jonka avulla pyrit\u00e4\u00e4n lis\u00e4\u00e4m\u00e4\u00e4n tietoisuutta raskauspahoinvointiin liittyen, ja mit\u00e4 seurauksia sill\u00e4 voi olla el\u00e4m\u00e4nlaatuun.<\/p>\n\n\n\n<p class=\"wp-block-paragraph\">*PUQE = pregnancy unique quantification of emesis\u202f&nbsp;<\/p>\n\n\n\n<p class=\"wp-block-paragraph\"><\/p>\n","protected":false},"excerpt":{"rendered":"<p>Raskauspahoinvointi\u00a0 Raskauspahoinvointi on yleist\u00e4 raskausaikana; jopa kahdeksan naista kymmenest\u00e4 kokee sit\u00e4. Raskauspahoinvoinnin oireita ovat pahoinvointi,<\/p>\n","protected":false},"author":2,"featured_media":0,"parent":0,"menu_order":0,"comment_status":"closed","ping_status":"closed","template":"gynekologiMall.php","meta":{"_acf_changed":false,"_crdt_document":"","footnotes":""},"class_list":["post-26029","page","type-page","status-publish","hentry"],"acf":[],"yoast_head":"<!-- This site is optimized with the Yoast SEO plugin v27.3 - https:\/\/yoast.com\/product\/yoast-seo-wordpress\/ -->\n<title>Raskauspahoinvointi - CampusPharma<\/title>\n<meta name=\"description\" content=\"Raskauspahoinvointi\u00a0 Raskauspahoinvointi on yleist\u00e4 raskausaikana; jopa kahdeksan naista kymmenest\u00e4 kokee sit\u00e4. Raskauspahoinvoinnin oireita ovat\" \/>\n<meta name=\"robots\" content=\"index, follow, max-snippet:-1, max-image-preview:large, max-video-preview:-1\" \/>\n<link rel=\"canonical\" href=\"https:\/\/www.campuspharma.se\/fi\/raskauspahoinvointi\/\" \/>\n<meta property=\"og:locale\" content=\"fi_FI\" \/>\n<meta property=\"og:type\" content=\"article\" \/>\n<meta property=\"og:title\" content=\"Raskauspahoinvointi - CampusPharma\" \/>\n<meta property=\"og:description\" content=\"Raskauspahoinvointi\u00a0 Raskauspahoinvointi on yleist\u00e4 raskausaikana; jopa kahdeksan naista kymmenest\u00e4 kokee sit\u00e4. Raskauspahoinvoinnin oireita ovat\" \/>\n<meta property=\"og:url\" content=\"https:\/\/www.campuspharma.se\/fi\/raskauspahoinvointi\/\" \/>\n<meta property=\"og:site_name\" content=\"CampusPharma\" \/>\n<meta property=\"article:modified_time\" content=\"2026-02-23T12:40:57+00:00\" \/>\n<meta name=\"twitter:card\" content=\"summary_large_image\" \/>\n<meta name=\"twitter:label1\" content=\"Arvioitu lukuaika\" \/>\n\t<meta name=\"twitter:data1\" content=\"1 minuutti\" \/>\n<script type=\"application\/ld+json\" class=\"yoast-schema-graph\">{\"@context\":\"https:\\\/\\\/schema.org\",\"@graph\":[{\"@type\":\"WebPage\",\"@id\":\"https:\\\/\\\/www.campuspharma.se\\\/fi\\\/raskauspahoinvointi\\\/\",\"url\":\"https:\\\/\\\/www.campuspharma.se\\\/fi\\\/raskauspahoinvointi\\\/\",\"name\":\"Raskauspahoinvointi - CampusPharma\",\"isPartOf\":{\"@id\":\"https:\\\/\\\/www.campuspharma.se\\\/#website\"},\"datePublished\":\"2025-08-19T06:34:15+00:00\",\"dateModified\":\"2026-02-23T12:40:57+00:00\",\"description\":\"Raskauspahoinvointi\u00a0 Raskauspahoinvointi on yleist\u00e4 raskausaikana; jopa kahdeksan naista kymmenest\u00e4 kokee sit\u00e4. Raskauspahoinvoinnin oireita ovat\",\"inLanguage\":\"fi\",\"potentialAction\":[{\"@type\":\"ReadAction\",\"target\":[\"https:\\\/\\\/www.campuspharma.se\\\/fi\\\/raskauspahoinvointi\\\/\"]}]},{\"@type\":\"WebSite\",\"@id\":\"https:\\\/\\\/www.campuspharma.se\\\/#website\",\"url\":\"https:\\\/\\\/www.campuspharma.se\\\/\",\"name\":\"CampusPharma\",\"description\":\"\",\"publisher\":{\"@id\":\"https:\\\/\\\/www.campuspharma.se\\\/#organization\"},\"potentialAction\":[{\"@type\":\"SearchAction\",\"target\":{\"@type\":\"EntryPoint\",\"urlTemplate\":\"https:\\\/\\\/www.campuspharma.se\\\/?s={search_term_string}\"},\"query-input\":{\"@type\":\"PropertyValueSpecification\",\"valueRequired\":true,\"valueName\":\"search_term_string\"}}],\"inLanguage\":\"fi\"},{\"@type\":\"Organization\",\"@id\":\"https:\\\/\\\/www.campuspharma.se\\\/#organization\",\"name\":\"CampusPharma\",\"url\":\"https:\\\/\\\/www.campuspharma.se\\\/\",\"logo\":{\"@type\":\"ImageObject\",\"inLanguage\":\"fi\",\"@id\":\"https:\\\/\\\/www.campuspharma.se\\\/#\\\/schema\\\/logo\\\/image\\\/\",\"url\":\"https:\\\/\\\/www.campuspharma.se\\\/wp-content\\\/uploads\\\/2016\\\/12\\\/logo-cp-klaR-kopia-e1490769756684.png\",\"contentUrl\":\"https:\\\/\\\/www.campuspharma.se\\\/wp-content\\\/uploads\\\/2016\\\/12\\\/logo-cp-klaR-kopia-e1490769756684.png\",\"width\":160,\"height\":98,\"caption\":\"CampusPharma\"},\"image\":{\"@id\":\"https:\\\/\\\/www.campuspharma.se\\\/#\\\/schema\\\/logo\\\/image\\\/\"}}]}<\/script>\n<!-- \/ Yoast SEO plugin. -->","yoast_head_json":{"title":"Raskauspahoinvointi - CampusPharma","description":"Raskauspahoinvointi\u00a0 Raskauspahoinvointi on yleist\u00e4 raskausaikana; jopa kahdeksan naista kymmenest\u00e4 kokee sit\u00e4. Raskauspahoinvoinnin oireita ovat","robots":{"index":"index","follow":"follow","max-snippet":"max-snippet:-1","max-image-preview":"max-image-preview:large","max-video-preview":"max-video-preview:-1"},"canonical":"https:\/\/www.campuspharma.se\/fi\/raskauspahoinvointi\/","og_locale":"fi_FI","og_type":"article","og_title":"Raskauspahoinvointi - CampusPharma","og_description":"Raskauspahoinvointi\u00a0 Raskauspahoinvointi on yleist\u00e4 raskausaikana; jopa kahdeksan naista kymmenest\u00e4 kokee sit\u00e4. Raskauspahoinvoinnin oireita ovat","og_url":"https:\/\/www.campuspharma.se\/fi\/raskauspahoinvointi\/","og_site_name":"CampusPharma","article_modified_time":"2026-02-23T12:40:57+00:00","twitter_card":"summary_large_image","twitter_misc":{"Arvioitu lukuaika":"1 minuutti"},"schema":{"@context":"https:\/\/schema.org","@graph":[{"@type":"WebPage","@id":"https:\/\/www.campuspharma.se\/fi\/raskauspahoinvointi\/","url":"https:\/\/www.campuspharma.se\/fi\/raskauspahoinvointi\/","name":"Raskauspahoinvointi - CampusPharma","isPartOf":{"@id":"https:\/\/www.campuspharma.se\/#website"},"datePublished":"2025-08-19T06:34:15+00:00","dateModified":"2026-02-23T12:40:57+00:00","description":"Raskauspahoinvointi\u00a0 Raskauspahoinvointi on yleist\u00e4 raskausaikana; jopa kahdeksan naista kymmenest\u00e4 kokee sit\u00e4. Raskauspahoinvoinnin oireita ovat","inLanguage":"fi","potentialAction":[{"@type":"ReadAction","target":["https:\/\/www.campuspharma.se\/fi\/raskauspahoinvointi\/"]}]},{"@type":"WebSite","@id":"https:\/\/www.campuspharma.se\/#website","url":"https:\/\/www.campuspharma.se\/","name":"CampusPharma","description":"","publisher":{"@id":"https:\/\/www.campuspharma.se\/#organization"},"potentialAction":[{"@type":"SearchAction","target":{"@type":"EntryPoint","urlTemplate":"https:\/\/www.campuspharma.se\/?s={search_term_string}"},"query-input":{"@type":"PropertyValueSpecification","valueRequired":true,"valueName":"search_term_string"}}],"inLanguage":"fi"},{"@type":"Organization","@id":"https:\/\/www.campuspharma.se\/#organization","name":"CampusPharma","url":"https:\/\/www.campuspharma.se\/","logo":{"@type":"ImageObject","inLanguage":"fi","@id":"https:\/\/www.campuspharma.se\/#\/schema\/logo\/image\/","url":"https:\/\/www.campuspharma.se\/wp-content\/uploads\/2016\/12\/logo-cp-klaR-kopia-e1490769756684.png","contentUrl":"https:\/\/www.campuspharma.se\/wp-content\/uploads\/2016\/12\/logo-cp-klaR-kopia-e1490769756684.png","width":160,"height":98,"caption":"CampusPharma"},"image":{"@id":"https:\/\/www.campuspharma.se\/#\/schema\/logo\/image\/"}}]}},"_links":{"self":[{"href":"https:\/\/www.campuspharma.se\/fi\/wp-json\/wp\/v2\/pages\/26029","targetHints":{"allow":["GET"]}}],"collection":[{"href":"https:\/\/www.campuspharma.se\/fi\/wp-json\/wp\/v2\/pages"}],"about":[{"href":"https:\/\/www.campuspharma.se\/fi\/wp-json\/wp\/v2\/types\/page"}],"author":[{"embeddable":true,"href":"https:\/\/www.campuspharma.se\/fi\/wp-json\/wp\/v2\/users\/2"}],"replies":[{"embeddable":true,"href":"https:\/\/www.campuspharma.se\/fi\/wp-json\/wp\/v2\/comments?post=26029"}],"version-history":[{"count":3,"href":"https:\/\/www.campuspharma.se\/fi\/wp-json\/wp\/v2\/pages\/26029\/revisions"}],"predecessor-version":[{"id":26278,"href":"https:\/\/www.campuspharma.se\/fi\/wp-json\/wp\/v2\/pages\/26029\/revisions\/26278"}],"wp:attachment":[{"href":"https:\/\/www.campuspharma.se\/fi\/wp-json\/wp\/v2\/media?parent=26029"}],"curies":[{"name":"wp","href":"https:\/\/api.w.org\/{rel}","templated":true}]}}