{"id":19521,"date":"2024-03-13T11:59:47","date_gmt":"2024-03-13T10:59:47","guid":{"rendered":"https:\/\/www.campuspharma.se\/?page_id=19521"},"modified":"2026-02-23T13:41:44","modified_gmt":"2026-02-23T12:41:44","slug":"neurologia","status":"publish","type":"page","link":"https:\/\/www.campuspharma.se\/fi\/neurologia\/","title":{"rendered":"Neurologia"},"content":{"rendered":"\n<h1 class=\"wp-block-heading\">Neurologia<\/h1>\n\n\n\n<h3 class=\"wp-block-heading\">ALS<\/h3>\n\n\n\n<p class=\"wp-block-paragraph\">Amyotrofinen lateraaliskleroosi on neurodegeneratiivisten sairauksien ryhm\u00e4, jolla on tunnusomaista luustolihaksia ohjaavien liikehermojen rappeutuminen. Seurauksena on lihasten surkastuminen ja halvaantuminen.<\/p>\n\n\n\n<h3 class=\"wp-block-heading\">Parkinsonin tauti<\/h3>\n\n\n\n<p class=\"wp-block-paragraph\">Parkinsonin tauti on ennen kaikkea liikeh\u00e4iri\u00f6sairaus, mutta se aiheuttaa my\u00f6s muita kuin motorisia oireita. Autonomisen hermoston toimintah\u00e4iri\u00f6 voi aiheuttaa esimerkiksi ortostaattista hypotensiota eli systeemisen verenpaineen laskua pystyasennossa. Aivojen hypoperfuusion seurauksena voi olla esimerkiksi huimausta ja py\u00f6rtymist\u00e4.<\/p>\n","protected":false},"excerpt":{"rendered":"<p>Neurologia ALS Amyotrofinen lateraaliskleroosi on neurodegeneratiivisten sairauksien ryhm\u00e4, jolla on tunnusomaista luustolihaksia ohjaavien liikehermojen rappeutuminen.<\/p>\n","protected":false},"author":2,"featured_media":0,"parent":0,"menu_order":0,"comment_status":"closed","ping_status":"closed","template":"gynekologiMall.php","meta":{"_acf_changed":false,"_crdt_document":"","footnotes":""},"class_list":["post-19521","page","type-page","status-publish","hentry"],"acf":[],"yoast_head":"<!-- This site is optimized with the Yoast SEO plugin v27.3 - https:\/\/yoast.com\/product\/yoast-seo-wordpress\/ -->\n<title>Neurologia - CampusPharma<\/title>\n<meta name=\"description\" content=\"Neurologia ALS Amyotrofinen lateraaliskleroosi on neurodegeneratiivisten sairauksien ryhm\u00e4, jolla on tunnusomaista luustolihaksia ohjaavien liikehermojen\" \/>\n<meta name=\"robots\" content=\"index, follow, max-snippet:-1, max-image-preview:large, max-video-preview:-1\" \/>\n<link rel=\"canonical\" href=\"https:\/\/www.campuspharma.se\/fi\/neurologia\/\" \/>\n<meta property=\"og:locale\" content=\"fi_FI\" \/>\n<meta property=\"og:type\" content=\"article\" \/>\n<meta property=\"og:title\" content=\"Neurologia - CampusPharma\" \/>\n<meta property=\"og:description\" content=\"Neurologia ALS Amyotrofinen lateraaliskleroosi on neurodegeneratiivisten sairauksien ryhm\u00e4, jolla on tunnusomaista luustolihaksia ohjaavien liikehermojen\" \/>\n<meta property=\"og:url\" content=\"https:\/\/www.campuspharma.se\/fi\/neurologia\/\" \/>\n<meta property=\"og:site_name\" content=\"CampusPharma\" \/>\n<meta property=\"article:modified_time\" content=\"2026-02-23T12:41:44+00:00\" \/>\n<meta name=\"twitter:card\" content=\"summary_large_image\" \/>\n<meta name=\"twitter:label1\" content=\"Arvioitu lukuaika\" \/>\n\t<meta name=\"twitter:data1\" content=\"1 minuutti\" \/>\n<script type=\"application\/ld+json\" class=\"yoast-schema-graph\">{\"@context\":\"https:\\\/\\\/schema.org\",\"@graph\":[{\"@type\":\"WebPage\",\"@id\":\"https:\\\/\\\/www.campuspharma.se\\\/fi\\\/neurologia\\\/\",\"url\":\"https:\\\/\\\/www.campuspharma.se\\\/fi\\\/neurologia\\\/\",\"name\":\"Neurologia - CampusPharma\",\"isPartOf\":{\"@id\":\"https:\\\/\\\/www.campuspharma.se\\\/#website\"},\"datePublished\":\"2024-03-13T10:59:47+00:00\",\"dateModified\":\"2026-02-23T12:41:44+00:00\",\"description\":\"Neurologia ALS Amyotrofinen lateraaliskleroosi on neurodegeneratiivisten sairauksien ryhm\u00e4, jolla on tunnusomaista luustolihaksia ohjaavien liikehermojen\",\"inLanguage\":\"fi\",\"potentialAction\":[{\"@type\":\"ReadAction\",\"target\":[\"https:\\\/\\\/www.campuspharma.se\\\/fi\\\/neurologia\\\/\"]}]},{\"@type\":\"WebSite\",\"@id\":\"https:\\\/\\\/www.campuspharma.se\\\/#website\",\"url\":\"https:\\\/\\\/www.campuspharma.se\\\/\",\"name\":\"CampusPharma\",\"description\":\"\",\"publisher\":{\"@id\":\"https:\\\/\\\/www.campuspharma.se\\\/#organization\"},\"potentialAction\":[{\"@type\":\"SearchAction\",\"target\":{\"@type\":\"EntryPoint\",\"urlTemplate\":\"https:\\\/\\\/www.campuspharma.se\\\/?s={search_term_string}\"},\"query-input\":{\"@type\":\"PropertyValueSpecification\",\"valueRequired\":true,\"valueName\":\"search_term_string\"}}],\"inLanguage\":\"fi\"},{\"@type\":\"Organization\",\"@id\":\"https:\\\/\\\/www.campuspharma.se\\\/#organization\",\"name\":\"CampusPharma\",\"url\":\"https:\\\/\\\/www.campuspharma.se\\\/\",\"logo\":{\"@type\":\"ImageObject\",\"inLanguage\":\"fi\",\"@id\":\"https:\\\/\\\/www.campuspharma.se\\\/#\\\/schema\\\/logo\\\/image\\\/\",\"url\":\"https:\\\/\\\/www.campuspharma.se\\\/wp-content\\\/uploads\\\/2016\\\/12\\\/logo-cp-klaR-kopia-e1490769756684.png\",\"contentUrl\":\"https:\\\/\\\/www.campuspharma.se\\\/wp-content\\\/uploads\\\/2016\\\/12\\\/logo-cp-klaR-kopia-e1490769756684.png\",\"width\":160,\"height\":98,\"caption\":\"CampusPharma\"},\"image\":{\"@id\":\"https:\\\/\\\/www.campuspharma.se\\\/#\\\/schema\\\/logo\\\/image\\\/\"}}]}<\/script>\n<!-- \/ Yoast SEO plugin. -->","yoast_head_json":{"title":"Neurologia - CampusPharma","description":"Neurologia ALS Amyotrofinen lateraaliskleroosi on neurodegeneratiivisten sairauksien ryhm\u00e4, jolla on tunnusomaista luustolihaksia ohjaavien liikehermojen","robots":{"index":"index","follow":"follow","max-snippet":"max-snippet:-1","max-image-preview":"max-image-preview:large","max-video-preview":"max-video-preview:-1"},"canonical":"https:\/\/www.campuspharma.se\/fi\/neurologia\/","og_locale":"fi_FI","og_type":"article","og_title":"Neurologia - CampusPharma","og_description":"Neurologia ALS Amyotrofinen lateraaliskleroosi on neurodegeneratiivisten sairauksien ryhm\u00e4, jolla on tunnusomaista luustolihaksia ohjaavien liikehermojen","og_url":"https:\/\/www.campuspharma.se\/fi\/neurologia\/","og_site_name":"CampusPharma","article_modified_time":"2026-02-23T12:41:44+00:00","twitter_card":"summary_large_image","twitter_misc":{"Arvioitu lukuaika":"1 minuutti"},"schema":{"@context":"https:\/\/schema.org","@graph":[{"@type":"WebPage","@id":"https:\/\/www.campuspharma.se\/fi\/neurologia\/","url":"https:\/\/www.campuspharma.se\/fi\/neurologia\/","name":"Neurologia - CampusPharma","isPartOf":{"@id":"https:\/\/www.campuspharma.se\/#website"},"datePublished":"2024-03-13T10:59:47+00:00","dateModified":"2026-02-23T12:41:44+00:00","description":"Neurologia ALS Amyotrofinen lateraaliskleroosi on neurodegeneratiivisten sairauksien ryhm\u00e4, jolla on tunnusomaista luustolihaksia ohjaavien liikehermojen","inLanguage":"fi","potentialAction":[{"@type":"ReadAction","target":["https:\/\/www.campuspharma.se\/fi\/neurologia\/"]}]},{"@type":"WebSite","@id":"https:\/\/www.campuspharma.se\/#website","url":"https:\/\/www.campuspharma.se\/","name":"CampusPharma","description":"","publisher":{"@id":"https:\/\/www.campuspharma.se\/#organization"},"potentialAction":[{"@type":"SearchAction","target":{"@type":"EntryPoint","urlTemplate":"https:\/\/www.campuspharma.se\/?s={search_term_string}"},"query-input":{"@type":"PropertyValueSpecification","valueRequired":true,"valueName":"search_term_string"}}],"inLanguage":"fi"},{"@type":"Organization","@id":"https:\/\/www.campuspharma.se\/#organization","name":"CampusPharma","url":"https:\/\/www.campuspharma.se\/","logo":{"@type":"ImageObject","inLanguage":"fi","@id":"https:\/\/www.campuspharma.se\/#\/schema\/logo\/image\/","url":"https:\/\/www.campuspharma.se\/wp-content\/uploads\/2016\/12\/logo-cp-klaR-kopia-e1490769756684.png","contentUrl":"https:\/\/www.campuspharma.se\/wp-content\/uploads\/2016\/12\/logo-cp-klaR-kopia-e1490769756684.png","width":160,"height":98,"caption":"CampusPharma"},"image":{"@id":"https:\/\/www.campuspharma.se\/#\/schema\/logo\/image\/"}}]}},"_links":{"self":[{"href":"https:\/\/www.campuspharma.se\/fi\/wp-json\/wp\/v2\/pages\/19521","targetHints":{"allow":["GET"]}}],"collection":[{"href":"https:\/\/www.campuspharma.se\/fi\/wp-json\/wp\/v2\/pages"}],"about":[{"href":"https:\/\/www.campuspharma.se\/fi\/wp-json\/wp\/v2\/types\/page"}],"author":[{"embeddable":true,"href":"https:\/\/www.campuspharma.se\/fi\/wp-json\/wp\/v2\/users\/2"}],"replies":[{"embeddable":true,"href":"https:\/\/www.campuspharma.se\/fi\/wp-json\/wp\/v2\/comments?post=19521"}],"version-history":[{"count":5,"href":"https:\/\/www.campuspharma.se\/fi\/wp-json\/wp\/v2\/pages\/19521\/revisions"}],"predecessor-version":[{"id":27197,"href":"https:\/\/www.campuspharma.se\/fi\/wp-json\/wp\/v2\/pages\/19521\/revisions\/27197"}],"wp:attachment":[{"href":"https:\/\/www.campuspharma.se\/fi\/wp-json\/wp\/v2\/media?parent=19521"}],"curies":[{"name":"wp","href":"https:\/\/api.w.org\/{rel}","templated":true}]}}