{"id":19463,"date":"2024-03-13T10:33:54","date_gmt":"2024-03-13T09:33:54","guid":{"rendered":"https:\/\/www.campuspharma.se\/?page_id=19463"},"modified":"2025-09-09T14:07:22","modified_gmt":"2025-09-09T12:07:22","slug":"yhteiskunnalliset-hankkeet","status":"publish","type":"page","link":"https:\/\/www.campuspharma.se\/fi\/yhteiskunnalliset-hankkeet\/","title":{"rendered":"Yhteiskunnalliset hankkeet"},"content":{"rendered":"<h1 class=\"p1\">Mit\u00e4 ovat CampusPharma Health Project -hankkeet?<\/h1>\n<h2 class=\"p1\">CampusPharma kantaa yhteiskuntavastuuta, jonka osana teemme yhteisty\u00f6t\u00e4 Kongon demokraattisessa tasavallassa (Kongo-Kinshasassa) sijaitsevan sairaalaklinikan kanssa ja tuemme sen toimintaa. Klinikka sijaitsee Muandassa, joka on pienehk\u00f6 kaupunki maan l\u00e4nsiosassa.<\/h2>\nKlinikan nimi on <em>La Grace<\/em> (joka tarkoittaa ranskaksi \u201dansiosta\u201d), ja se on hyvin toimiva sairaalaklinikka ottaen huomioon yhteiskunnalliset olosuhteet t\u00e4ss\u00e4 osassa maailmaa. Klinikka perustettiin vuonna 1991 l\u00e4\u00e4k\u00e4ri ja yritt\u00e4j\u00e4 <em>Paul Mbongan aloitteesta.<\/em>\u00a0Aluksi se koostui yhdest\u00e4 vastaanottohuoneesta, pienest\u00e4 laboratoriosta ja muutamasta s\u00e4ngyst\u00e4 potilaiden lyhytkestoista tarkkailua varten.\n\nLa Gracen toimintaolosuhteet olivat 90-luvulla huomattavan haasteelliset, mutta nyky\u00e4\u00e4n se on pienehk\u00f6 sairaalaklinikka, jonka osastolle mahtuu noin 50 potilasta ja poliklinikka palvelee jopa sataa potilasta p\u00e4iv\u00e4ss\u00e4. Klinikalla on noin 25 ty\u00f6ntekij\u00e4\u00e4: l\u00e4\u00e4k\u00e4reit\u00e4, k\u00e4til\u00f6it\u00e4, sairaanhoitajia ja muuta hoitohenkil\u00f6kuntaa. \u201dLa Gracen\u201d ansiosta hyv\u00e4\u00e4 hoitoa on tarjolla monille sit\u00e4 tarvitseville.\n\nCampusPharman roolina on osallistua etenkin La Gracen kehitt\u00e4miseen ja laajentamiseen monin eri tavoin, esimerkiksi investoimalla p\u00e4\u00e4omaa ja osaamista. Maassa on suuri tarve toimiville terveydenhuollon palveluille. Klinikan historia huomioon ottaen uskomme, ett\u00e4 edellytykset toiminnan laajentamiselle edelleen tulevaisuudessa ovat hyv\u00e4t. Uusi klinikka otettiin k\u00e4ytt\u00f6\u00f6n kes\u00e4kuussa 2015, ja vajaan vuoden kuluttua useimmat toiminnot olivat jo k\u00e4yt\u00f6ss\u00e4. Suuri osa uuden klinikan terveydenhuollon materiaaleista on per\u00e4isin Ruotsista, ja CampusPharma oli mukana niiden j\u00e4rjest\u00e4misess\u00e4.\n\nJos haluat tiet\u00e4\u00e4 lis\u00e4\u00e4 hankkeesta tai osallistua siihen, ota yhteys meihin!\n\n\n\t\t<style type=\"text\/css\">\n\t\t\t#gallery-1 {\n\t\t\t\tmargin: auto;\n\t\t\t}\n\t\t\t#gallery-1 .gallery-item {\n\t\t\t\tfloat: left;\n\t\t\t\tmargin-top: 10px;\n\t\t\t\ttext-align: center;\n\t\t\t\twidth: 25%;\n\t\t\t}\n\t\t\t#gallery-1 img {\n\t\t\t\tborder: 2px solid #cfcfcf;\n\t\t\t}\n\t\t\t#gallery-1 .gallery-caption {\n\t\t\t\tmargin-left: 0;\n\t\t\t}\n\t\t\t\/* see gallery_shortcode() in wp-includes\/media.php *\/\n\t\t<\/style>\n\t\t<div id='gallery-1' class='gallery galleryid-19463 gallery-columns-4 gallery-size-thumbnail'><dl class='gallery-item'>\n\t\t\t<dt class='gallery-icon portrait'>\n\t\t\t\t<a href='https:\/\/www.campuspharma.se\/wp-content\/uploads\/2024\/03\/la-grace-001-225x300-1.jpg'><img loading=\"lazy\" decoding=\"async\" width=\"150\" height=\"150\" src=\"https:\/\/www.campuspharma.se\/wp-content\/uploads\/2024\/03\/la-grace-001-225x300-1-150x150.jpg\" class=\"attachment-thumbnail size-thumbnail\" alt=\"\" \/><\/a>\n\t\t\t<\/dt><\/dl><dl class='gallery-item'>\n\t\t\t<dt class='gallery-icon portrait'>\n\t\t\t\t<a href='https:\/\/www.campuspharma.se\/wp-content\/uploads\/2024\/03\/la-grace-002-225x300-1.jpg'><img loading=\"lazy\" decoding=\"async\" width=\"150\" height=\"150\" src=\"https:\/\/www.campuspharma.se\/wp-content\/uploads\/2024\/03\/la-grace-002-225x300-1-150x150.jpg\" class=\"attachment-thumbnail size-thumbnail\" alt=\"\" \/><\/a>\n\t\t\t<\/dt><\/dl><dl class='gallery-item'>\n\t\t\t<dt class='gallery-icon landscape'>\n\t\t\t\t<a href='https:\/\/www.campuspharma.se\/wp-content\/uploads\/2024\/03\/la-grace-003-300x225-1.jpg'><img loading=\"lazy\" decoding=\"async\" width=\"150\" height=\"150\" src=\"https:\/\/www.campuspharma.se\/wp-content\/uploads\/2024\/03\/la-grace-003-300x225-1-150x150.jpg\" class=\"attachment-thumbnail size-thumbnail\" alt=\"\" \/><\/a>\n\t\t\t<\/dt><\/dl><dl class='gallery-item'>\n\t\t\t<dt class='gallery-icon landscape'>\n\t\t\t\t<a href='https:\/\/www.campuspharma.se\/wp-content\/uploads\/2024\/03\/la-grace-004-300x225-1.jpg'><img loading=\"lazy\" decoding=\"async\" width=\"150\" height=\"150\" src=\"https:\/\/www.campuspharma.se\/wp-content\/uploads\/2024\/03\/la-grace-004-300x225-1-150x150.jpg\" class=\"attachment-thumbnail size-thumbnail\" alt=\"\" \/><\/a>\n\t\t\t<\/dt><\/dl><br style=\"clear: both\" \/><dl class='gallery-item'>\n\t\t\t<dt class='gallery-icon landscape'>\n\t\t\t\t<a href='https:\/\/www.campuspharma.se\/wp-content\/uploads\/2024\/03\/la-grace-005-300x225-1.jpg'><img loading=\"lazy\" decoding=\"async\" width=\"150\" height=\"150\" src=\"https:\/\/www.campuspharma.se\/wp-content\/uploads\/2024\/03\/la-grace-005-300x225-1-150x150.jpg\" class=\"attachment-thumbnail size-thumbnail\" alt=\"\" \/><\/a>\n\t\t\t<\/dt><\/dl><dl class='gallery-item'>\n\t\t\t<dt class='gallery-icon landscape'>\n\t\t\t\t<a href='https:\/\/www.campuspharma.se\/wp-content\/uploads\/2024\/03\/la-grace-006-300x225-1.jpg'><img loading=\"lazy\" decoding=\"async\" width=\"150\" height=\"150\" src=\"https:\/\/www.campuspharma.se\/wp-content\/uploads\/2024\/03\/la-grace-006-300x225-1-150x150.jpg\" class=\"attachment-thumbnail size-thumbnail\" alt=\"\" \/><\/a>\n\t\t\t<\/dt><\/dl>\n\t\t\t<br style='clear: both' \/>\n\t\t<\/div>\n","protected":false},"excerpt":{"rendered":"<p>Mit\u00e4 ovat CampusPharma Health Project -hankkeet? CampusPharma kantaa yhteiskuntavastuuta, jonka osana teemme yhteisty\u00f6t\u00e4 Kongon demokraattisessa<\/p>\n","protected":false},"author":2,"featured_media":0,"parent":0,"menu_order":0,"comment_status":"closed","ping_status":"closed","template":"","meta":{"_acf_changed":false,"_crdt_document":"","footnotes":""},"class_list":["post-19463","page","type-page","status-publish","hentry"],"acf":[],"yoast_head":"<!-- This site is optimized with the Yoast SEO plugin v27.3 - https:\/\/yoast.com\/product\/yoast-seo-wordpress\/ -->\n<title>Yhteiskunnalliset hankkeet - CampusPharma<\/title>\n<meta name=\"description\" content=\"Mit\u00e4 ovat CampusPharma Health Project -hankkeet? CampusPharma kantaa yhteiskuntavastuuta, jonka osana teemme yhteisty\u00f6t\u00e4 Kongon demokraattisessa\" \/>\n<meta name=\"robots\" content=\"index, follow, max-snippet:-1, max-image-preview:large, max-video-preview:-1\" \/>\n<link rel=\"canonical\" href=\"https:\/\/www.campuspharma.se\/fi\/yhteiskunnalliset-hankkeet\/\" \/>\n<meta property=\"og:locale\" content=\"fi_FI\" \/>\n<meta property=\"og:type\" content=\"article\" \/>\n<meta property=\"og:title\" content=\"Yhteiskunnalliset hankkeet - CampusPharma\" \/>\n<meta property=\"og:description\" content=\"Mit\u00e4 ovat CampusPharma Health Project -hankkeet? CampusPharma kantaa yhteiskuntavastuuta, jonka osana teemme yhteisty\u00f6t\u00e4 Kongon demokraattisessa\" \/>\n<meta property=\"og:url\" content=\"https:\/\/www.campuspharma.se\/fi\/yhteiskunnalliset-hankkeet\/\" \/>\n<meta property=\"og:site_name\" content=\"CampusPharma\" \/>\n<meta property=\"article:modified_time\" content=\"2025-09-09T12:07:22+00:00\" \/>\n<meta property=\"og:image\" content=\"https:\/\/www.campuspharma.se\/wp-content\/uploads\/2024\/03\/la-grace-001-225x300-1-150x150.jpg\" \/>\n<meta name=\"twitter:card\" content=\"summary_large_image\" \/>\n<meta name=\"twitter:label1\" content=\"Arvioitu lukuaika\" \/>\n\t<meta name=\"twitter:data1\" content=\"2 minuuttia\" \/>\n<script type=\"application\/ld+json\" class=\"yoast-schema-graph\">{\"@context\":\"https:\\\/\\\/schema.org\",\"@graph\":[{\"@type\":\"WebPage\",\"@id\":\"https:\\\/\\\/www.campuspharma.se\\\/fi\\\/yhteiskunnalliset-hankkeet\\\/\",\"url\":\"https:\\\/\\\/www.campuspharma.se\\\/fi\\\/yhteiskunnalliset-hankkeet\\\/\",\"name\":\"Yhteiskunnalliset hankkeet - CampusPharma\",\"isPartOf\":{\"@id\":\"https:\\\/\\\/www.campuspharma.se\\\/#website\"},\"datePublished\":\"2024-03-13T09:33:54+00:00\",\"dateModified\":\"2025-09-09T12:07:22+00:00\",\"description\":\"Mit\u00e4 ovat CampusPharma Health Project -hankkeet? CampusPharma kantaa yhteiskuntavastuuta, jonka osana teemme yhteisty\u00f6t\u00e4 Kongon demokraattisessa\",\"inLanguage\":\"fi\",\"potentialAction\":[{\"@type\":\"ReadAction\",\"target\":[\"https:\\\/\\\/www.campuspharma.se\\\/fi\\\/yhteiskunnalliset-hankkeet\\\/\"]}]},{\"@type\":\"WebSite\",\"@id\":\"https:\\\/\\\/www.campuspharma.se\\\/#website\",\"url\":\"https:\\\/\\\/www.campuspharma.se\\\/\",\"name\":\"CampusPharma\",\"description\":\"\",\"publisher\":{\"@id\":\"https:\\\/\\\/www.campuspharma.se\\\/#organization\"},\"potentialAction\":[{\"@type\":\"SearchAction\",\"target\":{\"@type\":\"EntryPoint\",\"urlTemplate\":\"https:\\\/\\\/www.campuspharma.se\\\/?s={search_term_string}\"},\"query-input\":{\"@type\":\"PropertyValueSpecification\",\"valueRequired\":true,\"valueName\":\"search_term_string\"}}],\"inLanguage\":\"fi\"},{\"@type\":\"Organization\",\"@id\":\"https:\\\/\\\/www.campuspharma.se\\\/#organization\",\"name\":\"CampusPharma\",\"url\":\"https:\\\/\\\/www.campuspharma.se\\\/\",\"logo\":{\"@type\":\"ImageObject\",\"inLanguage\":\"fi\",\"@id\":\"https:\\\/\\\/www.campuspharma.se\\\/#\\\/schema\\\/logo\\\/image\\\/\",\"url\":\"https:\\\/\\\/www.campuspharma.se\\\/wp-content\\\/uploads\\\/2016\\\/12\\\/logo-cp-klaR-kopia-e1490769756684.png\",\"contentUrl\":\"https:\\\/\\\/www.campuspharma.se\\\/wp-content\\\/uploads\\\/2016\\\/12\\\/logo-cp-klaR-kopia-e1490769756684.png\",\"width\":160,\"height\":98,\"caption\":\"CampusPharma\"},\"image\":{\"@id\":\"https:\\\/\\\/www.campuspharma.se\\\/#\\\/schema\\\/logo\\\/image\\\/\"}}]}<\/script>\n<!-- \/ Yoast SEO plugin. -->","yoast_head_json":{"title":"Yhteiskunnalliset hankkeet - CampusPharma","description":"Mit\u00e4 ovat CampusPharma Health Project -hankkeet? CampusPharma kantaa yhteiskuntavastuuta, jonka osana teemme yhteisty\u00f6t\u00e4 Kongon demokraattisessa","robots":{"index":"index","follow":"follow","max-snippet":"max-snippet:-1","max-image-preview":"max-image-preview:large","max-video-preview":"max-video-preview:-1"},"canonical":"https:\/\/www.campuspharma.se\/fi\/yhteiskunnalliset-hankkeet\/","og_locale":"fi_FI","og_type":"article","og_title":"Yhteiskunnalliset hankkeet - CampusPharma","og_description":"Mit\u00e4 ovat CampusPharma Health Project -hankkeet? CampusPharma kantaa yhteiskuntavastuuta, jonka osana teemme yhteisty\u00f6t\u00e4 Kongon demokraattisessa","og_url":"https:\/\/www.campuspharma.se\/fi\/yhteiskunnalliset-hankkeet\/","og_site_name":"CampusPharma","article_modified_time":"2025-09-09T12:07:22+00:00","og_image":[{"url":"https:\/\/www.campuspharma.se\/wp-content\/uploads\/2024\/03\/la-grace-001-225x300-1-150x150.jpg","type":"","width":"","height":""}],"twitter_card":"summary_large_image","twitter_misc":{"Arvioitu lukuaika":"2 minuuttia"},"schema":{"@context":"https:\/\/schema.org","@graph":[{"@type":"WebPage","@id":"https:\/\/www.campuspharma.se\/fi\/yhteiskunnalliset-hankkeet\/","url":"https:\/\/www.campuspharma.se\/fi\/yhteiskunnalliset-hankkeet\/","name":"Yhteiskunnalliset hankkeet - CampusPharma","isPartOf":{"@id":"https:\/\/www.campuspharma.se\/#website"},"datePublished":"2024-03-13T09:33:54+00:00","dateModified":"2025-09-09T12:07:22+00:00","description":"Mit\u00e4 ovat CampusPharma Health Project -hankkeet? CampusPharma kantaa yhteiskuntavastuuta, jonka osana teemme yhteisty\u00f6t\u00e4 Kongon demokraattisessa","inLanguage":"fi","potentialAction":[{"@type":"ReadAction","target":["https:\/\/www.campuspharma.se\/fi\/yhteiskunnalliset-hankkeet\/"]}]},{"@type":"WebSite","@id":"https:\/\/www.campuspharma.se\/#website","url":"https:\/\/www.campuspharma.se\/","name":"CampusPharma","description":"","publisher":{"@id":"https:\/\/www.campuspharma.se\/#organization"},"potentialAction":[{"@type":"SearchAction","target":{"@type":"EntryPoint","urlTemplate":"https:\/\/www.campuspharma.se\/?s={search_term_string}"},"query-input":{"@type":"PropertyValueSpecification","valueRequired":true,"valueName":"search_term_string"}}],"inLanguage":"fi"},{"@type":"Organization","@id":"https:\/\/www.campuspharma.se\/#organization","name":"CampusPharma","url":"https:\/\/www.campuspharma.se\/","logo":{"@type":"ImageObject","inLanguage":"fi","@id":"https:\/\/www.campuspharma.se\/#\/schema\/logo\/image\/","url":"https:\/\/www.campuspharma.se\/wp-content\/uploads\/2016\/12\/logo-cp-klaR-kopia-e1490769756684.png","contentUrl":"https:\/\/www.campuspharma.se\/wp-content\/uploads\/2016\/12\/logo-cp-klaR-kopia-e1490769756684.png","width":160,"height":98,"caption":"CampusPharma"},"image":{"@id":"https:\/\/www.campuspharma.se\/#\/schema\/logo\/image\/"}}]}},"_links":{"self":[{"href":"https:\/\/www.campuspharma.se\/fi\/wp-json\/wp\/v2\/pages\/19463","targetHints":{"allow":["GET"]}}],"collection":[{"href":"https:\/\/www.campuspharma.se\/fi\/wp-json\/wp\/v2\/pages"}],"about":[{"href":"https:\/\/www.campuspharma.se\/fi\/wp-json\/wp\/v2\/types\/page"}],"author":[{"embeddable":true,"href":"https:\/\/www.campuspharma.se\/fi\/wp-json\/wp\/v2\/users\/2"}],"replies":[{"embeddable":true,"href":"https:\/\/www.campuspharma.se\/fi\/wp-json\/wp\/v2\/comments?post=19463"}],"version-history":[{"count":3,"href":"https:\/\/www.campuspharma.se\/fi\/wp-json\/wp\/v2\/pages\/19463\/revisions"}],"predecessor-version":[{"id":26394,"href":"https:\/\/www.campuspharma.se\/fi\/wp-json\/wp\/v2\/pages\/19463\/revisions\/26394"}],"wp:attachment":[{"href":"https:\/\/www.campuspharma.se\/fi\/wp-json\/wp\/v2\/media?parent=19463"}],"curies":[{"name":"wp","href":"https:\/\/api.w.org\/{rel}","templated":true}]}}