{"id":19460,"date":"2024-03-13T10:28:48","date_gmt":"2024-03-13T09:28:48","guid":{"rendered":"https:\/\/www.campuspharma.se\/?page_id=19460"},"modified":"2026-02-23T14:37:44","modified_gmt":"2026-02-23T13:37:44","slug":"tietoa-erityislupavalmisteista","status":"publish","type":"page","link":"https:\/\/www.campuspharma.se\/fi\/tietoa-erityislupavalmisteista\/","title":{"rendered":"Tietoa erityislupavalmisteista"},"content":{"rendered":"<h1>Erityisluvalliset l\u00e4\u00e4kevalmisteet \u2013 kun myyntiluvalliset l\u00e4\u00e4kevalmisteet eiv\u00e4t riit\u00e4<\/h1>\r\n<h2>CampusPharma voi auttaa erityislupaa edellytt\u00e4vien valmisteiden hankinnassa ja jakelussa Pohjoismaiden markkinoilla.<\/h2>\r\n<p>Jos myyntiluvalliset valmisteet eiv\u00e4t riit\u00e4 vastaamaan johonkin sairaanhoidolliseen tarpeeseen, erityislupavalmisteen* saatavuus voi olla el\u00e4m\u00e4n ja kuoleman kysymys. Erityislupaa voidaan hakea valmisteille<\/p>\r\n<ul>\r\n\t<li>jotka ovat viel\u00e4 kehitysvaiheessa \/ joiden kliiniset tutkimukset ovat kesken<\/li>\r\n\t<li>joiden myyntilupa kyseisess\u00e4 maassa on peruuntunut<\/li>\r\n\t<li>joilla on myyntilupa jossakin toisessa maassa<\/li>\r\n\t<li>joilla ei viel\u00e4 ole myyntilupaa kyseisess\u00e4 maassa.<\/li>\r\n<\/ul>\r\n<p>Erityisluvallisten valmisteiden kysynt\u00e4 on kasvanut, kun tietoa niist\u00e4 on tullut entist\u00e4 laajemmin saataville. Useimpien muiden maiden tapaan Pohjoismaissa on erikseen s\u00e4\u00e4detty mahdollisuudesta luovuttaa kulutukseen l\u00e4\u00e4kevalmisteita, jolla ei ole myyntilupaa. T\u00e4m\u00e4 edellytt\u00e4\u00e4, ett\u00e4 valmisteen k\u00e4ytt\u00f6\u00f6n on erityisi\u00e4 sairaanhoidollisia syit\u00e4, eik\u00e4 hoidontarpeeseen voida vastata muilla keinoin. Erityislupak\u00e4yt\u00e4nt\u00f6\u00e4 s\u00e4\u00e4ntelev\u00e4t ja valvovat kunkin maan l\u00e4\u00e4keviranomaiset.<\/p>\r\n<h3>Autamme erityislupavalmisteiden hankinnassa.<\/h3>\r\n<p>CampusPharma voi auttaa erityislupaa edellytt\u00e4vien valmisteiden hankinnassa ja jakelussa. Meill\u00e4 on laaja, vuosien varrella j\u00e4rjestelm\u00e4llisesti rakentunut toimittajaverkosto, joka kattaa sek\u00e4 Euroopan ett\u00e4 muun maailman. Sen kautta pystymme hankkimaan ja tarjoamaan erityislupavalmisteita, kun niiden k\u00e4yt\u00f6lle on erityisi\u00e4 sairaanhoidollisia syit\u00e4.\u00a0Autamme laatimaan hankkimiemme erityislupavalmisteiden edellytt\u00e4m\u00e4t dokumentit nopeasti ja tehokkaasti ja pyrimme kaikin keinoin varmistamaan, ett\u00e4 potilas saa l\u00e4\u00e4kkeen k\u00e4ytt\u00f6\u00f6ns\u00e4 mahdollisimman nopeasti. Varastoimme monia erityislupavalmisteita jakelijakumppanimme Tamron tiloissa, mik\u00e4 helpottaa tilaus- ja toimitusprosessia.<\/p>\r\n<p>CampusPharma hoitaa my\u00f6s yhteydenpidon l\u00e4\u00e4kevalmistajaan, jotta saat tarvitsemasi vastaukset valmistetta koskeviin l\u00e4\u00e4ketieteellisiin ja muihin kysymyksiin.<\/p>\r\n<p>Jos haluat tiet\u00e4\u00e4 tarkemmin, miten CampusPharma voi auttaa sinua, ota yhteys meihin:<\/p>\r\n<p>CampusPharma<br \/>\r\n<em>Erityislupayksikk\u00f6<\/em><\/p>\r\n<p>S\u00e4hk\u00f6posti: <a href=\"mailto:info@campuspharma.se\">info@campuspharma.se<br \/>\r\n<\/a>Puhelin: +46\u00a031\u00a020\u00a050\u00a020<\/p>\r\n<p><small>*Erityisluvalla tarkoitetaan apteekille my\u00f6nnett\u00e4v\u00e4\u00e4 lupaa luovuttaa kulutukseen l\u00e4\u00e4kevalmiste, jolla ei ole myyntilupaa maassa, jossa erityislupaa haetaan. Apteekki ei saa ilman Fimean lupaa luovuttaa kulutukseen valmisteita, joilla ei ole myyntilupaa.<\/small><\/p>","protected":false},"excerpt":{"rendered":"<p>Erityisluvalliset l\u00e4\u00e4kevalmisteet \u2013 kun myyntiluvalliset l\u00e4\u00e4kevalmisteet eiv\u00e4t riit\u00e4 CampusPharma voi auttaa erityislupaa edellytt\u00e4vien valmisteiden hankinnassa<\/p>\n","protected":false},"author":2,"featured_media":0,"parent":0,"menu_order":0,"comment_status":"closed","ping_status":"closed","template":"licensMall.php","meta":{"_acf_changed":false,"_crdt_document":"","footnotes":""},"class_list":["post-19460","page","type-page","status-publish","hentry"],"acf":[],"yoast_head":"<!-- This site is optimized with the Yoast SEO plugin v27.3 - https:\/\/yoast.com\/product\/yoast-seo-wordpress\/ -->\n<title>Tietoa erityislupavalmisteista - CampusPharma<\/title>\n<meta name=\"description\" content=\"Erityisluvalliset l\u00e4\u00e4kevalmisteet \u2013 kun myyntiluvalliset l\u00e4\u00e4kevalmisteet eiv\u00e4t riit\u00e4 CampusPharma voi auttaa erityislupaa edellytt\u00e4vien valmisteiden\" \/>\n<meta name=\"robots\" content=\"index, follow, max-snippet:-1, max-image-preview:large, max-video-preview:-1\" \/>\n<link rel=\"canonical\" href=\"https:\/\/www.campuspharma.se\/fi\/tietoa-erityislupavalmisteista\/\" \/>\n<meta property=\"og:locale\" content=\"fi_FI\" \/>\n<meta property=\"og:type\" content=\"article\" \/>\n<meta property=\"og:title\" content=\"Tietoa erityislupavalmisteista - CampusPharma\" \/>\n<meta property=\"og:description\" content=\"Erityisluvalliset l\u00e4\u00e4kevalmisteet \u2013 kun myyntiluvalliset l\u00e4\u00e4kevalmisteet eiv\u00e4t riit\u00e4 CampusPharma voi auttaa erityislupaa edellytt\u00e4vien valmisteiden\" \/>\n<meta property=\"og:url\" content=\"https:\/\/www.campuspharma.se\/fi\/tietoa-erityislupavalmisteista\/\" \/>\n<meta property=\"og:site_name\" content=\"CampusPharma\" \/>\n<meta property=\"article:modified_time\" content=\"2026-02-23T13:37:44+00:00\" \/>\n<meta name=\"twitter:card\" content=\"summary_large_image\" \/>\n<meta name=\"twitter:label1\" content=\"Arvioitu lukuaika\" \/>\n\t<meta name=\"twitter:data1\" content=\"2 minuuttia\" \/>\n<script type=\"application\/ld+json\" class=\"yoast-schema-graph\">{\"@context\":\"https:\\\/\\\/schema.org\",\"@graph\":[{\"@type\":\"WebPage\",\"@id\":\"https:\\\/\\\/www.campuspharma.se\\\/fi\\\/tietoa-erityislupavalmisteista\\\/\",\"url\":\"https:\\\/\\\/www.campuspharma.se\\\/fi\\\/tietoa-erityislupavalmisteista\\\/\",\"name\":\"Tietoa erityislupavalmisteista - CampusPharma\",\"isPartOf\":{\"@id\":\"https:\\\/\\\/www.campuspharma.se\\\/#website\"},\"datePublished\":\"2024-03-13T09:28:48+00:00\",\"dateModified\":\"2026-02-23T13:37:44+00:00\",\"description\":\"Erityisluvalliset l\u00e4\u00e4kevalmisteet \u2013 kun myyntiluvalliset l\u00e4\u00e4kevalmisteet eiv\u00e4t riit\u00e4 CampusPharma voi auttaa erityislupaa edellytt\u00e4vien valmisteiden\",\"inLanguage\":\"fi\",\"potentialAction\":[{\"@type\":\"ReadAction\",\"target\":[\"https:\\\/\\\/www.campuspharma.se\\\/fi\\\/tietoa-erityislupavalmisteista\\\/\"]}]},{\"@type\":\"WebSite\",\"@id\":\"https:\\\/\\\/www.campuspharma.se\\\/#website\",\"url\":\"https:\\\/\\\/www.campuspharma.se\\\/\",\"name\":\"CampusPharma\",\"description\":\"\",\"publisher\":{\"@id\":\"https:\\\/\\\/www.campuspharma.se\\\/#organization\"},\"potentialAction\":[{\"@type\":\"SearchAction\",\"target\":{\"@type\":\"EntryPoint\",\"urlTemplate\":\"https:\\\/\\\/www.campuspharma.se\\\/?s={search_term_string}\"},\"query-input\":{\"@type\":\"PropertyValueSpecification\",\"valueRequired\":true,\"valueName\":\"search_term_string\"}}],\"inLanguage\":\"fi\"},{\"@type\":\"Organization\",\"@id\":\"https:\\\/\\\/www.campuspharma.se\\\/#organization\",\"name\":\"CampusPharma\",\"url\":\"https:\\\/\\\/www.campuspharma.se\\\/\",\"logo\":{\"@type\":\"ImageObject\",\"inLanguage\":\"fi\",\"@id\":\"https:\\\/\\\/www.campuspharma.se\\\/#\\\/schema\\\/logo\\\/image\\\/\",\"url\":\"https:\\\/\\\/www.campuspharma.se\\\/wp-content\\\/uploads\\\/2016\\\/12\\\/logo-cp-klaR-kopia-e1490769756684.png\",\"contentUrl\":\"https:\\\/\\\/www.campuspharma.se\\\/wp-content\\\/uploads\\\/2016\\\/12\\\/logo-cp-klaR-kopia-e1490769756684.png\",\"width\":160,\"height\":98,\"caption\":\"CampusPharma\"},\"image\":{\"@id\":\"https:\\\/\\\/www.campuspharma.se\\\/#\\\/schema\\\/logo\\\/image\\\/\"}}]}<\/script>\n<!-- \/ Yoast SEO plugin. -->","yoast_head_json":{"title":"Tietoa erityislupavalmisteista - CampusPharma","description":"Erityisluvalliset l\u00e4\u00e4kevalmisteet \u2013 kun myyntiluvalliset l\u00e4\u00e4kevalmisteet eiv\u00e4t riit\u00e4 CampusPharma voi auttaa erityislupaa edellytt\u00e4vien valmisteiden","robots":{"index":"index","follow":"follow","max-snippet":"max-snippet:-1","max-image-preview":"max-image-preview:large","max-video-preview":"max-video-preview:-1"},"canonical":"https:\/\/www.campuspharma.se\/fi\/tietoa-erityislupavalmisteista\/","og_locale":"fi_FI","og_type":"article","og_title":"Tietoa erityislupavalmisteista - CampusPharma","og_description":"Erityisluvalliset l\u00e4\u00e4kevalmisteet \u2013 kun myyntiluvalliset l\u00e4\u00e4kevalmisteet eiv\u00e4t riit\u00e4 CampusPharma voi auttaa erityislupaa edellytt\u00e4vien valmisteiden","og_url":"https:\/\/www.campuspharma.se\/fi\/tietoa-erityislupavalmisteista\/","og_site_name":"CampusPharma","article_modified_time":"2026-02-23T13:37:44+00:00","twitter_card":"summary_large_image","twitter_misc":{"Arvioitu lukuaika":"2 minuuttia"},"schema":{"@context":"https:\/\/schema.org","@graph":[{"@type":"WebPage","@id":"https:\/\/www.campuspharma.se\/fi\/tietoa-erityislupavalmisteista\/","url":"https:\/\/www.campuspharma.se\/fi\/tietoa-erityislupavalmisteista\/","name":"Tietoa erityislupavalmisteista - CampusPharma","isPartOf":{"@id":"https:\/\/www.campuspharma.se\/#website"},"datePublished":"2024-03-13T09:28:48+00:00","dateModified":"2026-02-23T13:37:44+00:00","description":"Erityisluvalliset l\u00e4\u00e4kevalmisteet \u2013 kun myyntiluvalliset l\u00e4\u00e4kevalmisteet eiv\u00e4t riit\u00e4 CampusPharma voi auttaa erityislupaa edellytt\u00e4vien valmisteiden","inLanguage":"fi","potentialAction":[{"@type":"ReadAction","target":["https:\/\/www.campuspharma.se\/fi\/tietoa-erityislupavalmisteista\/"]}]},{"@type":"WebSite","@id":"https:\/\/www.campuspharma.se\/#website","url":"https:\/\/www.campuspharma.se\/","name":"CampusPharma","description":"","publisher":{"@id":"https:\/\/www.campuspharma.se\/#organization"},"potentialAction":[{"@type":"SearchAction","target":{"@type":"EntryPoint","urlTemplate":"https:\/\/www.campuspharma.se\/?s={search_term_string}"},"query-input":{"@type":"PropertyValueSpecification","valueRequired":true,"valueName":"search_term_string"}}],"inLanguage":"fi"},{"@type":"Organization","@id":"https:\/\/www.campuspharma.se\/#organization","name":"CampusPharma","url":"https:\/\/www.campuspharma.se\/","logo":{"@type":"ImageObject","inLanguage":"fi","@id":"https:\/\/www.campuspharma.se\/#\/schema\/logo\/image\/","url":"https:\/\/www.campuspharma.se\/wp-content\/uploads\/2016\/12\/logo-cp-klaR-kopia-e1490769756684.png","contentUrl":"https:\/\/www.campuspharma.se\/wp-content\/uploads\/2016\/12\/logo-cp-klaR-kopia-e1490769756684.png","width":160,"height":98,"caption":"CampusPharma"},"image":{"@id":"https:\/\/www.campuspharma.se\/#\/schema\/logo\/image\/"}}]}},"_links":{"self":[{"href":"https:\/\/www.campuspharma.se\/fi\/wp-json\/wp\/v2\/pages\/19460","targetHints":{"allow":["GET"]}}],"collection":[{"href":"https:\/\/www.campuspharma.se\/fi\/wp-json\/wp\/v2\/pages"}],"about":[{"href":"https:\/\/www.campuspharma.se\/fi\/wp-json\/wp\/v2\/types\/page"}],"author":[{"embeddable":true,"href":"https:\/\/www.campuspharma.se\/fi\/wp-json\/wp\/v2\/users\/2"}],"replies":[{"embeddable":true,"href":"https:\/\/www.campuspharma.se\/fi\/wp-json\/wp\/v2\/comments?post=19460"}],"version-history":[{"count":3,"href":"https:\/\/www.campuspharma.se\/fi\/wp-json\/wp\/v2\/pages\/19460\/revisions"}],"predecessor-version":[{"id":28759,"href":"https:\/\/www.campuspharma.se\/fi\/wp-json\/wp\/v2\/pages\/19460\/revisions\/28759"}],"wp:attachment":[{"href":"https:\/\/www.campuspharma.se\/fi\/wp-json\/wp\/v2\/media?parent=19460"}],"curies":[{"name":"wp","href":"https:\/\/api.w.org\/{rel}","templated":true}]}}