{"id":19458,"date":"2024-03-13T10:24:11","date_gmt":"2024-03-13T09:24:11","guid":{"rendered":"https:\/\/www.campuspharma.se\/?page_id=19458"},"modified":"2026-02-24T10:55:50","modified_gmt":"2026-02-24T09:55:50","slug":"ota-yhteytta-ilmoita-sivuvaikutuksesta","status":"publish","type":"page","link":"https:\/\/www.campuspharma.se\/fi\/ota-yhteytta-ilmoita-sivuvaikutuksesta\/","title":{"rendered":"Ota yhteytt\u00e4\/ilmoita sivuvaikutuksesta"},"content":{"rendered":"\n<h2 class=\"wp-block-heading\">Ota yhteytt\u00e4:<\/h2>\n\n\n\n<p class=\"wp-block-paragraph\"><strong>CampusPharma AB<\/strong><br>\nKarl Gustavsgatan 1A<br>\n411 25&nbsp;G\u00f6teborg<br>\nRuotsi<\/p>\n\n\n\n<p class=\"wp-block-paragraph\"><strong>Puhelin<\/strong>: +46&nbsp;31&nbsp;20&nbsp;50&nbsp;20<br>\n<strong><strong>S\u00e4hk\u00f6posti:<\/strong><\/strong>&nbsp;<a href=\"mailto:info@campuspharma.se\">info@campuspharma.se<\/a><\/p>\n\n\n\n<h2 class=\"wp-block-heading\">Yhteystiedot:<\/h2>\n\n\n\n<div class=\"wp-block-columns is-layout-flex wp-container-core-columns-is-layout-8f761849 wp-block-columns-is-layout-flex\">\n<div class=\"wp-block-column is-layout-flow wp-block-column-is-layout-flow\">\n<p class=\"wp-block-paragraph\"><strong>ANDERS STENSTR\u00d6M<\/strong><br>\nManaging Director<\/p>\n<\/div>\n\n\n\n<div class=\"wp-block-column is-layout-flow wp-block-column-is-layout-flow\">\n<p class=\"wp-block-paragraph\"><strong>PERNILLA J\u00c4DERQVIST<\/strong><br>\nMarketing Director<\/p>\n<\/div>\n\n\n\n<div class=\"wp-block-column is-layout-flow wp-block-column-is-layout-flow\">\n<p class=\"wp-block-paragraph\"><strong>NADEREH POORKHALKALI<\/strong><br>\nCompliance Director GxP,<br>\nLSO &amp; QP<\/p>\n<\/div>\n<\/div>\n\n\n\n<div class=\"wp-block-columns is-layout-flex wp-container-core-columns-is-layout-8f761849 wp-block-columns-is-layout-flex\">\n<div class=\"wp-block-column is-layout-flow wp-block-column-is-layout-flow\">\n<p class=\"wp-block-paragraph\"><strong>MONIKA JOHANSSON<\/strong><br>\nFinance Manager<\/p>\n<\/div>\n\n\n\n<div class=\"wp-block-column is-layout-flow wp-block-column-is-layout-flow\">\n<p class=\"wp-block-paragraph\"><strong>NIKLAS LEUFKENS<\/strong><br> Sales Director<\/p>\n<\/div>\n\n\n\n<div class=\"wp-block-column is-layout-flow wp-block-column-is-layout-flow\"><\/div>\n<\/div>\n\n\n\n<div class=\"wp-block-columns is-layout-flex wp-container-core-columns-is-layout-8f761849 wp-block-columns-is-layout-flex\">\n<div class=\"wp-block-column is-layout-flow wp-block-column-is-layout-flow\"><\/div>\n\n\n\n<div class=\"wp-block-column is-layout-flow wp-block-column-is-layout-flow\"><\/div>\n<\/div>\n","protected":false},"excerpt":{"rendered":"<p>Ota yhteytt\u00e4: CampusPharma AB Karl Gustavsgatan 1A 411 25&nbsp;G\u00f6teborg Ruotsi Puhelin: +46&nbsp;31&nbsp;20&nbsp;50&nbsp;20 S\u00e4hk\u00f6posti:&nbsp;info@campuspharma.se Yhteystiedot: ANDERS<\/p>\n","protected":false},"author":2,"featured_media":0,"parent":0,"menu_order":0,"comment_status":"closed","ping_status":"closed","template":"","meta":{"_acf_changed":false,"_crdt_document":"","footnotes":""},"class_list":["post-19458","page","type-page","status-publish","hentry"],"acf":[],"yoast_head":"<!-- This site is optimized with the Yoast SEO plugin v27.3 - https:\/\/yoast.com\/product\/yoast-seo-wordpress\/ -->\n<title>Ota yhteytt\u00e4\/ilmoita sivuvaikutuksesta - CampusPharma<\/title>\n<meta name=\"description\" content=\"Ota yhteytt\u00e4: CampusPharma AB Karl Gustavsgatan 1A 411 25&nbsp;G\u00f6teborg Ruotsi Puhelin: +46&nbsp;31&nbsp;20&nbsp;50&nbsp;20\" \/>\n<meta name=\"robots\" content=\"index, follow, max-snippet:-1, max-image-preview:large, max-video-preview:-1\" \/>\n<link rel=\"canonical\" href=\"https:\/\/www.campuspharma.se\/fi\/ota-yhteytta-ilmoita-sivuvaikutuksesta\/\" \/>\n<meta property=\"og:locale\" content=\"fi_FI\" \/>\n<meta property=\"og:type\" content=\"article\" \/>\n<meta property=\"og:title\" content=\"Ota yhteytt\u00e4\/ilmoita sivuvaikutuksesta - CampusPharma\" \/>\n<meta property=\"og:description\" content=\"Ota yhteytt\u00e4: CampusPharma AB Karl Gustavsgatan 1A 411 25&nbsp;G\u00f6teborg Ruotsi Puhelin: +46&nbsp;31&nbsp;20&nbsp;50&nbsp;20\" \/>\n<meta property=\"og:url\" content=\"https:\/\/www.campuspharma.se\/fi\/ota-yhteytta-ilmoita-sivuvaikutuksesta\/\" \/>\n<meta property=\"og:site_name\" content=\"CampusPharma\" \/>\n<meta property=\"article:modified_time\" content=\"2026-02-24T09:55:50+00:00\" \/>\n<meta name=\"twitter:card\" content=\"summary_large_image\" \/>\n<meta name=\"twitter:label1\" content=\"Arvioitu lukuaika\" \/>\n\t<meta name=\"twitter:data1\" content=\"1 minuutti\" \/>\n<script type=\"application\/ld+json\" class=\"yoast-schema-graph\">{\"@context\":\"https:\\\/\\\/schema.org\",\"@graph\":[{\"@type\":\"WebPage\",\"@id\":\"https:\\\/\\\/www.campuspharma.se\\\/fi\\\/ota-yhteytta-ilmoita-sivuvaikutuksesta\\\/\",\"url\":\"https:\\\/\\\/www.campuspharma.se\\\/fi\\\/ota-yhteytta-ilmoita-sivuvaikutuksesta\\\/\",\"name\":\"Ota yhteytt\u00e4\\\/ilmoita sivuvaikutuksesta - CampusPharma\",\"isPartOf\":{\"@id\":\"https:\\\/\\\/www.campuspharma.se\\\/#website\"},\"datePublished\":\"2024-03-13T09:24:11+00:00\",\"dateModified\":\"2026-02-24T09:55:50+00:00\",\"description\":\"Ota yhteytt\u00e4: CampusPharma AB Karl Gustavsgatan 1A 411 25&nbsp;G\u00f6teborg Ruotsi Puhelin: +46&nbsp;31&nbsp;20&nbsp;50&nbsp;20\",\"inLanguage\":\"fi\",\"potentialAction\":[{\"@type\":\"ReadAction\",\"target\":[\"https:\\\/\\\/www.campuspharma.se\\\/fi\\\/ota-yhteytta-ilmoita-sivuvaikutuksesta\\\/\"]}]},{\"@type\":\"WebSite\",\"@id\":\"https:\\\/\\\/www.campuspharma.se\\\/#website\",\"url\":\"https:\\\/\\\/www.campuspharma.se\\\/\",\"name\":\"CampusPharma\",\"description\":\"\",\"publisher\":{\"@id\":\"https:\\\/\\\/www.campuspharma.se\\\/#organization\"},\"potentialAction\":[{\"@type\":\"SearchAction\",\"target\":{\"@type\":\"EntryPoint\",\"urlTemplate\":\"https:\\\/\\\/www.campuspharma.se\\\/?s={search_term_string}\"},\"query-input\":{\"@type\":\"PropertyValueSpecification\",\"valueRequired\":true,\"valueName\":\"search_term_string\"}}],\"inLanguage\":\"fi\"},{\"@type\":\"Organization\",\"@id\":\"https:\\\/\\\/www.campuspharma.se\\\/#organization\",\"name\":\"CampusPharma\",\"url\":\"https:\\\/\\\/www.campuspharma.se\\\/\",\"logo\":{\"@type\":\"ImageObject\",\"inLanguage\":\"fi\",\"@id\":\"https:\\\/\\\/www.campuspharma.se\\\/#\\\/schema\\\/logo\\\/image\\\/\",\"url\":\"https:\\\/\\\/www.campuspharma.se\\\/wp-content\\\/uploads\\\/2016\\\/12\\\/logo-cp-klaR-kopia-e1490769756684.png\",\"contentUrl\":\"https:\\\/\\\/www.campuspharma.se\\\/wp-content\\\/uploads\\\/2016\\\/12\\\/logo-cp-klaR-kopia-e1490769756684.png\",\"width\":160,\"height\":98,\"caption\":\"CampusPharma\"},\"image\":{\"@id\":\"https:\\\/\\\/www.campuspharma.se\\\/#\\\/schema\\\/logo\\\/image\\\/\"}}]}<\/script>\n<!-- \/ Yoast SEO plugin. -->","yoast_head_json":{"title":"Ota yhteytt\u00e4\/ilmoita sivuvaikutuksesta - CampusPharma","description":"Ota yhteytt\u00e4: CampusPharma AB Karl Gustavsgatan 1A 411 25&nbsp;G\u00f6teborg Ruotsi Puhelin: +46&nbsp;31&nbsp;20&nbsp;50&nbsp;20","robots":{"index":"index","follow":"follow","max-snippet":"max-snippet:-1","max-image-preview":"max-image-preview:large","max-video-preview":"max-video-preview:-1"},"canonical":"https:\/\/www.campuspharma.se\/fi\/ota-yhteytta-ilmoita-sivuvaikutuksesta\/","og_locale":"fi_FI","og_type":"article","og_title":"Ota yhteytt\u00e4\/ilmoita sivuvaikutuksesta - CampusPharma","og_description":"Ota yhteytt\u00e4: CampusPharma AB Karl Gustavsgatan 1A 411 25&nbsp;G\u00f6teborg Ruotsi Puhelin: +46&nbsp;31&nbsp;20&nbsp;50&nbsp;20","og_url":"https:\/\/www.campuspharma.se\/fi\/ota-yhteytta-ilmoita-sivuvaikutuksesta\/","og_site_name":"CampusPharma","article_modified_time":"2026-02-24T09:55:50+00:00","twitter_card":"summary_large_image","twitter_misc":{"Arvioitu lukuaika":"1 minuutti"},"schema":{"@context":"https:\/\/schema.org","@graph":[{"@type":"WebPage","@id":"https:\/\/www.campuspharma.se\/fi\/ota-yhteytta-ilmoita-sivuvaikutuksesta\/","url":"https:\/\/www.campuspharma.se\/fi\/ota-yhteytta-ilmoita-sivuvaikutuksesta\/","name":"Ota yhteytt\u00e4\/ilmoita sivuvaikutuksesta - CampusPharma","isPartOf":{"@id":"https:\/\/www.campuspharma.se\/#website"},"datePublished":"2024-03-13T09:24:11+00:00","dateModified":"2026-02-24T09:55:50+00:00","description":"Ota yhteytt\u00e4: CampusPharma AB Karl Gustavsgatan 1A 411 25&nbsp;G\u00f6teborg Ruotsi Puhelin: +46&nbsp;31&nbsp;20&nbsp;50&nbsp;20","inLanguage":"fi","potentialAction":[{"@type":"ReadAction","target":["https:\/\/www.campuspharma.se\/fi\/ota-yhteytta-ilmoita-sivuvaikutuksesta\/"]}]},{"@type":"WebSite","@id":"https:\/\/www.campuspharma.se\/#website","url":"https:\/\/www.campuspharma.se\/","name":"CampusPharma","description":"","publisher":{"@id":"https:\/\/www.campuspharma.se\/#organization"},"potentialAction":[{"@type":"SearchAction","target":{"@type":"EntryPoint","urlTemplate":"https:\/\/www.campuspharma.se\/?s={search_term_string}"},"query-input":{"@type":"PropertyValueSpecification","valueRequired":true,"valueName":"search_term_string"}}],"inLanguage":"fi"},{"@type":"Organization","@id":"https:\/\/www.campuspharma.se\/#organization","name":"CampusPharma","url":"https:\/\/www.campuspharma.se\/","logo":{"@type":"ImageObject","inLanguage":"fi","@id":"https:\/\/www.campuspharma.se\/#\/schema\/logo\/image\/","url":"https:\/\/www.campuspharma.se\/wp-content\/uploads\/2016\/12\/logo-cp-klaR-kopia-e1490769756684.png","contentUrl":"https:\/\/www.campuspharma.se\/wp-content\/uploads\/2016\/12\/logo-cp-klaR-kopia-e1490769756684.png","width":160,"height":98,"caption":"CampusPharma"},"image":{"@id":"https:\/\/www.campuspharma.se\/#\/schema\/logo\/image\/"}}]}},"_links":{"self":[{"href":"https:\/\/www.campuspharma.se\/fi\/wp-json\/wp\/v2\/pages\/19458","targetHints":{"allow":["GET"]}}],"collection":[{"href":"https:\/\/www.campuspharma.se\/fi\/wp-json\/wp\/v2\/pages"}],"about":[{"href":"https:\/\/www.campuspharma.se\/fi\/wp-json\/wp\/v2\/types\/page"}],"author":[{"embeddable":true,"href":"https:\/\/www.campuspharma.se\/fi\/wp-json\/wp\/v2\/users\/2"}],"replies":[{"embeddable":true,"href":"https:\/\/www.campuspharma.se\/fi\/wp-json\/wp\/v2\/comments?post=19458"}],"version-history":[{"count":13,"href":"https:\/\/www.campuspharma.se\/fi\/wp-json\/wp\/v2\/pages\/19458\/revisions"}],"predecessor-version":[{"id":28769,"href":"https:\/\/www.campuspharma.se\/fi\/wp-json\/wp\/v2\/pages\/19458\/revisions\/28769"}],"wp:attachment":[{"href":"https:\/\/www.campuspharma.se\/fi\/wp-json\/wp\/v2\/media?parent=19458"}],"curies":[{"name":"wp","href":"https:\/\/api.w.org\/{rel}","templated":true}]}}