{"id":19453,"date":"2024-03-13T09:53:30","date_gmt":"2024-03-13T08:53:30","guid":{"rendered":"https:\/\/www.campuspharma.se\/?page_id=19453"},"modified":"2025-09-11T13:39:16","modified_gmt":"2025-09-11T11:39:16","slug":"yritys","status":"publish","type":"page","link":"https:\/\/www.campuspharma.se\/fi\/yritys\/","title":{"rendered":"Yritys"},"content":{"rendered":"<h1>Tietoa CampusPharmasta<\/h1>\r\n<h2>CampusPharma AB on ruotsalainen l\u00e4\u00e4keyritys, joka myy ja markkinoi l\u00e4\u00e4kevalmisteita ja l\u00e4\u00e4kkeen kaltaisia valmisteita Pohjoismaissa. Yhti\u00f6n toiminta alkoi vuonna 2004 ja on sittemmin kasvanut huomattavasti l\u00e4\u00e4kevalikoiman laajentuessa. Vuodesta 2011 CampusPharma on ollut osa <a href=\"https:\/\/www.italfarmaco.com\/en-us\/\">Italfarmaco-konsernia<\/a>.<\/h2>\r\n<p>CampusPharman toiminta-ajatuksena on markkinoida ja myyd\u00e4 l\u00e4\u00e4kevalmisteita ja l\u00e4\u00e4kkeen kaltaisia valmisteita Pohjoismaissa keskittyen erikoisaloihin, jotka t\u00e4ytt\u00e4v\u00e4t niin pienten suurtenkin potilasryhmien tarpeet. Painopistealueitamme ovat naisten terveys sek\u00e4 neurologian ja onkologian alan erikoisl\u00e4\u00e4kkeet. Valikoimassamme on sek\u00e4 reseptil\u00e4\u00e4kkeit\u00e4 ett\u00e4 itsehoitovalmisteita.<\/p>\r\n<p>CampusPharman l\u00e4hes 20 vuoden kokemus Pohjoismaiden l\u00e4\u00e4kemarkkinoilta on auttanut meit\u00e4 luomaan vakaan yhteisty\u00f6verkoston, johon kuuluu Pohjoismaissa toimivia farmaseutteja, l\u00e4\u00e4k\u00e4reit\u00e4, apteekkeja ja sairaaloita. Tunnemme n\u00e4iden kumppaniryhmien tarpeet l\u00e4pikotaisin.<\/p>\r\n<p>CampusPharman tapa harjoittaa liiketoimintaa rakentuu yrityksen vision ja arvojen vankalle pohjalle. Visiomme on olla toisenlainen l\u00e4\u00e4keyhti\u00f6, jolle huolenpito potilaista, asiakkaista ja kollegoista on etusijalla.<\/p>\r\n<h2>Yhteiset arvomme<\/h2>\r\n<p>CampusPharmalla on yhteens\u00e4 yli 400 vuoden kokemus l\u00e4\u00e4keteollisuuden eri toiminnoista. Lis\u00e4ksi olemme osallistuneet kehityshankkeisiin Afrikassa ja Latinalaisessa Amerikassa. P\u00e4ivitt\u00e4isen liiketoimintamme keski\u00f6ss\u00e4 ovat yksinkertaisuus, huolenpito ja vastuu.<\/p>\r\n<h3><strong>Yksinkertaisuus<\/strong><\/h3>\r\n<ul>\r\n\t<li>Arvovalta-ajattelun v\u00e4ltt\u00e4minen<\/li>\r\n\t<li>Nopea &amp; suoraviivainen p\u00e4\u00e4t\u00f6ksenteko<\/li>\r\n\t<li>Joustavuus ja ratkaisukeskeisyys<\/li>\r\n\t<li>Selkeys<\/li>\r\n<\/ul>\r\n<h3><strong>Huolenpito<\/strong><\/h3>\r\n<ul>\r\n\t<li>V\u00e4lit\u00e4mme kollegoista, potilaista, asiakkaista ja yhteisty\u00f6kumppaneista, kuuntelemme heit\u00e4, otamme heid\u00e4n tarpeensa huomioon ja kohtelemme heit\u00e4 kunnioittavasti.<\/li>\r\n\t<li>Tarjoamme tuotteita my\u00f6s pienten potilasryhmien tarpeisiin.<\/li>\r\n<\/ul>\r\n<h3><strong>Vastuu<\/strong><\/h3>\r\n<ul>\r\n\t<li>Osallistuvuus<\/li>\r\n\t<li>Vastuunkanto<\/li>\r\n\t<li>Yhteisty\u00f6<\/li>\r\n\t<li>Luottamus<\/li>\r\n\t<li>Ymp\u00e4rist\u00f6 ja vastuullisuusty\u00f6<\/li>\r\n\t<li>Laatu<\/li>\r\n\t<li>Yhteiskuntavastuu<\/li>\r\n<\/ul>\r\n<p><a href=\"https:\/\/www.campuspharma.se\/fi\/yhteiskunnalliset-hankkeet\/\">Lue lis\u00e4\u00e4 t\u00e4\u00e4lt\u00e4<\/a>!<\/p>\r\n<h3><strong>Yhteisty\u00f6kumppanimme<\/strong><\/h3>\r\n<p>Teemme yhteisty\u00f6t\u00e4 useiden arvostettujen eurooppalaisten l\u00e4\u00e4kevalmistajien kanssa. Kaikkien valmisteiden kehitt\u00e4misess\u00e4, tuotannossa ja jakelussa noudatetaan eurooppalaista l\u00e4\u00e4kelains\u00e4\u00e4d\u00e4nt\u00f6\u00e4, hyvi\u00e4 tuotantotapoja (GMP, Good Manufacturing Practice) ja hyvi\u00e4 jakelutapoja (GDP, Good Distribution Practice).<\/p>\r\n<p>L\u00e4\u00e4kevalmisteiden ja l\u00e4\u00e4kkeen kaltaisten valmisteiden varastomme sijaitsee Tamron tiloissa (Kungens Kurva, Ruotsi). Tuotteidemme jakeluketju koostuu Pohjoismaiden johtavista l\u00e4\u00e4kevalmisteiden jakelijoista.<\/p>\r\n<p><strong>CampusPharman tarjoamat edut<\/strong><\/p>\r\n<ul>\r\n\t<li>Pitk\u00e4 kokemus l\u00e4\u00e4kevalmisteiden ja l\u00e4\u00e4kkeen kaltaisten valmisteiden markkinoinnista ja myynnist\u00e4 Ruotsissa ja muissa Pohjoismaissa.<\/li>\r\n\t<li>Erinomainen markkinatuntemus, joka kattaa gynekologian, onkologian, neurologian, anestesian, syd\u00e4n- ja verisuonitautien erikoisalat sek\u00e4 k\u00e4sikaupan.<\/li>\r\n\t<li>Laaja kokemus sek\u00e4 itsehoito- ett\u00e4 reseptil\u00e4\u00e4kkeiden tuonnista markkinoille.<\/li>\r\n\t<li>Kokemuksen sujuvoittama yhteisty\u00f6 pohjoismaisten l\u00e4\u00e4kevalmistajien ja apteekkiketjujen kanssa.<\/li>\r\n\t<li>Rekister\u00f6inti-, laadunvarmistus- ja l\u00e4\u00e4keturvatoiminta sek\u00e4 vastuullisuusty\u00f6.<\/li>\r\n<\/ul>","protected":false},"excerpt":{"rendered":"<p>Tietoa CampusPharmasta CampusPharma AB on ruotsalainen l\u00e4\u00e4keyritys, joka myy ja markkinoi l\u00e4\u00e4kevalmisteita ja l\u00e4\u00e4kkeen kaltaisia<\/p>\n","protected":false},"author":2,"featured_media":0,"parent":0,"menu_order":0,"comment_status":"closed","ping_status":"closed","template":"licensMall.php","meta":{"_acf_changed":false,"_crdt_document":"","footnotes":""},"class_list":["post-19453","page","type-page","status-publish","hentry"],"acf":[],"yoast_head":"<!-- This site is optimized with the Yoast SEO plugin v27.3 - https:\/\/yoast.com\/product\/yoast-seo-wordpress\/ -->\n<title>Yritys - CampusPharma<\/title>\n<meta name=\"description\" content=\"Tietoa CampusPharmasta CampusPharma AB on ruotsalainen l\u00e4\u00e4keyritys, joka myy ja markkinoi l\u00e4\u00e4kevalmisteita ja l\u00e4\u00e4kkeen kaltaisia valmisteita\" \/>\n<meta name=\"robots\" content=\"index, follow, max-snippet:-1, max-image-preview:large, max-video-preview:-1\" \/>\n<link rel=\"canonical\" href=\"https:\/\/www.campuspharma.se\/fi\/yritys\/\" \/>\n<meta property=\"og:locale\" content=\"fi_FI\" \/>\n<meta property=\"og:type\" content=\"article\" \/>\n<meta property=\"og:title\" content=\"Yritys - CampusPharma\" \/>\n<meta property=\"og:description\" content=\"Tietoa CampusPharmasta CampusPharma AB on ruotsalainen l\u00e4\u00e4keyritys, joka myy ja markkinoi l\u00e4\u00e4kevalmisteita ja l\u00e4\u00e4kkeen kaltaisia valmisteita\" \/>\n<meta property=\"og:url\" content=\"https:\/\/www.campuspharma.se\/fi\/yritys\/\" \/>\n<meta property=\"og:site_name\" content=\"CampusPharma\" \/>\n<meta property=\"article:modified_time\" content=\"2025-09-11T11:39:16+00:00\" \/>\n<meta name=\"twitter:card\" content=\"summary_large_image\" \/>\n<meta name=\"twitter:label1\" content=\"Arvioitu lukuaika\" \/>\n\t<meta name=\"twitter:data1\" content=\"2 minuuttia\" \/>\n<script type=\"application\/ld+json\" class=\"yoast-schema-graph\">{\"@context\":\"https:\\\/\\\/schema.org\",\"@graph\":[{\"@type\":\"WebPage\",\"@id\":\"https:\\\/\\\/www.campuspharma.se\\\/fi\\\/yritys\\\/\",\"url\":\"https:\\\/\\\/www.campuspharma.se\\\/fi\\\/yritys\\\/\",\"name\":\"Yritys - CampusPharma\",\"isPartOf\":{\"@id\":\"https:\\\/\\\/www.campuspharma.se\\\/#website\"},\"datePublished\":\"2024-03-13T08:53:30+00:00\",\"dateModified\":\"2025-09-11T11:39:16+00:00\",\"description\":\"Tietoa CampusPharmasta CampusPharma AB on ruotsalainen l\u00e4\u00e4keyritys, joka myy ja markkinoi l\u00e4\u00e4kevalmisteita ja l\u00e4\u00e4kkeen kaltaisia valmisteita\",\"inLanguage\":\"fi\",\"potentialAction\":[{\"@type\":\"ReadAction\",\"target\":[\"https:\\\/\\\/www.campuspharma.se\\\/fi\\\/yritys\\\/\"]}]},{\"@type\":\"WebSite\",\"@id\":\"https:\\\/\\\/www.campuspharma.se\\\/#website\",\"url\":\"https:\\\/\\\/www.campuspharma.se\\\/\",\"name\":\"CampusPharma\",\"description\":\"\",\"publisher\":{\"@id\":\"https:\\\/\\\/www.campuspharma.se\\\/#organization\"},\"potentialAction\":[{\"@type\":\"SearchAction\",\"target\":{\"@type\":\"EntryPoint\",\"urlTemplate\":\"https:\\\/\\\/www.campuspharma.se\\\/?s={search_term_string}\"},\"query-input\":{\"@type\":\"PropertyValueSpecification\",\"valueRequired\":true,\"valueName\":\"search_term_string\"}}],\"inLanguage\":\"fi\"},{\"@type\":\"Organization\",\"@id\":\"https:\\\/\\\/www.campuspharma.se\\\/#organization\",\"name\":\"CampusPharma\",\"url\":\"https:\\\/\\\/www.campuspharma.se\\\/\",\"logo\":{\"@type\":\"ImageObject\",\"inLanguage\":\"fi\",\"@id\":\"https:\\\/\\\/www.campuspharma.se\\\/#\\\/schema\\\/logo\\\/image\\\/\",\"url\":\"https:\\\/\\\/www.campuspharma.se\\\/wp-content\\\/uploads\\\/2016\\\/12\\\/logo-cp-klaR-kopia-e1490769756684.png\",\"contentUrl\":\"https:\\\/\\\/www.campuspharma.se\\\/wp-content\\\/uploads\\\/2016\\\/12\\\/logo-cp-klaR-kopia-e1490769756684.png\",\"width\":160,\"height\":98,\"caption\":\"CampusPharma\"},\"image\":{\"@id\":\"https:\\\/\\\/www.campuspharma.se\\\/#\\\/schema\\\/logo\\\/image\\\/\"}}]}<\/script>\n<!-- \/ Yoast SEO plugin. -->","yoast_head_json":{"title":"Yritys - CampusPharma","description":"Tietoa CampusPharmasta CampusPharma AB on ruotsalainen l\u00e4\u00e4keyritys, joka myy ja markkinoi l\u00e4\u00e4kevalmisteita ja l\u00e4\u00e4kkeen kaltaisia valmisteita","robots":{"index":"index","follow":"follow","max-snippet":"max-snippet:-1","max-image-preview":"max-image-preview:large","max-video-preview":"max-video-preview:-1"},"canonical":"https:\/\/www.campuspharma.se\/fi\/yritys\/","og_locale":"fi_FI","og_type":"article","og_title":"Yritys - CampusPharma","og_description":"Tietoa CampusPharmasta CampusPharma AB on ruotsalainen l\u00e4\u00e4keyritys, joka myy ja markkinoi l\u00e4\u00e4kevalmisteita ja l\u00e4\u00e4kkeen kaltaisia valmisteita","og_url":"https:\/\/www.campuspharma.se\/fi\/yritys\/","og_site_name":"CampusPharma","article_modified_time":"2025-09-11T11:39:16+00:00","twitter_card":"summary_large_image","twitter_misc":{"Arvioitu lukuaika":"2 minuuttia"},"schema":{"@context":"https:\/\/schema.org","@graph":[{"@type":"WebPage","@id":"https:\/\/www.campuspharma.se\/fi\/yritys\/","url":"https:\/\/www.campuspharma.se\/fi\/yritys\/","name":"Yritys - CampusPharma","isPartOf":{"@id":"https:\/\/www.campuspharma.se\/#website"},"datePublished":"2024-03-13T08:53:30+00:00","dateModified":"2025-09-11T11:39:16+00:00","description":"Tietoa CampusPharmasta CampusPharma AB on ruotsalainen l\u00e4\u00e4keyritys, joka myy ja markkinoi l\u00e4\u00e4kevalmisteita ja l\u00e4\u00e4kkeen kaltaisia valmisteita","inLanguage":"fi","potentialAction":[{"@type":"ReadAction","target":["https:\/\/www.campuspharma.se\/fi\/yritys\/"]}]},{"@type":"WebSite","@id":"https:\/\/www.campuspharma.se\/#website","url":"https:\/\/www.campuspharma.se\/","name":"CampusPharma","description":"","publisher":{"@id":"https:\/\/www.campuspharma.se\/#organization"},"potentialAction":[{"@type":"SearchAction","target":{"@type":"EntryPoint","urlTemplate":"https:\/\/www.campuspharma.se\/?s={search_term_string}"},"query-input":{"@type":"PropertyValueSpecification","valueRequired":true,"valueName":"search_term_string"}}],"inLanguage":"fi"},{"@type":"Organization","@id":"https:\/\/www.campuspharma.se\/#organization","name":"CampusPharma","url":"https:\/\/www.campuspharma.se\/","logo":{"@type":"ImageObject","inLanguage":"fi","@id":"https:\/\/www.campuspharma.se\/#\/schema\/logo\/image\/","url":"https:\/\/www.campuspharma.se\/wp-content\/uploads\/2016\/12\/logo-cp-klaR-kopia-e1490769756684.png","contentUrl":"https:\/\/www.campuspharma.se\/wp-content\/uploads\/2016\/12\/logo-cp-klaR-kopia-e1490769756684.png","width":160,"height":98,"caption":"CampusPharma"},"image":{"@id":"https:\/\/www.campuspharma.se\/#\/schema\/logo\/image\/"}}]}},"_links":{"self":[{"href":"https:\/\/www.campuspharma.se\/fi\/wp-json\/wp\/v2\/pages\/19453","targetHints":{"allow":["GET"]}}],"collection":[{"href":"https:\/\/www.campuspharma.se\/fi\/wp-json\/wp\/v2\/pages"}],"about":[{"href":"https:\/\/www.campuspharma.se\/fi\/wp-json\/wp\/v2\/types\/page"}],"author":[{"embeddable":true,"href":"https:\/\/www.campuspharma.se\/fi\/wp-json\/wp\/v2\/users\/2"}],"replies":[{"embeddable":true,"href":"https:\/\/www.campuspharma.se\/fi\/wp-json\/wp\/v2\/comments?post=19453"}],"version-history":[{"count":7,"href":"https:\/\/www.campuspharma.se\/fi\/wp-json\/wp\/v2\/pages\/19453\/revisions"}],"predecessor-version":[{"id":26433,"href":"https:\/\/www.campuspharma.se\/fi\/wp-json\/wp\/v2\/pages\/19453\/revisions\/26433"}],"wp:attachment":[{"href":"https:\/\/www.campuspharma.se\/fi\/wp-json\/wp\/v2\/media?parent=19453"}],"curies":[{"name":"wp","href":"https:\/\/api.w.org\/{rel}","templated":true}]}}