{"id":19447,"date":"2024-03-13T09:45:35","date_gmt":"2024-03-13T08:45:35","guid":{"rendered":"https:\/\/www.campuspharma.se\/?page_id=19447"},"modified":"2026-02-16T09:02:06","modified_gmt":"2026-02-16T08:02:06","slug":"bakteerivaginoosi","status":"publish","type":"page","link":"https:\/\/www.campuspharma.se\/fi\/bakteerivaginoosi\/","title":{"rendered":"Bakteerivaginoosi"},"content":{"rendered":"\n<h1 class=\"wp-block-heading\">Bakteerivaginoosi<\/h1>\n\n\n\n<p class=\"wp-block-paragraph\">Bakteerivaginoosia esiintyy noin kolmella nelj\u00e4st\u00e4 naisesta jossain vaiheessa el\u00e4m\u00e4\u00e4, ja se on yleisint\u00e4 seksuaalisesti aktiivisilla naisilla. Yleisin oire on pahanhajuinen valkovuoto. K\u00e4yt\u00e4 intiimialueen pesuun vain haaleaa vett\u00e4 ja korkeintaan mietoa pesu\u00f6ljy\u00e4.<\/p>\n\n\n\n<p class=\"wp-block-paragraph\"><\/p>\n","protected":false},"excerpt":{"rendered":"<p>Bakteerivaginoosi Bakteerivaginoosia esiintyy noin kolmella nelj\u00e4st\u00e4 naisesta jossain vaiheessa el\u00e4m\u00e4\u00e4, ja se on yleisint\u00e4 seksuaalisesti<\/p>\n","protected":false},"author":2,"featured_media":0,"parent":0,"menu_order":0,"comment_status":"closed","ping_status":"closed","template":"gynekologiMall.php","meta":{"_acf_changed":false,"_crdt_document":"","footnotes":""},"class_list":["post-19447","page","type-page","status-publish","hentry"],"acf":[],"yoast_head":"<!-- This site is optimized with the Yoast SEO plugin v27.3 - https:\/\/yoast.com\/product\/yoast-seo-wordpress\/ -->\n<title>Bakteerivaginoosi - CampusPharma<\/title>\n<meta name=\"description\" content=\"Bakteerivaginoosi Bakteerivaginoosia esiintyy noin kolmella nelj\u00e4st\u00e4 naisesta jossain vaiheessa el\u00e4m\u00e4\u00e4, ja se on yleisint\u00e4 seksuaalisesti aktiivisilla\" \/>\n<meta name=\"robots\" content=\"index, follow, max-snippet:-1, max-image-preview:large, max-video-preview:-1\" \/>\n<link rel=\"canonical\" href=\"https:\/\/www.campuspharma.se\/fi\/bakteerivaginoosi\/\" \/>\n<meta property=\"og:locale\" content=\"fi_FI\" \/>\n<meta property=\"og:type\" content=\"article\" \/>\n<meta property=\"og:title\" content=\"Bakteerivaginoosi - CampusPharma\" \/>\n<meta property=\"og:description\" content=\"Bakteerivaginoosi Bakteerivaginoosia esiintyy noin kolmella nelj\u00e4st\u00e4 naisesta jossain vaiheessa el\u00e4m\u00e4\u00e4, ja se on yleisint\u00e4 seksuaalisesti aktiivisilla\" \/>\n<meta property=\"og:url\" content=\"https:\/\/www.campuspharma.se\/fi\/bakteerivaginoosi\/\" \/>\n<meta property=\"og:site_name\" content=\"CampusPharma\" \/>\n<meta property=\"article:modified_time\" content=\"2026-02-16T08:02:06+00:00\" \/>\n<meta name=\"twitter:card\" content=\"summary_large_image\" \/>\n<meta name=\"twitter:label1\" content=\"Arvioitu lukuaika\" \/>\n\t<meta name=\"twitter:data1\" content=\"1 minuutti\" \/>\n<script type=\"application\/ld+json\" class=\"yoast-schema-graph\">{\"@context\":\"https:\\\/\\\/schema.org\",\"@graph\":[{\"@type\":\"WebPage\",\"@id\":\"https:\\\/\\\/www.campuspharma.se\\\/fi\\\/bakteerivaginoosi\\\/\",\"url\":\"https:\\\/\\\/www.campuspharma.se\\\/fi\\\/bakteerivaginoosi\\\/\",\"name\":\"Bakteerivaginoosi - CampusPharma\",\"isPartOf\":{\"@id\":\"https:\\\/\\\/www.campuspharma.se\\\/#website\"},\"datePublished\":\"2024-03-13T08:45:35+00:00\",\"dateModified\":\"2026-02-16T08:02:06+00:00\",\"description\":\"Bakteerivaginoosi Bakteerivaginoosia esiintyy noin kolmella nelj\u00e4st\u00e4 naisesta jossain vaiheessa el\u00e4m\u00e4\u00e4, ja se on yleisint\u00e4 seksuaalisesti aktiivisilla\",\"inLanguage\":\"fi\",\"potentialAction\":[{\"@type\":\"ReadAction\",\"target\":[\"https:\\\/\\\/www.campuspharma.se\\\/fi\\\/bakteerivaginoosi\\\/\"]}]},{\"@type\":\"WebSite\",\"@id\":\"https:\\\/\\\/www.campuspharma.se\\\/#website\",\"url\":\"https:\\\/\\\/www.campuspharma.se\\\/\",\"name\":\"CampusPharma\",\"description\":\"\",\"publisher\":{\"@id\":\"https:\\\/\\\/www.campuspharma.se\\\/#organization\"},\"potentialAction\":[{\"@type\":\"SearchAction\",\"target\":{\"@type\":\"EntryPoint\",\"urlTemplate\":\"https:\\\/\\\/www.campuspharma.se\\\/?s={search_term_string}\"},\"query-input\":{\"@type\":\"PropertyValueSpecification\",\"valueRequired\":true,\"valueName\":\"search_term_string\"}}],\"inLanguage\":\"fi\"},{\"@type\":\"Organization\",\"@id\":\"https:\\\/\\\/www.campuspharma.se\\\/#organization\",\"name\":\"CampusPharma\",\"url\":\"https:\\\/\\\/www.campuspharma.se\\\/\",\"logo\":{\"@type\":\"ImageObject\",\"inLanguage\":\"fi\",\"@id\":\"https:\\\/\\\/www.campuspharma.se\\\/#\\\/schema\\\/logo\\\/image\\\/\",\"url\":\"https:\\\/\\\/www.campuspharma.se\\\/wp-content\\\/uploads\\\/2016\\\/12\\\/logo-cp-klaR-kopia-e1490769756684.png\",\"contentUrl\":\"https:\\\/\\\/www.campuspharma.se\\\/wp-content\\\/uploads\\\/2016\\\/12\\\/logo-cp-klaR-kopia-e1490769756684.png\",\"width\":160,\"height\":98,\"caption\":\"CampusPharma\"},\"image\":{\"@id\":\"https:\\\/\\\/www.campuspharma.se\\\/#\\\/schema\\\/logo\\\/image\\\/\"}}]}<\/script>\n<!-- \/ Yoast SEO plugin. -->","yoast_head_json":{"title":"Bakteerivaginoosi - CampusPharma","description":"Bakteerivaginoosi Bakteerivaginoosia esiintyy noin kolmella nelj\u00e4st\u00e4 naisesta jossain vaiheessa el\u00e4m\u00e4\u00e4, ja se on yleisint\u00e4 seksuaalisesti aktiivisilla","robots":{"index":"index","follow":"follow","max-snippet":"max-snippet:-1","max-image-preview":"max-image-preview:large","max-video-preview":"max-video-preview:-1"},"canonical":"https:\/\/www.campuspharma.se\/fi\/bakteerivaginoosi\/","og_locale":"fi_FI","og_type":"article","og_title":"Bakteerivaginoosi - CampusPharma","og_description":"Bakteerivaginoosi Bakteerivaginoosia esiintyy noin kolmella nelj\u00e4st\u00e4 naisesta jossain vaiheessa el\u00e4m\u00e4\u00e4, ja se on yleisint\u00e4 seksuaalisesti aktiivisilla","og_url":"https:\/\/www.campuspharma.se\/fi\/bakteerivaginoosi\/","og_site_name":"CampusPharma","article_modified_time":"2026-02-16T08:02:06+00:00","twitter_card":"summary_large_image","twitter_misc":{"Arvioitu lukuaika":"1 minuutti"},"schema":{"@context":"https:\/\/schema.org","@graph":[{"@type":"WebPage","@id":"https:\/\/www.campuspharma.se\/fi\/bakteerivaginoosi\/","url":"https:\/\/www.campuspharma.se\/fi\/bakteerivaginoosi\/","name":"Bakteerivaginoosi - CampusPharma","isPartOf":{"@id":"https:\/\/www.campuspharma.se\/#website"},"datePublished":"2024-03-13T08:45:35+00:00","dateModified":"2026-02-16T08:02:06+00:00","description":"Bakteerivaginoosi Bakteerivaginoosia esiintyy noin kolmella nelj\u00e4st\u00e4 naisesta jossain vaiheessa el\u00e4m\u00e4\u00e4, ja se on yleisint\u00e4 seksuaalisesti aktiivisilla","inLanguage":"fi","potentialAction":[{"@type":"ReadAction","target":["https:\/\/www.campuspharma.se\/fi\/bakteerivaginoosi\/"]}]},{"@type":"WebSite","@id":"https:\/\/www.campuspharma.se\/#website","url":"https:\/\/www.campuspharma.se\/","name":"CampusPharma","description":"","publisher":{"@id":"https:\/\/www.campuspharma.se\/#organization"},"potentialAction":[{"@type":"SearchAction","target":{"@type":"EntryPoint","urlTemplate":"https:\/\/www.campuspharma.se\/?s={search_term_string}"},"query-input":{"@type":"PropertyValueSpecification","valueRequired":true,"valueName":"search_term_string"}}],"inLanguage":"fi"},{"@type":"Organization","@id":"https:\/\/www.campuspharma.se\/#organization","name":"CampusPharma","url":"https:\/\/www.campuspharma.se\/","logo":{"@type":"ImageObject","inLanguage":"fi","@id":"https:\/\/www.campuspharma.se\/#\/schema\/logo\/image\/","url":"https:\/\/www.campuspharma.se\/wp-content\/uploads\/2016\/12\/logo-cp-klaR-kopia-e1490769756684.png","contentUrl":"https:\/\/www.campuspharma.se\/wp-content\/uploads\/2016\/12\/logo-cp-klaR-kopia-e1490769756684.png","width":160,"height":98,"caption":"CampusPharma"},"image":{"@id":"https:\/\/www.campuspharma.se\/#\/schema\/logo\/image\/"}}]}},"_links":{"self":[{"href":"https:\/\/www.campuspharma.se\/fi\/wp-json\/wp\/v2\/pages\/19447","targetHints":{"allow":["GET"]}}],"collection":[{"href":"https:\/\/www.campuspharma.se\/fi\/wp-json\/wp\/v2\/pages"}],"about":[{"href":"https:\/\/www.campuspharma.se\/fi\/wp-json\/wp\/v2\/types\/page"}],"author":[{"embeddable":true,"href":"https:\/\/www.campuspharma.se\/fi\/wp-json\/wp\/v2\/users\/2"}],"replies":[{"embeddable":true,"href":"https:\/\/www.campuspharma.se\/fi\/wp-json\/wp\/v2\/comments?post=19447"}],"version-history":[{"count":5,"href":"https:\/\/www.campuspharma.se\/fi\/wp-json\/wp\/v2\/pages\/19447\/revisions"}],"predecessor-version":[{"id":28671,"href":"https:\/\/www.campuspharma.se\/fi\/wp-json\/wp\/v2\/pages\/19447\/revisions\/28671"}],"wp:attachment":[{"href":"https:\/\/www.campuspharma.se\/fi\/wp-json\/wp\/v2\/media?parent=19447"}],"curies":[{"name":"wp","href":"https:\/\/api.w.org\/{rel}","templated":true}]}}