{"id":19440,"date":"2024-03-13T09:39:31","date_gmt":"2024-03-13T08:39:31","guid":{"rendered":"https:\/\/www.campuspharma.se\/?page_id=19440"},"modified":"2024-03-13T09:39:32","modified_gmt":"2024-03-13T08:39:32","slug":"kestavan-kehityksen-yhteisopanos","status":"publish","type":"page","link":"https:\/\/www.campuspharma.se\/fi\/kestavan-kehityksen-edistaminen\/kestavan-kehityksen-yhteisopanos\/","title":{"rendered":"Kest\u00e4v\u00e4n kehityksen yhteis\u00f6panos"},"content":{"rendered":"\n<h1 class=\"wp-block-heading\">Kest\u00e4v\u00e4n kehityksen yhteis\u00f6panos<\/h1>\n\n\n\n<h3 class=\"wp-block-heading imgright\"><img loading=\"lazy\" decoding=\"async\" width=\"150\" height=\"75\" class=\"wp-image-18728\" style=\"width: 150px;\" src=\"https:\/\/www.campuspharma.se\/wp-content\/uploads\/2024\/01\/004.png\" alt=\"\" srcset=\"https:\/\/www.campuspharma.se\/wp-content\/uploads\/2024\/01\/004.png 600w, https:\/\/www.campuspharma.se\/wp-content\/uploads\/2024\/01\/004-300x150.png 300w\" sizes=\"auto, (max-width: 150px) 100vw, 150px\" \/>Mitk\u00e4 ovat globaalit haasteet?<\/h3>\n\n\n\n<ul class=\"wp-block-list\">\n<li>Toimialanlaajuiset haasteet kest\u00e4vyyteen ja l\u00e4pin\u00e4kyvyyteen toimitusketjussa.<\/li>\n\n\n\n<li>Maailmanlaajuinen eriarvoisuus hoidon ja l\u00e4\u00e4kkeiden saatavuudessa.<\/li>\n<\/ul>\n\n\n\n<h3 class=\"wp-block-heading\">Miten voimme osallistua?<\/h3>\n\n\n\n<p class=\"wp-block-paragraph\">Pienen\u00e4 l\u00e4\u00e4keyhti\u00f6n\u00e4 olemme n\u00f6yri\u00e4 siit\u00e4, ett\u00e4 globaaleihin haasteisiin voidaan vastata vain yhteisty\u00f6ss\u00e4 muiden kanssa. Siksi on ensisijaista osallistua alan <strong>hankkeisiin<\/strong> oppia ja jakaa tietoa muutoksen edist\u00e4miseksi. Seuraamme tiiviisti muun muassa Pharmaceutical Supply Chain Initiativen ja Ruotsin l\u00e4\u00e4keviraston &#8221;ymp\u00e4rist\u00f6l\u00e4\u00e4kkeiden tietokeskuksen&#8221; kehityst\u00e4.<\/p>\n\n\n\n<p class=\"imgright wp-block-paragraph\"><img loading=\"lazy\" decoding=\"async\" width=\"150\" height=\"113\" class=\"wp-image-18730\" style=\"width: 150px;\" src=\"https:\/\/www.campuspharma.se\/wp-content\/uploads\/2024\/01\/la-grace-005.jpg\" alt=\"\" srcset=\"https:\/\/www.campuspharma.se\/wp-content\/uploads\/2024\/01\/la-grace-005.jpg 1632w, https:\/\/www.campuspharma.se\/wp-content\/uploads\/2024\/01\/la-grace-005-300x225.jpg 300w, https:\/\/www.campuspharma.se\/wp-content\/uploads\/2024\/01\/la-grace-005-1024x768.jpg 1024w, https:\/\/www.campuspharma.se\/wp-content\/uploads\/2024\/01\/la-grace-005-768x576.jpg 768w, https:\/\/www.campuspharma.se\/wp-content\/uploads\/2024\/01\/la-grace-005-1536x1152.jpg 1536w\" sizes=\"auto, (max-width: 150px) 100vw, 150px\" \/>N\u00e4emme my\u00f6s velvollisuutemme osallistua terveydenhuoltoalan maailmanlaajuisen eriarvoisuuden korjaamiseen parhaamme mukaan. Olemme siksi mukana kansainv\u00e4lisess\u00e4 hankkeessa tukeaksemme <strong>tasa-arvoisempaa maailmanlaajuista p\u00e4\u00e4sy\u00e4 terveydenhuoltoon<\/strong>. Vuodesta 2015 l\u00e4htien CampusPharma on osallistunut Muandassa Kongon demokraattisessa tasavallassa (DRC) sijaitsevan La Grace -klinikan kehitt\u00e4miseen ja laajentamiseen.<\/p>\n\n\n\n<p class=\"imgright wp-block-paragraph\">Klinikalla on nyky\u00e4\u00e4n 25 ty\u00f6ntekij\u00e4\u00e4 (l\u00e4\u00e4k\u00e4rit, sairaanhoitajat, k\u00e4til\u00f6t ja muu terveydenhuollon henkil\u00f6kunta), 50 hoitopaikkaa ja p\u00e4ivitt\u00e4in noin 100 potilask\u00e4ynti\u00e4. CampusPharma on toimittanut ja toimittaa jatkossakin tarvikkeita klinikalle.<\/p>\n\n\n\n<figure class=\"wp-block-table is-style-stripes clear\"><table class=\"has-fixed-layout\"><thead><tr><th>Pitk\u00e4n aikav\u00e4lin tavoitteet (2030)<\/th><th class=\"has-text-align-center\" data-align=\"center\">Osallistuminen globaaleihin tavoitteisiin<\/th><\/tr><\/thead><tbody><tr><td>Osallistumme alan hankkeisiin tiedon jakamiseksi ja muutoksen edist\u00e4miseksi.<\/td><td class=\"has-text-align-center\" data-align=\"center\"><img loading=\"lazy\" decoding=\"async\" width=\"93\" height=\"93\" class=\"wp-image-19441\" style=\"width: 93px;\" src=\"https:\/\/www.campuspharma.se\/wp-content\/uploads\/2024\/03\/fi-17.jpg\" alt=\"\" srcset=\"https:\/\/www.campuspharma.se\/wp-content\/uploads\/2024\/03\/fi-17.jpg 300w, https:\/\/www.campuspharma.se\/wp-content\/uploads\/2024\/03\/fi-17-150x150.jpg 150w\" sizes=\"auto, (max-width: 93px) 100vw, 93px\" \/><\/td><\/tr><tr><td>Osallistumme kansainv\u00e4lisiin hankkeisiin tukeaksemme tasa-arvoisempaa maailmanlaajuista p\u00e4\u00e4sy\u00e4 terveydenhuoltoon.<\/td><td class=\"has-text-align-center\" data-align=\"center\"><img loading=\"lazy\" decoding=\"async\" width=\"93\" height=\"93\" class=\"wp-image-19341\" style=\"width: 93px;\" src=\"https:\/\/www.campuspharma.se\/wp-content\/uploads\/2024\/03\/fi-3.jpg\" alt=\"\" srcset=\"https:\/\/www.campuspharma.se\/wp-content\/uploads\/2024\/03\/fi-3.jpg 300w, https:\/\/www.campuspharma.se\/wp-content\/uploads\/2024\/03\/fi-3-150x150.jpg 150w\" sizes=\"auto, (max-width: 93px) 100vw, 93px\" \/> <img loading=\"lazy\" decoding=\"async\" width=\"93\" height=\"93\" class=\"wp-image-19350\" style=\"width: 93px;\" src=\"https:\/\/www.campuspharma.se\/wp-content\/uploads\/2024\/03\/fi-10.png\" alt=\"\"><\/td><\/tr><\/tbody><\/table><\/figure>\n","protected":false},"excerpt":{"rendered":"<p>Kest\u00e4v\u00e4n kehityksen yhteis\u00f6panos Mitk\u00e4 ovat globaalit haasteet? Miten voimme osallistua? Pienen\u00e4 l\u00e4\u00e4keyhti\u00f6n\u00e4 olemme n\u00f6yri\u00e4 siit\u00e4,<\/p>\n","protected":false},"author":2,"featured_media":0,"parent":19321,"menu_order":4,"comment_status":"closed","ping_status":"closed","template":"","meta":{"_acf_changed":false,"_crdt_document":"","footnotes":""},"class_list":["post-19440","page","type-page","status-publish","hentry"],"acf":[],"yoast_head":"<!-- This site is optimized with the Yoast SEO plugin v27.4 - https:\/\/yoast.com\/product\/yoast-seo-wordpress\/ -->\n<title>Kest\u00e4v\u00e4n kehityksen yhteis\u00f6panos - CampusPharma<\/title>\n<meta name=\"description\" content=\"Kest\u00e4v\u00e4n kehityksen yhteis\u00f6panos Mitk\u00e4 ovat globaalit haasteet? Toimialanlaajuiset haasteet kest\u00e4vyyteen ja l\u00e4pin\u00e4kyvyyteen toimitusketjussa.\" \/>\n<meta name=\"robots\" content=\"index, follow, max-snippet:-1, max-image-preview:large, max-video-preview:-1\" \/>\n<link rel=\"canonical\" href=\"https:\/\/www.campuspharma.se\/fi\/kestavan-kehityksen-edistaminen\/kestavan-kehityksen-yhteisopanos\/\" \/>\n<meta property=\"og:locale\" content=\"fi_FI\" \/>\n<meta property=\"og:type\" content=\"article\" \/>\n<meta property=\"og:title\" content=\"Kest\u00e4v\u00e4n kehityksen yhteis\u00f6panos - CampusPharma\" \/>\n<meta property=\"og:description\" content=\"Kest\u00e4v\u00e4n kehityksen yhteis\u00f6panos Mitk\u00e4 ovat globaalit haasteet? Toimialanlaajuiset haasteet kest\u00e4vyyteen ja l\u00e4pin\u00e4kyvyyteen toimitusketjussa.\" \/>\n<meta property=\"og:url\" content=\"https:\/\/www.campuspharma.se\/fi\/kestavan-kehityksen-edistaminen\/kestavan-kehityksen-yhteisopanos\/\" \/>\n<meta property=\"og:site_name\" content=\"CampusPharma\" \/>\n<meta property=\"article:modified_time\" content=\"2024-03-13T08:39:32+00:00\" \/>\n<meta property=\"og:image\" content=\"https:\/\/www.campuspharma.se\/wp-content\/uploads\/2024\/01\/004.png\" \/>\n<meta name=\"twitter:card\" content=\"summary_large_image\" \/>\n<meta name=\"twitter:label1\" content=\"Arvioitu lukuaika\" \/>\n\t<meta name=\"twitter:data1\" content=\"2 minuuttia\" \/>\n<script type=\"application\/ld+json\" class=\"yoast-schema-graph\">{\"@context\":\"https:\\\/\\\/schema.org\",\"@graph\":[{\"@type\":\"WebPage\",\"@id\":\"https:\\\/\\\/www.campuspharma.se\\\/fi\\\/kestavan-kehityksen-edistaminen\\\/kestavan-kehityksen-yhteisopanos\\\/\",\"url\":\"https:\\\/\\\/www.campuspharma.se\\\/fi\\\/kestavan-kehityksen-edistaminen\\\/kestavan-kehityksen-yhteisopanos\\\/\",\"name\":\"Kest\u00e4v\u00e4n kehityksen yhteis\u00f6panos - CampusPharma\",\"isPartOf\":{\"@id\":\"https:\\\/\\\/www.campuspharma.se\\\/#website\"},\"primaryImageOfPage\":{\"@id\":\"https:\\\/\\\/www.campuspharma.se\\\/fi\\\/kestavan-kehityksen-edistaminen\\\/kestavan-kehityksen-yhteisopanos\\\/#primaryimage\"},\"image\":{\"@id\":\"https:\\\/\\\/www.campuspharma.se\\\/fi\\\/kestavan-kehityksen-edistaminen\\\/kestavan-kehityksen-yhteisopanos\\\/#primaryimage\"},\"thumbnailUrl\":\"https:\\\/\\\/www.campuspharma.se\\\/wp-content\\\/uploads\\\/2024\\\/01\\\/004.png\",\"datePublished\":\"2024-03-13T08:39:31+00:00\",\"dateModified\":\"2024-03-13T08:39:32+00:00\",\"description\":\"Kest\u00e4v\u00e4n kehityksen yhteis\u00f6panos Mitk\u00e4 ovat globaalit haasteet? Toimialanlaajuiset haasteet kest\u00e4vyyteen ja l\u00e4pin\u00e4kyvyyteen toimitusketjussa.\",\"breadcrumb\":{\"@id\":\"https:\\\/\\\/www.campuspharma.se\\\/fi\\\/kestavan-kehityksen-edistaminen\\\/kestavan-kehityksen-yhteisopanos\\\/#breadcrumb\"},\"inLanguage\":\"fi\",\"potentialAction\":[{\"@type\":\"ReadAction\",\"target\":[\"https:\\\/\\\/www.campuspharma.se\\\/fi\\\/kestavan-kehityksen-edistaminen\\\/kestavan-kehityksen-yhteisopanos\\\/\"]}]},{\"@type\":\"ImageObject\",\"inLanguage\":\"fi\",\"@id\":\"https:\\\/\\\/www.campuspharma.se\\\/fi\\\/kestavan-kehityksen-edistaminen\\\/kestavan-kehityksen-yhteisopanos\\\/#primaryimage\",\"url\":\"https:\\\/\\\/www.campuspharma.se\\\/wp-content\\\/uploads\\\/2024\\\/01\\\/004.png\",\"contentUrl\":\"https:\\\/\\\/www.campuspharma.se\\\/wp-content\\\/uploads\\\/2024\\\/01\\\/004.png\"},{\"@type\":\"BreadcrumbList\",\"@id\":\"https:\\\/\\\/www.campuspharma.se\\\/fi\\\/kestavan-kehityksen-edistaminen\\\/kestavan-kehityksen-yhteisopanos\\\/#breadcrumb\",\"itemListElement\":[{\"@type\":\"ListItem\",\"position\":1,\"name\":\"Kest\u00e4v\u00e4n kehityksen edist\u00e4minen\",\"item\":\"https:\\\/\\\/www.campuspharma.se\\\/fi\\\/kestavan-kehityksen-edistaminen\\\/\"},{\"@type\":\"ListItem\",\"position\":2,\"name\":\"Kest\u00e4v\u00e4n kehityksen yhteis\u00f6panos\"}]},{\"@type\":\"WebSite\",\"@id\":\"https:\\\/\\\/www.campuspharma.se\\\/#website\",\"url\":\"https:\\\/\\\/www.campuspharma.se\\\/\",\"name\":\"CampusPharma\",\"description\":\"\",\"publisher\":{\"@id\":\"https:\\\/\\\/www.campuspharma.se\\\/#organization\"},\"potentialAction\":[{\"@type\":\"SearchAction\",\"target\":{\"@type\":\"EntryPoint\",\"urlTemplate\":\"https:\\\/\\\/www.campuspharma.se\\\/?s={search_term_string}\"},\"query-input\":{\"@type\":\"PropertyValueSpecification\",\"valueRequired\":true,\"valueName\":\"search_term_string\"}}],\"inLanguage\":\"fi\"},{\"@type\":\"Organization\",\"@id\":\"https:\\\/\\\/www.campuspharma.se\\\/#organization\",\"name\":\"CampusPharma\",\"url\":\"https:\\\/\\\/www.campuspharma.se\\\/\",\"logo\":{\"@type\":\"ImageObject\",\"inLanguage\":\"fi\",\"@id\":\"https:\\\/\\\/www.campuspharma.se\\\/#\\\/schema\\\/logo\\\/image\\\/\",\"url\":\"https:\\\/\\\/www.campuspharma.se\\\/wp-content\\\/uploads\\\/2016\\\/12\\\/logo-cp-klaR-kopia-e1490769756684.png\",\"contentUrl\":\"https:\\\/\\\/www.campuspharma.se\\\/wp-content\\\/uploads\\\/2016\\\/12\\\/logo-cp-klaR-kopia-e1490769756684.png\",\"width\":160,\"height\":98,\"caption\":\"CampusPharma\"},\"image\":{\"@id\":\"https:\\\/\\\/www.campuspharma.se\\\/#\\\/schema\\\/logo\\\/image\\\/\"}}]}<\/script>\n<!-- \/ Yoast SEO plugin. -->","yoast_head_json":{"title":"Kest\u00e4v\u00e4n kehityksen yhteis\u00f6panos - CampusPharma","description":"Kest\u00e4v\u00e4n kehityksen yhteis\u00f6panos Mitk\u00e4 ovat globaalit haasteet? Toimialanlaajuiset haasteet kest\u00e4vyyteen ja l\u00e4pin\u00e4kyvyyteen toimitusketjussa.","robots":{"index":"index","follow":"follow","max-snippet":"max-snippet:-1","max-image-preview":"max-image-preview:large","max-video-preview":"max-video-preview:-1"},"canonical":"https:\/\/www.campuspharma.se\/fi\/kestavan-kehityksen-edistaminen\/kestavan-kehityksen-yhteisopanos\/","og_locale":"fi_FI","og_type":"article","og_title":"Kest\u00e4v\u00e4n kehityksen yhteis\u00f6panos - CampusPharma","og_description":"Kest\u00e4v\u00e4n kehityksen yhteis\u00f6panos Mitk\u00e4 ovat globaalit haasteet? Toimialanlaajuiset haasteet kest\u00e4vyyteen ja l\u00e4pin\u00e4kyvyyteen toimitusketjussa.","og_url":"https:\/\/www.campuspharma.se\/fi\/kestavan-kehityksen-edistaminen\/kestavan-kehityksen-yhteisopanos\/","og_site_name":"CampusPharma","article_modified_time":"2024-03-13T08:39:32+00:00","og_image":[{"url":"https:\/\/www.campuspharma.se\/wp-content\/uploads\/2024\/01\/004.png","type":"","width":"","height":""}],"twitter_card":"summary_large_image","twitter_misc":{"Arvioitu lukuaika":"2 minuuttia"},"schema":{"@context":"https:\/\/schema.org","@graph":[{"@type":"WebPage","@id":"https:\/\/www.campuspharma.se\/fi\/kestavan-kehityksen-edistaminen\/kestavan-kehityksen-yhteisopanos\/","url":"https:\/\/www.campuspharma.se\/fi\/kestavan-kehityksen-edistaminen\/kestavan-kehityksen-yhteisopanos\/","name":"Kest\u00e4v\u00e4n kehityksen yhteis\u00f6panos - CampusPharma","isPartOf":{"@id":"https:\/\/www.campuspharma.se\/#website"},"primaryImageOfPage":{"@id":"https:\/\/www.campuspharma.se\/fi\/kestavan-kehityksen-edistaminen\/kestavan-kehityksen-yhteisopanos\/#primaryimage"},"image":{"@id":"https:\/\/www.campuspharma.se\/fi\/kestavan-kehityksen-edistaminen\/kestavan-kehityksen-yhteisopanos\/#primaryimage"},"thumbnailUrl":"https:\/\/www.campuspharma.se\/wp-content\/uploads\/2024\/01\/004.png","datePublished":"2024-03-13T08:39:31+00:00","dateModified":"2024-03-13T08:39:32+00:00","description":"Kest\u00e4v\u00e4n kehityksen yhteis\u00f6panos Mitk\u00e4 ovat globaalit haasteet? Toimialanlaajuiset haasteet kest\u00e4vyyteen ja l\u00e4pin\u00e4kyvyyteen toimitusketjussa.","breadcrumb":{"@id":"https:\/\/www.campuspharma.se\/fi\/kestavan-kehityksen-edistaminen\/kestavan-kehityksen-yhteisopanos\/#breadcrumb"},"inLanguage":"fi","potentialAction":[{"@type":"ReadAction","target":["https:\/\/www.campuspharma.se\/fi\/kestavan-kehityksen-edistaminen\/kestavan-kehityksen-yhteisopanos\/"]}]},{"@type":"ImageObject","inLanguage":"fi","@id":"https:\/\/www.campuspharma.se\/fi\/kestavan-kehityksen-edistaminen\/kestavan-kehityksen-yhteisopanos\/#primaryimage","url":"https:\/\/www.campuspharma.se\/wp-content\/uploads\/2024\/01\/004.png","contentUrl":"https:\/\/www.campuspharma.se\/wp-content\/uploads\/2024\/01\/004.png"},{"@type":"BreadcrumbList","@id":"https:\/\/www.campuspharma.se\/fi\/kestavan-kehityksen-edistaminen\/kestavan-kehityksen-yhteisopanos\/#breadcrumb","itemListElement":[{"@type":"ListItem","position":1,"name":"Kest\u00e4v\u00e4n kehityksen edist\u00e4minen","item":"https:\/\/www.campuspharma.se\/fi\/kestavan-kehityksen-edistaminen\/"},{"@type":"ListItem","position":2,"name":"Kest\u00e4v\u00e4n kehityksen yhteis\u00f6panos"}]},{"@type":"WebSite","@id":"https:\/\/www.campuspharma.se\/#website","url":"https:\/\/www.campuspharma.se\/","name":"CampusPharma","description":"","publisher":{"@id":"https:\/\/www.campuspharma.se\/#organization"},"potentialAction":[{"@type":"SearchAction","target":{"@type":"EntryPoint","urlTemplate":"https:\/\/www.campuspharma.se\/?s={search_term_string}"},"query-input":{"@type":"PropertyValueSpecification","valueRequired":true,"valueName":"search_term_string"}}],"inLanguage":"fi"},{"@type":"Organization","@id":"https:\/\/www.campuspharma.se\/#organization","name":"CampusPharma","url":"https:\/\/www.campuspharma.se\/","logo":{"@type":"ImageObject","inLanguage":"fi","@id":"https:\/\/www.campuspharma.se\/#\/schema\/logo\/image\/","url":"https:\/\/www.campuspharma.se\/wp-content\/uploads\/2016\/12\/logo-cp-klaR-kopia-e1490769756684.png","contentUrl":"https:\/\/www.campuspharma.se\/wp-content\/uploads\/2016\/12\/logo-cp-klaR-kopia-e1490769756684.png","width":160,"height":98,"caption":"CampusPharma"},"image":{"@id":"https:\/\/www.campuspharma.se\/#\/schema\/logo\/image\/"}}]}},"_links":{"self":[{"href":"https:\/\/www.campuspharma.se\/fi\/wp-json\/wp\/v2\/pages\/19440","targetHints":{"allow":["GET"]}}],"collection":[{"href":"https:\/\/www.campuspharma.se\/fi\/wp-json\/wp\/v2\/pages"}],"about":[{"href":"https:\/\/www.campuspharma.se\/fi\/wp-json\/wp\/v2\/types\/page"}],"author":[{"embeddable":true,"href":"https:\/\/www.campuspharma.se\/fi\/wp-json\/wp\/v2\/users\/2"}],"replies":[{"embeddable":true,"href":"https:\/\/www.campuspharma.se\/fi\/wp-json\/wp\/v2\/comments?post=19440"}],"version-history":[{"count":1,"href":"https:\/\/www.campuspharma.se\/fi\/wp-json\/wp\/v2\/pages\/19440\/revisions"}],"predecessor-version":[{"id":19444,"href":"https:\/\/www.campuspharma.se\/fi\/wp-json\/wp\/v2\/pages\/19440\/revisions\/19444"}],"up":[{"embeddable":true,"href":"https:\/\/www.campuspharma.se\/fi\/wp-json\/wp\/v2\/pages\/19321"}],"wp:attachment":[{"href":"https:\/\/www.campuspharma.se\/fi\/wp-json\/wp\/v2\/media?parent=19440"}],"curies":[{"name":"wp","href":"https:\/\/api.w.org\/{rel}","templated":true}]}}