{"id":19437,"date":"2024-03-13T09:36:42","date_gmt":"2024-03-13T08:36:42","guid":{"rendered":"https:\/\/www.campuspharma.se\/?page_id=19437"},"modified":"2024-03-13T09:36:42","modified_gmt":"2024-03-13T08:36:42","slug":"kestava-toimitusketju","status":"publish","type":"page","link":"https:\/\/www.campuspharma.se\/fi\/kestavan-kehityksen-edistaminen\/kestava-toimitusketju\/","title":{"rendered":"Kest\u00e4v\u00e4 toimitusketju"},"content":{"rendered":"\n<h1 class=\"wp-block-heading\">Kest\u00e4v\u00e4 toimitusketju<\/h1>\n\n\n\n<h3 class=\"wp-block-heading imgright\"><img loading=\"lazy\" decoding=\"async\" width=\"150\" height=\"75\" class=\"wp-image-18723\" style=\"width: 150px;\" src=\"https:\/\/www.campuspharma.se\/wp-content\/uploads\/2024\/01\/003.png\" alt=\"\" srcset=\"https:\/\/www.campuspharma.se\/wp-content\/uploads\/2024\/01\/003.png 600w, https:\/\/www.campuspharma.se\/wp-content\/uploads\/2024\/01\/003-300x150.png 300w\" sizes=\"auto, (max-width: 150px) 100vw, 150px\" \/>Mitk\u00e4 ovat globaalit haasteet?<\/h3>\n\n\n\n<ul class=\"wp-block-list\">\n<li>Toimitusketjun heikko l\u00e4pin\u00e4kyvyys vaikeuttaa asiakkaiden tiedon saantia ja ymm\u00e4rt\u00e4mist\u00e4, sek\u00e4 haittaa tiedon validointia siit\u00e4, miten l\u00e4\u00e4ketuotantoketju vaikuttaa ihmisoikeuksiin ja ymp\u00e4rist\u00f6\u00f6n.<\/li>\n\n\n\n<li>L\u00e4\u00e4keala aiheuttaa kest\u00e4m\u00e4tt\u00f6mi\u00e4 p\u00e4\u00e4st\u00f6j\u00e4.<\/li>\n\n\n\n<li>Kaikkien yritysten on tartuttava ilmastohaasteeseen.<\/li>\n<\/ul>\n\n\n\n<h3 class=\"wp-block-heading\">Miten voimme osallistua?<\/h3>\n\n\n\n<p class=\"wp-block-paragraph\">Olemme vahvasti sitoutuneet saavuttamaan tuotteidemme kest\u00e4v\u00e4n toimitusketjun. T\u00e4m\u00e4 tarkoittaa, ett\u00e4 meill\u00e4 on kunnianhimoiset standardit valvoaksemme ja osoittaaksemme kunnioittavamme ihmisoikeuksia ja eettist\u00e4 k\u00e4ytt\u00e4ytymist\u00e4 arvoketjussamme. Se tarkoittaa my\u00f6s ilmastovaikutusten ja saasteiden minimoimista. Haluamme vaikuttaa ja tukea toimittajiamme alkup\u00e4\u00e4ss\u00e4 ja osallistua tuotantoketjun loppup\u00e4\u00e4n toimiin minimoidaksemme tuotteidemme ymp\u00e4rist\u00f6vaikutukset.<\/p>\n\n\n\n<p class=\"wp-block-paragraph\">Kest\u00e4v\u00e4n toimitusketjun saavuttamiseksi l\u00e4\u00e4kealan on parannettava avoimuuttaan, jotta sidosryhm\u00e4t voivat uskottavasti seurata, mitata ja todentaa ponnisteluja. Haluamme saavuttaa t\u00e4m\u00e4n avoimuuden antamalla tietoja seuraavista asioista:<\/p>\n\n\n\n<ul class=\"wp-block-list\">\n<li>Tuotteidemme vastuullisuusvaikutus <strong>tuotantovaiheessa<\/strong>. Saavutamme t\u00e4m\u00e4n julkaisemalla tiedot toimittajistamme ja heid\u00e4n vastuullisuusty\u00f6st\u00e4\u00e4n vuosittaisessa vastuullisuusraportissamme.<\/li>\n\n\n\n<li><strong>Oman organisaatiomme<\/strong> vastuullisuussuorituskyky, joka kerrotaan verkkosivuillamme ja vastuullisuusraportissamme.<\/li>\n\n\n\n<li>Tuotteidemme ymp\u00e4rist\u00f6vaikutukset <strong>k\u00e4ytt\u00f6vaiheessa<\/strong> sek\u00e4 verkkosivustomme ett\u00e4 kest\u00e4v\u00e4n kehityksen raportin kautta.<\/li>\n<\/ul>\n\n\n\n<figure class=\"wp-block-table is-style-stripes\"><table class=\"has-fixed-layout\"><thead><tr><th>Pitk\u00e4n aikav\u00e4lin tavoitteet (2030)<\/th><th class=\"has-text-align-center\" data-align=\"center\">Osallistuminen globaaleihin tavoitteisiin<\/th><\/tr><\/thead><tbody><tr><td>Tied\u00e4mme ja n\u00e4yt\u00e4mme, kuinka kunnioitamme ihmisoikeuksia. Ty\u00f6skentelemme jatkuvasti v\u00e4hent\u00e4\u00e4ksemme tuotteidemme aiheuttamia ilmastovaikutuksia ja saasteita.<\/td><td class=\"has-text-align-center\" data-align=\"center\"><img loading=\"lazy\" decoding=\"async\" width=\"93\" height=\"93\" class=\"wp-image-19344\" style=\"width: 93px;\" src=\"https:\/\/www.campuspharma.se\/wp-content\/uploads\/2024\/03\/fi-6.jpg\" alt=\"\" srcset=\"https:\/\/www.campuspharma.se\/wp-content\/uploads\/2024\/03\/fi-6.jpg 300w, https:\/\/www.campuspharma.se\/wp-content\/uploads\/2024\/03\/fi-6-150x150.jpg 150w\" sizes=\"auto, (max-width: 93px) 100vw, 93px\" \/> <img loading=\"lazy\" decoding=\"async\" width=\"93\" height=\"93\" class=\"wp-image-19347\" style=\"width: 93px;\" src=\"https:\/\/www.campuspharma.se\/wp-content\/uploads\/2024\/03\/fi-8.jpg\" alt=\"\" srcset=\"https:\/\/www.campuspharma.se\/wp-content\/uploads\/2024\/03\/fi-8.jpg 300w, https:\/\/www.campuspharma.se\/wp-content\/uploads\/2024\/03\/fi-8-150x150.jpg 150w\" sizes=\"auto, (max-width: 93px) 100vw, 93px\" \/> <img loading=\"lazy\" decoding=\"async\" width=\"93\" height=\"93\" class=\"wp-image-19432\" style=\"width: 93px;\" src=\"https:\/\/www.campuspharma.se\/wp-content\/uploads\/2024\/03\/fi-13.jpg\" alt=\"\" srcset=\"https:\/\/www.campuspharma.se\/wp-content\/uploads\/2024\/03\/fi-13.jpg 300w, https:\/\/www.campuspharma.se\/wp-content\/uploads\/2024\/03\/fi-13-150x150.jpg 150w\" sizes=\"auto, (max-width: 93px) 100vw, 93px\" \/><\/td><\/tr><tr><td>Viestimme avoimesti toimittajien ja tuotteiden vaikutuksista sek\u00e4 oman organisaatiomme suorituskyvyst\u00e4.<\/td><td class=\"has-text-align-center\" data-align=\"center\"><img loading=\"lazy\" decoding=\"async\" width=\"93\" height=\"93\" class=\"wp-image-19353\" style=\"width: 93px;\" src=\"https:\/\/www.campuspharma.se\/wp-content\/uploads\/2024\/03\/fi-12.jpg\" alt=\"\" srcset=\"https:\/\/www.campuspharma.se\/wp-content\/uploads\/2024\/03\/fi-12.jpg 300w, https:\/\/www.campuspharma.se\/wp-content\/uploads\/2024\/03\/fi-12-150x150.jpg 150w\" sizes=\"auto, (max-width: 93px) 100vw, 93px\" \/><\/td><\/tr><\/tbody><\/table><\/figure>\n","protected":false},"excerpt":{"rendered":"<p>Kest\u00e4v\u00e4 toimitusketju Mitk\u00e4 ovat globaalit haasteet? Miten voimme osallistua? Olemme vahvasti sitoutuneet saavuttamaan tuotteidemme kest\u00e4v\u00e4n<\/p>\n","protected":false},"author":2,"featured_media":0,"parent":19321,"menu_order":3,"comment_status":"closed","ping_status":"closed","template":"","meta":{"_acf_changed":false,"_crdt_document":"","footnotes":""},"class_list":["post-19437","page","type-page","status-publish","hentry"],"acf":[],"yoast_head":"<!-- This site is optimized with the Yoast SEO plugin v27.4 - https:\/\/yoast.com\/product\/yoast-seo-wordpress\/ -->\n<title>Kest\u00e4v\u00e4 toimitusketju - CampusPharma<\/title>\n<meta name=\"description\" content=\"Kest\u00e4v\u00e4 toimitusketju Mitk\u00e4 ovat globaalit haasteet? Toimitusketjun heikko l\u00e4pin\u00e4kyvyys vaikeuttaa asiakkaiden tiedon saantia ja ymm\u00e4rt\u00e4mist\u00e4, sek\u00e4\" \/>\n<meta name=\"robots\" content=\"index, follow, max-snippet:-1, max-image-preview:large, max-video-preview:-1\" \/>\n<link rel=\"canonical\" href=\"https:\/\/www.campuspharma.se\/fi\/kestavan-kehityksen-edistaminen\/kestava-toimitusketju\/\" \/>\n<meta property=\"og:locale\" content=\"fi_FI\" \/>\n<meta property=\"og:type\" content=\"article\" \/>\n<meta property=\"og:title\" content=\"Kest\u00e4v\u00e4 toimitusketju - CampusPharma\" \/>\n<meta property=\"og:description\" content=\"Kest\u00e4v\u00e4 toimitusketju Mitk\u00e4 ovat globaalit haasteet? Toimitusketjun heikko l\u00e4pin\u00e4kyvyys vaikeuttaa asiakkaiden tiedon saantia ja ymm\u00e4rt\u00e4mist\u00e4, sek\u00e4\" \/>\n<meta property=\"og:url\" content=\"https:\/\/www.campuspharma.se\/fi\/kestavan-kehityksen-edistaminen\/kestava-toimitusketju\/\" \/>\n<meta property=\"og:site_name\" content=\"CampusPharma\" \/>\n<meta property=\"og:image\" content=\"https:\/\/www.campuspharma.se\/wp-content\/uploads\/2024\/01\/003.png\" \/>\n<meta name=\"twitter:card\" content=\"summary_large_image\" \/>\n<meta name=\"twitter:label1\" content=\"Arvioitu lukuaika\" \/>\n\t<meta name=\"twitter:data1\" content=\"2 minuuttia\" \/>\n<script type=\"application\/ld+json\" class=\"yoast-schema-graph\">{\"@context\":\"https:\\\/\\\/schema.org\",\"@graph\":[{\"@type\":\"WebPage\",\"@id\":\"https:\\\/\\\/www.campuspharma.se\\\/fi\\\/kestavan-kehityksen-edistaminen\\\/kestava-toimitusketju\\\/\",\"url\":\"https:\\\/\\\/www.campuspharma.se\\\/fi\\\/kestavan-kehityksen-edistaminen\\\/kestava-toimitusketju\\\/\",\"name\":\"Kest\u00e4v\u00e4 toimitusketju - CampusPharma\",\"isPartOf\":{\"@id\":\"https:\\\/\\\/www.campuspharma.se\\\/#website\"},\"primaryImageOfPage\":{\"@id\":\"https:\\\/\\\/www.campuspharma.se\\\/fi\\\/kestavan-kehityksen-edistaminen\\\/kestava-toimitusketju\\\/#primaryimage\"},\"image\":{\"@id\":\"https:\\\/\\\/www.campuspharma.se\\\/fi\\\/kestavan-kehityksen-edistaminen\\\/kestava-toimitusketju\\\/#primaryimage\"},\"thumbnailUrl\":\"https:\\\/\\\/www.campuspharma.se\\\/wp-content\\\/uploads\\\/2024\\\/01\\\/003.png\",\"datePublished\":\"2024-03-13T08:36:42+00:00\",\"description\":\"Kest\u00e4v\u00e4 toimitusketju Mitk\u00e4 ovat globaalit haasteet? Toimitusketjun heikko l\u00e4pin\u00e4kyvyys vaikeuttaa asiakkaiden tiedon saantia ja ymm\u00e4rt\u00e4mist\u00e4, sek\u00e4\",\"breadcrumb\":{\"@id\":\"https:\\\/\\\/www.campuspharma.se\\\/fi\\\/kestavan-kehityksen-edistaminen\\\/kestava-toimitusketju\\\/#breadcrumb\"},\"inLanguage\":\"fi\",\"potentialAction\":[{\"@type\":\"ReadAction\",\"target\":[\"https:\\\/\\\/www.campuspharma.se\\\/fi\\\/kestavan-kehityksen-edistaminen\\\/kestava-toimitusketju\\\/\"]}]},{\"@type\":\"ImageObject\",\"inLanguage\":\"fi\",\"@id\":\"https:\\\/\\\/www.campuspharma.se\\\/fi\\\/kestavan-kehityksen-edistaminen\\\/kestava-toimitusketju\\\/#primaryimage\",\"url\":\"https:\\\/\\\/www.campuspharma.se\\\/wp-content\\\/uploads\\\/2024\\\/01\\\/003.png\",\"contentUrl\":\"https:\\\/\\\/www.campuspharma.se\\\/wp-content\\\/uploads\\\/2024\\\/01\\\/003.png\"},{\"@type\":\"BreadcrumbList\",\"@id\":\"https:\\\/\\\/www.campuspharma.se\\\/fi\\\/kestavan-kehityksen-edistaminen\\\/kestava-toimitusketju\\\/#breadcrumb\",\"itemListElement\":[{\"@type\":\"ListItem\",\"position\":1,\"name\":\"Kest\u00e4v\u00e4n kehityksen edist\u00e4minen\",\"item\":\"https:\\\/\\\/www.campuspharma.se\\\/fi\\\/kestavan-kehityksen-edistaminen\\\/\"},{\"@type\":\"ListItem\",\"position\":2,\"name\":\"Kest\u00e4v\u00e4 toimitusketju\"}]},{\"@type\":\"WebSite\",\"@id\":\"https:\\\/\\\/www.campuspharma.se\\\/#website\",\"url\":\"https:\\\/\\\/www.campuspharma.se\\\/\",\"name\":\"CampusPharma\",\"description\":\"\",\"publisher\":{\"@id\":\"https:\\\/\\\/www.campuspharma.se\\\/#organization\"},\"potentialAction\":[{\"@type\":\"SearchAction\",\"target\":{\"@type\":\"EntryPoint\",\"urlTemplate\":\"https:\\\/\\\/www.campuspharma.se\\\/?s={search_term_string}\"},\"query-input\":{\"@type\":\"PropertyValueSpecification\",\"valueRequired\":true,\"valueName\":\"search_term_string\"}}],\"inLanguage\":\"fi\"},{\"@type\":\"Organization\",\"@id\":\"https:\\\/\\\/www.campuspharma.se\\\/#organization\",\"name\":\"CampusPharma\",\"url\":\"https:\\\/\\\/www.campuspharma.se\\\/\",\"logo\":{\"@type\":\"ImageObject\",\"inLanguage\":\"fi\",\"@id\":\"https:\\\/\\\/www.campuspharma.se\\\/#\\\/schema\\\/logo\\\/image\\\/\",\"url\":\"https:\\\/\\\/www.campuspharma.se\\\/wp-content\\\/uploads\\\/2016\\\/12\\\/logo-cp-klaR-kopia-e1490769756684.png\",\"contentUrl\":\"https:\\\/\\\/www.campuspharma.se\\\/wp-content\\\/uploads\\\/2016\\\/12\\\/logo-cp-klaR-kopia-e1490769756684.png\",\"width\":160,\"height\":98,\"caption\":\"CampusPharma\"},\"image\":{\"@id\":\"https:\\\/\\\/www.campuspharma.se\\\/#\\\/schema\\\/logo\\\/image\\\/\"}}]}<\/script>\n<!-- \/ Yoast SEO plugin. -->","yoast_head_json":{"title":"Kest\u00e4v\u00e4 toimitusketju - CampusPharma","description":"Kest\u00e4v\u00e4 toimitusketju Mitk\u00e4 ovat globaalit haasteet? Toimitusketjun heikko l\u00e4pin\u00e4kyvyys vaikeuttaa asiakkaiden tiedon saantia ja ymm\u00e4rt\u00e4mist\u00e4, sek\u00e4","robots":{"index":"index","follow":"follow","max-snippet":"max-snippet:-1","max-image-preview":"max-image-preview:large","max-video-preview":"max-video-preview:-1"},"canonical":"https:\/\/www.campuspharma.se\/fi\/kestavan-kehityksen-edistaminen\/kestava-toimitusketju\/","og_locale":"fi_FI","og_type":"article","og_title":"Kest\u00e4v\u00e4 toimitusketju - CampusPharma","og_description":"Kest\u00e4v\u00e4 toimitusketju Mitk\u00e4 ovat globaalit haasteet? Toimitusketjun heikko l\u00e4pin\u00e4kyvyys vaikeuttaa asiakkaiden tiedon saantia ja ymm\u00e4rt\u00e4mist\u00e4, sek\u00e4","og_url":"https:\/\/www.campuspharma.se\/fi\/kestavan-kehityksen-edistaminen\/kestava-toimitusketju\/","og_site_name":"CampusPharma","og_image":[{"url":"https:\/\/www.campuspharma.se\/wp-content\/uploads\/2024\/01\/003.png","type":"","width":"","height":""}],"twitter_card":"summary_large_image","twitter_misc":{"Arvioitu lukuaika":"2 minuuttia"},"schema":{"@context":"https:\/\/schema.org","@graph":[{"@type":"WebPage","@id":"https:\/\/www.campuspharma.se\/fi\/kestavan-kehityksen-edistaminen\/kestava-toimitusketju\/","url":"https:\/\/www.campuspharma.se\/fi\/kestavan-kehityksen-edistaminen\/kestava-toimitusketju\/","name":"Kest\u00e4v\u00e4 toimitusketju - CampusPharma","isPartOf":{"@id":"https:\/\/www.campuspharma.se\/#website"},"primaryImageOfPage":{"@id":"https:\/\/www.campuspharma.se\/fi\/kestavan-kehityksen-edistaminen\/kestava-toimitusketju\/#primaryimage"},"image":{"@id":"https:\/\/www.campuspharma.se\/fi\/kestavan-kehityksen-edistaminen\/kestava-toimitusketju\/#primaryimage"},"thumbnailUrl":"https:\/\/www.campuspharma.se\/wp-content\/uploads\/2024\/01\/003.png","datePublished":"2024-03-13T08:36:42+00:00","description":"Kest\u00e4v\u00e4 toimitusketju Mitk\u00e4 ovat globaalit haasteet? Toimitusketjun heikko l\u00e4pin\u00e4kyvyys vaikeuttaa asiakkaiden tiedon saantia ja ymm\u00e4rt\u00e4mist\u00e4, sek\u00e4","breadcrumb":{"@id":"https:\/\/www.campuspharma.se\/fi\/kestavan-kehityksen-edistaminen\/kestava-toimitusketju\/#breadcrumb"},"inLanguage":"fi","potentialAction":[{"@type":"ReadAction","target":["https:\/\/www.campuspharma.se\/fi\/kestavan-kehityksen-edistaminen\/kestava-toimitusketju\/"]}]},{"@type":"ImageObject","inLanguage":"fi","@id":"https:\/\/www.campuspharma.se\/fi\/kestavan-kehityksen-edistaminen\/kestava-toimitusketju\/#primaryimage","url":"https:\/\/www.campuspharma.se\/wp-content\/uploads\/2024\/01\/003.png","contentUrl":"https:\/\/www.campuspharma.se\/wp-content\/uploads\/2024\/01\/003.png"},{"@type":"BreadcrumbList","@id":"https:\/\/www.campuspharma.se\/fi\/kestavan-kehityksen-edistaminen\/kestava-toimitusketju\/#breadcrumb","itemListElement":[{"@type":"ListItem","position":1,"name":"Kest\u00e4v\u00e4n kehityksen edist\u00e4minen","item":"https:\/\/www.campuspharma.se\/fi\/kestavan-kehityksen-edistaminen\/"},{"@type":"ListItem","position":2,"name":"Kest\u00e4v\u00e4 toimitusketju"}]},{"@type":"WebSite","@id":"https:\/\/www.campuspharma.se\/#website","url":"https:\/\/www.campuspharma.se\/","name":"CampusPharma","description":"","publisher":{"@id":"https:\/\/www.campuspharma.se\/#organization"},"potentialAction":[{"@type":"SearchAction","target":{"@type":"EntryPoint","urlTemplate":"https:\/\/www.campuspharma.se\/?s={search_term_string}"},"query-input":{"@type":"PropertyValueSpecification","valueRequired":true,"valueName":"search_term_string"}}],"inLanguage":"fi"},{"@type":"Organization","@id":"https:\/\/www.campuspharma.se\/#organization","name":"CampusPharma","url":"https:\/\/www.campuspharma.se\/","logo":{"@type":"ImageObject","inLanguage":"fi","@id":"https:\/\/www.campuspharma.se\/#\/schema\/logo\/image\/","url":"https:\/\/www.campuspharma.se\/wp-content\/uploads\/2016\/12\/logo-cp-klaR-kopia-e1490769756684.png","contentUrl":"https:\/\/www.campuspharma.se\/wp-content\/uploads\/2016\/12\/logo-cp-klaR-kopia-e1490769756684.png","width":160,"height":98,"caption":"CampusPharma"},"image":{"@id":"https:\/\/www.campuspharma.se\/#\/schema\/logo\/image\/"}}]}},"_links":{"self":[{"href":"https:\/\/www.campuspharma.se\/fi\/wp-json\/wp\/v2\/pages\/19437","targetHints":{"allow":["GET"]}}],"collection":[{"href":"https:\/\/www.campuspharma.se\/fi\/wp-json\/wp\/v2\/pages"}],"about":[{"href":"https:\/\/www.campuspharma.se\/fi\/wp-json\/wp\/v2\/types\/page"}],"author":[{"embeddable":true,"href":"https:\/\/www.campuspharma.se\/fi\/wp-json\/wp\/v2\/users\/2"}],"replies":[{"embeddable":true,"href":"https:\/\/www.campuspharma.se\/fi\/wp-json\/wp\/v2\/comments?post=19437"}],"version-history":[{"count":1,"href":"https:\/\/www.campuspharma.se\/fi\/wp-json\/wp\/v2\/pages\/19437\/revisions"}],"predecessor-version":[{"id":19438,"href":"https:\/\/www.campuspharma.se\/fi\/wp-json\/wp\/v2\/pages\/19437\/revisions\/19438"}],"up":[{"embeddable":true,"href":"https:\/\/www.campuspharma.se\/fi\/wp-json\/wp\/v2\/pages\/19321"}],"wp:attachment":[{"href":"https:\/\/www.campuspharma.se\/fi\/wp-json\/wp\/v2\/media?parent=19437"}],"curies":[{"name":"wp","href":"https:\/\/api.w.org\/{rel}","templated":true}]}}