{"id":19428,"date":"2024-03-13T09:33:23","date_gmt":"2024-03-13T08:33:23","guid":{"rendered":"https:\/\/www.campuspharma.se\/?page_id=19428"},"modified":"2024-03-13T09:33:24","modified_gmt":"2024-03-13T08:33:24","slug":"kestavan-kehityksen-yritys","status":"publish","type":"page","link":"https:\/\/www.campuspharma.se\/fi\/kestavan-kehityksen-edistaminen\/kestavan-kehityksen-yritys\/","title":{"rendered":"Kest\u00e4v\u00e4n kehityksen yritys"},"content":{"rendered":"\n<h1 class=\"wp-block-heading\">Kest\u00e4v\u00e4n kehityksen yritys<\/h1>\n\n\n\n<h3 class=\"wp-block-heading imgright\"><img loading=\"lazy\" decoding=\"async\" width=\"150\" height=\"75\" class=\"wp-image-18718\" style=\"width: 150px;\" src=\"https:\/\/www.campuspharma.se\/wp-content\/uploads\/2024\/01\/002.png\" alt=\"\" srcset=\"https:\/\/www.campuspharma.se\/wp-content\/uploads\/2024\/01\/002.png 600w, https:\/\/www.campuspharma.se\/wp-content\/uploads\/2024\/01\/002-300x150.png 300w\" sizes=\"auto, (max-width: 150px) 100vw, 150px\" \/>Mitk\u00e4 ovat globaalit haasteet?<\/h3>\n\n\n\n<ul class=\"wp-block-list\">\n<li>Oikeiden kykyjen houkutteleminen ja s\u00e4ilytt\u00e4minen on ratkaisevan t\u00e4rke\u00e4\u00e4.<\/li>\n\n\n\n<li>Ty\u00f6per\u00e4isen stressin yleinen lis\u00e4\u00e4ntyminen yhteiskunnassa.<\/li>\n\n\n\n<li>Ep\u00e4eettist\u00e4 toimintaa ja korruptiota esiintyy useimmilla toimialoilla ja niill\u00e4 on vakavia seurauksia yhteiskuntaan.<\/li>\n\n\n\n<li>Ty\u00f6ntekij\u00e4t odottavat yh\u00e4 enemm\u00e4n ty\u00f6nantajilta vastausta, miten he osallistuvat ilmastohaasteeseen ja muihin kest\u00e4v\u00e4n kehityksen kysymyksiin.<\/li>\n<\/ul>\n\n\n\n<h3 class=\"wp-block-heading\">Miten voimme osallistua?<\/h3>\n\n\n\n<p class=\"wp-block-paragraph\">Tarjoamme <strong>ty\u00f6ntekij\u00f6idemme hyvinvointia edist\u00e4v\u00e4n ty\u00f6paikan<\/strong>. Hyv\u00e4n ty\u00f6paikan tarjoaminen on edellytys ja prioriteetti sen varmistamiseksi, ett\u00e4 houkuttelemme ja pid\u00e4mme oikeita osaajia. T\u00e4rkeit\u00e4 ty\u00f6kaluja ty\u00f6ss\u00e4mme t\u00e4ll\u00e4 alueella ovat systemaattinen ty\u00f6mme ty\u00f6terveyden ja -turvallisuuden puolesta mahdollistaen joustavat ty\u00f6ajat ja ty\u00f6paikat sek\u00e4 tarjoamalla ennaltaehk\u00e4isevi\u00e4 terveyshy\u00f6tyj\u00e4 ty\u00f6ntekij\u00f6illemme.<\/p>\n\n\n\n<p class=\"wp-block-paragraph\">Toimimme korkeimpien <strong>liiketoimintaeettisten standardien ja lainmukaisuuden<\/strong> mukaisesti ja arvostamme vastuullisia suhteita kumppaneidemme kanssa. T\u00e4t\u00e4 ty\u00f6t\u00e4 tukevat korruption ja lahjonnan vastainen politiikkamme (osa kest\u00e4v\u00e4n kehityksen politiikkaa) ja koulutusmateriaalimme. Eettisen toiminnan varmistaminen on kriittist\u00e4 terveydenhuoltoalalla, jossa olemme p\u00e4ivitt\u00e4isess\u00e4 ty\u00f6ss\u00e4mme vuorovaikutuksessa julkisen sektorin edustajien kanssa.<\/p>\n\n\n\n<p class=\"wp-block-paragraph\">Pyrimme <strong>minimoimaan ymp\u00e4rist\u00f6vaikutuksiamme<\/strong> useilla tavoilla arvoketjussamme (katso alla). P\u00e4\u00e4tavoitteemme on minimoida organisaatiomme ilmastovaikutukset saavuttaaksemme pitk\u00e4n t\u00e4ht\u00e4imen tavoitteemme v\u00e4hent\u00e4\u00e4 kasvihuonekaasup\u00e4\u00e4st\u00f6j\u00e4 50 % omasta toiminnastamme Pohjoismaissa vuoteen 2030 menness\u00e4 ja nettonolla kasvihuonekaasup\u00e4\u00e4st\u00f6j\u00e4 vuoteen 2040 menness\u00e4.<\/p>\n\n\n\n<figure class=\"wp-block-table is-style-stripes\"><table class=\"has-fixed-layout\"><thead><tr><th>Pitk\u00e4n aikav\u00e4lin tavoitteet (2030)<\/th><th class=\"has-text-align-center\" data-align=\"center\">Osallistuminen globaaleihin tavoitteisiin<\/th><\/tr><\/thead><tbody><tr><td>Olemme halutuin ty\u00f6nantaja, jolla on ammattitaitoisia ja motivoituneita ty\u00f6ntekij\u00f6it\u00e4.<\/td><td class=\"has-text-align-center\" data-align=\"center\"><img loading=\"lazy\" decoding=\"async\" width=\"93\" height=\"93\" class=\"wp-image-19341\" style=\"width: 93px;\" src=\"https:\/\/www.campuspharma.se\/wp-content\/uploads\/2024\/03\/fi-3.jpg\" alt=\"\" srcset=\"https:\/\/www.campuspharma.se\/wp-content\/uploads\/2024\/03\/fi-3.jpg 300w, https:\/\/www.campuspharma.se\/wp-content\/uploads\/2024\/03\/fi-3-150x150.jpg 150w\" sizes=\"auto, (max-width: 93px) 100vw, 93px\" \/> <img loading=\"lazy\" decoding=\"async\" width=\"93\" height=\"93\" class=\"wp-image-19429\" style=\"width: 93px;\" src=\"https:\/\/www.campuspharma.se\/wp-content\/uploads\/2024\/03\/fi-5.jpg\" alt=\"\" srcset=\"https:\/\/www.campuspharma.se\/wp-content\/uploads\/2024\/03\/fi-5.jpg 300w, https:\/\/www.campuspharma.se\/wp-content\/uploads\/2024\/03\/fi-5-150x150.jpg 150w\" sizes=\"auto, (max-width: 93px) 100vw, 93px\" \/> <img loading=\"lazy\" decoding=\"async\" width=\"93\" height=\"93\" class=\"wp-image-19347\" style=\"width: 93px;\" src=\"https:\/\/www.campuspharma.se\/wp-content\/uploads\/2024\/03\/fi-8.jpg\" alt=\"\" srcset=\"https:\/\/www.campuspharma.se\/wp-content\/uploads\/2024\/03\/fi-8.jpg 300w, https:\/\/www.campuspharma.se\/wp-content\/uploads\/2024\/03\/fi-8-150x150.jpg 150w\" sizes=\"auto, (max-width: 93px) 100vw, 93px\" \/><\/td><\/tr><tr><td>Korkeimmat liiketoimintaeettiset standardit ja lainmukaisuus.<\/td><td class=\"has-text-align-center\" data-align=\"center\"><\/td><\/tr><tr><td>Olemme sitoutuneet v\u00e4hent\u00e4m\u00e4\u00e4n ilmastovaikutuksiamme Pariisin sopimuksen mukaisesti.<br>\u00a0<br>Toimintamme kasvihuonekaasup\u00e4\u00e4st\u00f6t v\u00e4henev\u00e4t 50 % 2022-2030.<\/td><td class=\"has-text-align-center\" data-align=\"center\"><img loading=\"lazy\" decoding=\"async\" width=\"93\" height=\"93\" class=\"wp-image-19432\" style=\"width: 93px;\" src=\"https:\/\/www.campuspharma.se\/wp-content\/uploads\/2024\/03\/fi-13.jpg\" alt=\"\" srcset=\"https:\/\/www.campuspharma.se\/wp-content\/uploads\/2024\/03\/fi-13.jpg 300w, https:\/\/www.campuspharma.se\/wp-content\/uploads\/2024\/03\/fi-13-150x150.jpg 150w\" sizes=\"auto, (max-width: 93px) 100vw, 93px\" \/><\/td><\/tr><\/tbody><\/table><\/figure>\n","protected":false},"excerpt":{"rendered":"<p>Kest\u00e4v\u00e4n kehityksen yritys Mitk\u00e4 ovat globaalit haasteet? Miten voimme osallistua? Tarjoamme ty\u00f6ntekij\u00f6idemme hyvinvointia edist\u00e4v\u00e4n ty\u00f6paikan.<\/p>\n","protected":false},"author":2,"featured_media":0,"parent":19321,"menu_order":2,"comment_status":"closed","ping_status":"closed","template":"","meta":{"_acf_changed":false,"_crdt_document":"","footnotes":""},"class_list":["post-19428","page","type-page","status-publish","hentry"],"acf":[],"yoast_head":"<!-- This site is optimized with the Yoast SEO plugin v27.4 - https:\/\/yoast.com\/product\/yoast-seo-wordpress\/ -->\n<title>Kest\u00e4v\u00e4n kehityksen yritys - CampusPharma<\/title>\n<meta name=\"description\" content=\"Kest\u00e4v\u00e4n kehityksen yritys Mitk\u00e4 ovat globaalit haasteet? Oikeiden kykyjen houkutteleminen ja s\u00e4ilytt\u00e4minen on ratkaisevan t\u00e4rke\u00e4\u00e4. Ty\u00f6per\u00e4isen stressin\" \/>\n<meta name=\"robots\" content=\"index, follow, max-snippet:-1, max-image-preview:large, max-video-preview:-1\" \/>\n<link rel=\"canonical\" href=\"https:\/\/www.campuspharma.se\/fi\/kestavan-kehityksen-edistaminen\/kestavan-kehityksen-yritys\/\" \/>\n<meta property=\"og:locale\" content=\"fi_FI\" \/>\n<meta property=\"og:type\" content=\"article\" \/>\n<meta property=\"og:title\" content=\"Kest\u00e4v\u00e4n kehityksen yritys - CampusPharma\" \/>\n<meta property=\"og:description\" content=\"Kest\u00e4v\u00e4n kehityksen yritys Mitk\u00e4 ovat globaalit haasteet? Oikeiden kykyjen houkutteleminen ja s\u00e4ilytt\u00e4minen on ratkaisevan t\u00e4rke\u00e4\u00e4. Ty\u00f6per\u00e4isen stressin\" \/>\n<meta property=\"og:url\" content=\"https:\/\/www.campuspharma.se\/fi\/kestavan-kehityksen-edistaminen\/kestavan-kehityksen-yritys\/\" \/>\n<meta property=\"og:site_name\" content=\"CampusPharma\" \/>\n<meta property=\"article:modified_time\" content=\"2024-03-13T08:33:24+00:00\" \/>\n<meta property=\"og:image\" content=\"https:\/\/www.campuspharma.se\/wp-content\/uploads\/2024\/01\/002.png\" \/>\n<meta name=\"twitter:card\" content=\"summary_large_image\" \/>\n<meta name=\"twitter:label1\" content=\"Arvioitu lukuaika\" \/>\n\t<meta name=\"twitter:data1\" content=\"3 minuuttia\" \/>\n<script type=\"application\/ld+json\" class=\"yoast-schema-graph\">{\"@context\":\"https:\\\/\\\/schema.org\",\"@graph\":[{\"@type\":\"WebPage\",\"@id\":\"https:\\\/\\\/www.campuspharma.se\\\/fi\\\/kestavan-kehityksen-edistaminen\\\/kestavan-kehityksen-yritys\\\/\",\"url\":\"https:\\\/\\\/www.campuspharma.se\\\/fi\\\/kestavan-kehityksen-edistaminen\\\/kestavan-kehityksen-yritys\\\/\",\"name\":\"Kest\u00e4v\u00e4n kehityksen yritys - CampusPharma\",\"isPartOf\":{\"@id\":\"https:\\\/\\\/www.campuspharma.se\\\/#website\"},\"primaryImageOfPage\":{\"@id\":\"https:\\\/\\\/www.campuspharma.se\\\/fi\\\/kestavan-kehityksen-edistaminen\\\/kestavan-kehityksen-yritys\\\/#primaryimage\"},\"image\":{\"@id\":\"https:\\\/\\\/www.campuspharma.se\\\/fi\\\/kestavan-kehityksen-edistaminen\\\/kestavan-kehityksen-yritys\\\/#primaryimage\"},\"thumbnailUrl\":\"https:\\\/\\\/www.campuspharma.se\\\/wp-content\\\/uploads\\\/2024\\\/01\\\/002.png\",\"datePublished\":\"2024-03-13T08:33:23+00:00\",\"dateModified\":\"2024-03-13T08:33:24+00:00\",\"description\":\"Kest\u00e4v\u00e4n kehityksen yritys Mitk\u00e4 ovat globaalit haasteet? Oikeiden kykyjen houkutteleminen ja s\u00e4ilytt\u00e4minen on ratkaisevan t\u00e4rke\u00e4\u00e4. Ty\u00f6per\u00e4isen stressin\",\"breadcrumb\":{\"@id\":\"https:\\\/\\\/www.campuspharma.se\\\/fi\\\/kestavan-kehityksen-edistaminen\\\/kestavan-kehityksen-yritys\\\/#breadcrumb\"},\"inLanguage\":\"fi\",\"potentialAction\":[{\"@type\":\"ReadAction\",\"target\":[\"https:\\\/\\\/www.campuspharma.se\\\/fi\\\/kestavan-kehityksen-edistaminen\\\/kestavan-kehityksen-yritys\\\/\"]}]},{\"@type\":\"ImageObject\",\"inLanguage\":\"fi\",\"@id\":\"https:\\\/\\\/www.campuspharma.se\\\/fi\\\/kestavan-kehityksen-edistaminen\\\/kestavan-kehityksen-yritys\\\/#primaryimage\",\"url\":\"https:\\\/\\\/www.campuspharma.se\\\/wp-content\\\/uploads\\\/2024\\\/01\\\/002.png\",\"contentUrl\":\"https:\\\/\\\/www.campuspharma.se\\\/wp-content\\\/uploads\\\/2024\\\/01\\\/002.png\"},{\"@type\":\"BreadcrumbList\",\"@id\":\"https:\\\/\\\/www.campuspharma.se\\\/fi\\\/kestavan-kehityksen-edistaminen\\\/kestavan-kehityksen-yritys\\\/#breadcrumb\",\"itemListElement\":[{\"@type\":\"ListItem\",\"position\":1,\"name\":\"Kest\u00e4v\u00e4n kehityksen edist\u00e4minen\",\"item\":\"https:\\\/\\\/www.campuspharma.se\\\/fi\\\/kestavan-kehityksen-edistaminen\\\/\"},{\"@type\":\"ListItem\",\"position\":2,\"name\":\"Kest\u00e4v\u00e4n kehityksen yritys\"}]},{\"@type\":\"WebSite\",\"@id\":\"https:\\\/\\\/www.campuspharma.se\\\/#website\",\"url\":\"https:\\\/\\\/www.campuspharma.se\\\/\",\"name\":\"CampusPharma\",\"description\":\"\",\"publisher\":{\"@id\":\"https:\\\/\\\/www.campuspharma.se\\\/#organization\"},\"potentialAction\":[{\"@type\":\"SearchAction\",\"target\":{\"@type\":\"EntryPoint\",\"urlTemplate\":\"https:\\\/\\\/www.campuspharma.se\\\/?s={search_term_string}\"},\"query-input\":{\"@type\":\"PropertyValueSpecification\",\"valueRequired\":true,\"valueName\":\"search_term_string\"}}],\"inLanguage\":\"fi\"},{\"@type\":\"Organization\",\"@id\":\"https:\\\/\\\/www.campuspharma.se\\\/#organization\",\"name\":\"CampusPharma\",\"url\":\"https:\\\/\\\/www.campuspharma.se\\\/\",\"logo\":{\"@type\":\"ImageObject\",\"inLanguage\":\"fi\",\"@id\":\"https:\\\/\\\/www.campuspharma.se\\\/#\\\/schema\\\/logo\\\/image\\\/\",\"url\":\"https:\\\/\\\/www.campuspharma.se\\\/wp-content\\\/uploads\\\/2016\\\/12\\\/logo-cp-klaR-kopia-e1490769756684.png\",\"contentUrl\":\"https:\\\/\\\/www.campuspharma.se\\\/wp-content\\\/uploads\\\/2016\\\/12\\\/logo-cp-klaR-kopia-e1490769756684.png\",\"width\":160,\"height\":98,\"caption\":\"CampusPharma\"},\"image\":{\"@id\":\"https:\\\/\\\/www.campuspharma.se\\\/#\\\/schema\\\/logo\\\/image\\\/\"}}]}<\/script>\n<!-- \/ Yoast SEO plugin. -->","yoast_head_json":{"title":"Kest\u00e4v\u00e4n kehityksen yritys - CampusPharma","description":"Kest\u00e4v\u00e4n kehityksen yritys Mitk\u00e4 ovat globaalit haasteet? Oikeiden kykyjen houkutteleminen ja s\u00e4ilytt\u00e4minen on ratkaisevan t\u00e4rke\u00e4\u00e4. Ty\u00f6per\u00e4isen stressin","robots":{"index":"index","follow":"follow","max-snippet":"max-snippet:-1","max-image-preview":"max-image-preview:large","max-video-preview":"max-video-preview:-1"},"canonical":"https:\/\/www.campuspharma.se\/fi\/kestavan-kehityksen-edistaminen\/kestavan-kehityksen-yritys\/","og_locale":"fi_FI","og_type":"article","og_title":"Kest\u00e4v\u00e4n kehityksen yritys - CampusPharma","og_description":"Kest\u00e4v\u00e4n kehityksen yritys Mitk\u00e4 ovat globaalit haasteet? Oikeiden kykyjen houkutteleminen ja s\u00e4ilytt\u00e4minen on ratkaisevan t\u00e4rke\u00e4\u00e4. Ty\u00f6per\u00e4isen stressin","og_url":"https:\/\/www.campuspharma.se\/fi\/kestavan-kehityksen-edistaminen\/kestavan-kehityksen-yritys\/","og_site_name":"CampusPharma","article_modified_time":"2024-03-13T08:33:24+00:00","og_image":[{"url":"https:\/\/www.campuspharma.se\/wp-content\/uploads\/2024\/01\/002.png","type":"","width":"","height":""}],"twitter_card":"summary_large_image","twitter_misc":{"Arvioitu lukuaika":"3 minuuttia"},"schema":{"@context":"https:\/\/schema.org","@graph":[{"@type":"WebPage","@id":"https:\/\/www.campuspharma.se\/fi\/kestavan-kehityksen-edistaminen\/kestavan-kehityksen-yritys\/","url":"https:\/\/www.campuspharma.se\/fi\/kestavan-kehityksen-edistaminen\/kestavan-kehityksen-yritys\/","name":"Kest\u00e4v\u00e4n kehityksen yritys - CampusPharma","isPartOf":{"@id":"https:\/\/www.campuspharma.se\/#website"},"primaryImageOfPage":{"@id":"https:\/\/www.campuspharma.se\/fi\/kestavan-kehityksen-edistaminen\/kestavan-kehityksen-yritys\/#primaryimage"},"image":{"@id":"https:\/\/www.campuspharma.se\/fi\/kestavan-kehityksen-edistaminen\/kestavan-kehityksen-yritys\/#primaryimage"},"thumbnailUrl":"https:\/\/www.campuspharma.se\/wp-content\/uploads\/2024\/01\/002.png","datePublished":"2024-03-13T08:33:23+00:00","dateModified":"2024-03-13T08:33:24+00:00","description":"Kest\u00e4v\u00e4n kehityksen yritys Mitk\u00e4 ovat globaalit haasteet? Oikeiden kykyjen houkutteleminen ja s\u00e4ilytt\u00e4minen on ratkaisevan t\u00e4rke\u00e4\u00e4. Ty\u00f6per\u00e4isen stressin","breadcrumb":{"@id":"https:\/\/www.campuspharma.se\/fi\/kestavan-kehityksen-edistaminen\/kestavan-kehityksen-yritys\/#breadcrumb"},"inLanguage":"fi","potentialAction":[{"@type":"ReadAction","target":["https:\/\/www.campuspharma.se\/fi\/kestavan-kehityksen-edistaminen\/kestavan-kehityksen-yritys\/"]}]},{"@type":"ImageObject","inLanguage":"fi","@id":"https:\/\/www.campuspharma.se\/fi\/kestavan-kehityksen-edistaminen\/kestavan-kehityksen-yritys\/#primaryimage","url":"https:\/\/www.campuspharma.se\/wp-content\/uploads\/2024\/01\/002.png","contentUrl":"https:\/\/www.campuspharma.se\/wp-content\/uploads\/2024\/01\/002.png"},{"@type":"BreadcrumbList","@id":"https:\/\/www.campuspharma.se\/fi\/kestavan-kehityksen-edistaminen\/kestavan-kehityksen-yritys\/#breadcrumb","itemListElement":[{"@type":"ListItem","position":1,"name":"Kest\u00e4v\u00e4n kehityksen edist\u00e4minen","item":"https:\/\/www.campuspharma.se\/fi\/kestavan-kehityksen-edistaminen\/"},{"@type":"ListItem","position":2,"name":"Kest\u00e4v\u00e4n kehityksen yritys"}]},{"@type":"WebSite","@id":"https:\/\/www.campuspharma.se\/#website","url":"https:\/\/www.campuspharma.se\/","name":"CampusPharma","description":"","publisher":{"@id":"https:\/\/www.campuspharma.se\/#organization"},"potentialAction":[{"@type":"SearchAction","target":{"@type":"EntryPoint","urlTemplate":"https:\/\/www.campuspharma.se\/?s={search_term_string}"},"query-input":{"@type":"PropertyValueSpecification","valueRequired":true,"valueName":"search_term_string"}}],"inLanguage":"fi"},{"@type":"Organization","@id":"https:\/\/www.campuspharma.se\/#organization","name":"CampusPharma","url":"https:\/\/www.campuspharma.se\/","logo":{"@type":"ImageObject","inLanguage":"fi","@id":"https:\/\/www.campuspharma.se\/#\/schema\/logo\/image\/","url":"https:\/\/www.campuspharma.se\/wp-content\/uploads\/2016\/12\/logo-cp-klaR-kopia-e1490769756684.png","contentUrl":"https:\/\/www.campuspharma.se\/wp-content\/uploads\/2016\/12\/logo-cp-klaR-kopia-e1490769756684.png","width":160,"height":98,"caption":"CampusPharma"},"image":{"@id":"https:\/\/www.campuspharma.se\/#\/schema\/logo\/image\/"}}]}},"_links":{"self":[{"href":"https:\/\/www.campuspharma.se\/fi\/wp-json\/wp\/v2\/pages\/19428","targetHints":{"allow":["GET"]}}],"collection":[{"href":"https:\/\/www.campuspharma.se\/fi\/wp-json\/wp\/v2\/pages"}],"about":[{"href":"https:\/\/www.campuspharma.se\/fi\/wp-json\/wp\/v2\/types\/page"}],"author":[{"embeddable":true,"href":"https:\/\/www.campuspharma.se\/fi\/wp-json\/wp\/v2\/users\/2"}],"replies":[{"embeddable":true,"href":"https:\/\/www.campuspharma.se\/fi\/wp-json\/wp\/v2\/comments?post=19428"}],"version-history":[{"count":1,"href":"https:\/\/www.campuspharma.se\/fi\/wp-json\/wp\/v2\/pages\/19428\/revisions"}],"predecessor-version":[{"id":19435,"href":"https:\/\/www.campuspharma.se\/fi\/wp-json\/wp\/v2\/pages\/19428\/revisions\/19435"}],"up":[{"embeddable":true,"href":"https:\/\/www.campuspharma.se\/fi\/wp-json\/wp\/v2\/pages\/19321"}],"wp:attachment":[{"href":"https:\/\/www.campuspharma.se\/fi\/wp-json\/wp\/v2\/media?parent=19428"}],"curies":[{"name":"wp","href":"https:\/\/api.w.org\/{rel}","templated":true}]}}