{"id":19340,"date":"2024-03-12T09:54:54","date_gmt":"2024-03-12T08:54:54","guid":{"rendered":"https:\/\/www.campuspharma.se\/?page_id=19340"},"modified":"2024-03-12T09:58:45","modified_gmt":"2024-03-12T08:58:45","slug":"kestava-kehitys-valikoimassamme","status":"publish","type":"page","link":"https:\/\/www.campuspharma.se\/fi\/kestavan-kehityksen-edistaminen\/kestava-kehitys-valikoimassamme\/","title":{"rendered":"Kest\u00e4v\u00e4 kehitys valikoimassamme"},"content":{"rendered":"\n<h1 class=\"wp-block-heading\">Kest\u00e4v\u00e4 kehitys valikoimassamme<\/h1>\n\n\n\n<h3 class=\"wp-block-heading imgright\"><img loading=\"lazy\" decoding=\"async\" width=\"150\" height=\"75\" class=\"wp-image-18709\" style=\"width: 150px;\" src=\"https:\/\/www.campuspharma.se\/wp-content\/uploads\/2024\/01\/001.png\" alt=\"\" srcset=\"https:\/\/www.campuspharma.se\/wp-content\/uploads\/2024\/01\/001.png 600w, https:\/\/www.campuspharma.se\/wp-content\/uploads\/2024\/01\/001-300x150.png 300w\" sizes=\"auto, (max-width: 150px) 100vw, 150px\" \/>Mitk\u00e4 ovat globaalit haasteet?<\/h3>\n\n\n\n<ul class=\"wp-block-list\">\n<li>Huvuddelen av l\u00e4kemedelsbehandling inom kvinnoh\u00e4lsa \u00e4r hormoner som har h\u00f6g risk f\u00f6r negativ inverkan p\u00e5 milj\u00f6n.<\/li>\n\n\n\n<li>Speciall\u00e4kemedel, som anv\u00e4nds av mindre patientgrupper, riskerar att f\u00f6rsvinna fr\u00e5n marknaden p\u00e5 grund av d\u00e5lig l\u00f6nsamhet.<\/li>\n<\/ul>\n\n\n\n<h3 class=\"wp-block-heading\">Miten voimme osallistua?<\/h3>\n\n\n\n<p class=\"wp-block-paragraph\">Tarjoamme segmentiss\u00e4mme kest\u00e4v\u00e4mm\u00e4n <strong>tuotevalikoiman<\/strong> tarjoamalla useita tuotteita, joilla on suhteellisesti arvioituna pienempi ymp\u00e4rist\u00f6vaikutus. Yksi esimerkki on v\u00e4h\u00e4hormoniset tuotteemme, toinen on se, ett\u00e4 tarjoamme vaihtoehdon antibioottihoidolle naisten terveyteen.<\/p>\n\n\n\n<p class=\"wp-block-paragraph\">Tarjoamalla erikoisl\u00e4\u00e4kkeit\u00e4, joita k\u00e4ytt\u00e4v\u00e4t pienemm\u00e4t potilasryhm\u00e4t, autamme saamaan niche-tuotteita useamman potilaan saataville ja edist\u00e4mme terveytt\u00e4.<\/p>\n\n\n\n<p class=\"wp-block-paragraph\">L\u00e4\u00e4keyhti\u00f6n\u00e4 muodostamme linkin <strong>tuoteinnovaatioiden<\/strong> ja tutkimuksen sek\u00e4 <strong>markkinoiden saatavuuden<\/strong> v\u00e4lille. T\u00e4\u00e4ll\u00e4 voimme olla aktiivisesti mukana tarjoamassa potilaille yh\u00e4 innovatiivisempia tuotteita, jotka voivat olla tehokkaampia ja\/tai joilla on pienempi ymp\u00e4rist\u00f6vaikutus.<\/p>\n\n\n\n<p class=\"wp-block-paragraph\">Tarjoamme <strong>tietoa ja koulutusta<\/strong> terveydenhuollon ammattilaisille ja potilaille. Tiedon saanti on ratkaisevan t\u00e4rke\u00e4\u00e4, jotta voidaan ymm\u00e4rt\u00e4\u00e4 eri hoitovaihtoehdot ja tuotteiden vaikutukset sek\u00e4 potilaiden terveyteen, ymp\u00e4rist\u00f6\u00f6n ett\u00e4 yhteiskuntaan. Annamme vastuullista tietoa hoitovaihtoehdoista digitaalisten luentojen &#8221;Campus Talks&#8221; ja nettisivujemme kautta.<\/p>\n\n\n\n<figure class=\"wp-block-table is-style-stripes\"><table class=\"has-fixed-layout\"><thead><tr><th>Pitk\u00e4n aikav\u00e4lin tavoitteet (2030)<\/th><th class=\"has-text-align-center\" data-align=\"center\">Osallistuminen globaaleihin tavoitteisiin<\/th><\/tr><\/thead><tbody><tr><td>Tarjoamme tuotevalikoimaamme v\u00e4h\u00e4hormonisia tuotteita ja ei-hormonaalisia tuotteita naisten terveyteen<\/td><td class=\"has-text-align-center\" data-align=\"center\"><img loading=\"lazy\" decoding=\"async\" width=\"93\" height=\"93\" class=\"wp-image-19341\" style=\"width: 93px;\" src=\"https:\/\/www.campuspharma.se\/wp-content\/uploads\/2024\/03\/fi-3.jpg\" alt=\"\" srcset=\"https:\/\/www.campuspharma.se\/wp-content\/uploads\/2024\/03\/fi-3.jpg 300w, https:\/\/www.campuspharma.se\/wp-content\/uploads\/2024\/03\/fi-3-150x150.jpg 150w\" sizes=\"auto, (max-width: 93px) 100vw, 93px\" \/> <img loading=\"lazy\" decoding=\"async\" width=\"93\" height=\"93\" class=\"wp-image-19344\" style=\"width: 93px;\" src=\"https:\/\/www.campuspharma.se\/wp-content\/uploads\/2024\/03\/fi-6.jpg\" alt=\"\" srcset=\"https:\/\/www.campuspharma.se\/wp-content\/uploads\/2024\/03\/fi-6.jpg 300w, https:\/\/www.campuspharma.se\/wp-content\/uploads\/2024\/03\/fi-6-150x150.jpg 150w\" sizes=\"auto, (max-width: 93px) 100vw, 93px\" \/> <img loading=\"lazy\" decoding=\"async\" width=\"93\" height=\"93\" class=\"wp-image-19347\" style=\"width: 93px;\" src=\"https:\/\/www.campuspharma.se\/wp-content\/uploads\/2024\/03\/fi-8.jpg\" alt=\"\" srcset=\"https:\/\/www.campuspharma.se\/wp-content\/uploads\/2024\/03\/fi-8.jpg 300w, https:\/\/www.campuspharma.se\/wp-content\/uploads\/2024\/03\/fi-8-150x150.jpg 150w\" sizes=\"auto, (max-width: 93px) 100vw, 93px\" \/><\/td><\/tr><tr><td>Valmistamme erikoisl\u00e4\u00e4kkeit\u00e4 pienille potilasryhmille, mm. neurologiassa, onkologiassa ja harvinaisissa sairauksissa, useammille potilaille.<\/td><td class=\"has-text-align-center\" data-align=\"center\"><img loading=\"lazy\" decoding=\"async\" width=\"93\" height=\"93\" class=\"wp-image-19350\" style=\"width: 93px;\" src=\"https:\/\/www.campuspharma.se\/wp-content\/uploads\/2024\/03\/fi-10.png\" alt=\"\"><\/td><\/tr><tr><td>Tarjoamme tietoa ja koulutusta terveydenhuollon ammattilaisille ja potilaille.<\/td><td class=\"has-text-align-center\" data-align=\"center\"><img loading=\"lazy\" decoding=\"async\" width=\"93\" height=\"93\" class=\"wp-image-19353\" style=\"width: 93px;\" src=\"https:\/\/www.campuspharma.se\/wp-content\/uploads\/2024\/03\/fi-12.jpg\" alt=\"\" srcset=\"https:\/\/www.campuspharma.se\/wp-content\/uploads\/2024\/03\/fi-12.jpg 300w, https:\/\/www.campuspharma.se\/wp-content\/uploads\/2024\/03\/fi-12-150x150.jpg 150w\" sizes=\"auto, (max-width: 93px) 100vw, 93px\" \/><\/td><\/tr><\/tbody><\/table><\/figure>\n","protected":false},"excerpt":{"rendered":"<p>Kest\u00e4v\u00e4 kehitys valikoimassamme Mitk\u00e4 ovat globaalit haasteet? Miten voimme osallistua? Tarjoamme segmentiss\u00e4mme kest\u00e4v\u00e4mm\u00e4n tuotevalikoiman tarjoamalla<\/p>\n","protected":false},"author":2,"featured_media":0,"parent":19321,"menu_order":1,"comment_status":"closed","ping_status":"closed","template":"","meta":{"_acf_changed":false,"_crdt_document":"","footnotes":""},"class_list":["post-19340","page","type-page","status-publish","hentry"],"acf":[],"yoast_head":"<!-- This site is optimized with the Yoast SEO plugin v27.4 - https:\/\/yoast.com\/product\/yoast-seo-wordpress\/ -->\n<title>Kest\u00e4v\u00e4 kehitys valikoimassamme - CampusPharma<\/title>\n<meta name=\"description\" content=\"Kest\u00e4v\u00e4 kehitys valikoimassamme Mitk\u00e4 ovat globaalit haasteet? Huvuddelen av l\u00e4kemedelsbehandling inom kvinnoh\u00e4lsa \u00e4r hormoner som har h\u00f6g risk f\u00f6r\" \/>\n<meta name=\"robots\" content=\"index, follow, max-snippet:-1, max-image-preview:large, max-video-preview:-1\" \/>\n<link rel=\"canonical\" href=\"https:\/\/www.campuspharma.se\/fi\/kestavan-kehityksen-edistaminen\/kestava-kehitys-valikoimassamme\/\" \/>\n<meta property=\"og:locale\" content=\"fi_FI\" \/>\n<meta property=\"og:type\" content=\"article\" \/>\n<meta property=\"og:title\" content=\"Kest\u00e4v\u00e4 kehitys valikoimassamme - CampusPharma\" \/>\n<meta property=\"og:description\" content=\"Kest\u00e4v\u00e4 kehitys valikoimassamme Mitk\u00e4 ovat globaalit haasteet? Huvuddelen av l\u00e4kemedelsbehandling inom kvinnoh\u00e4lsa \u00e4r hormoner som har h\u00f6g risk f\u00f6r\" \/>\n<meta property=\"og:url\" content=\"https:\/\/www.campuspharma.se\/fi\/kestavan-kehityksen-edistaminen\/kestava-kehitys-valikoimassamme\/\" \/>\n<meta property=\"og:site_name\" content=\"CampusPharma\" \/>\n<meta property=\"article:modified_time\" content=\"2024-03-12T08:58:45+00:00\" \/>\n<meta property=\"og:image\" content=\"https:\/\/www.campuspharma.se\/wp-content\/uploads\/2024\/01\/001.png\" \/>\n<meta name=\"twitter:card\" content=\"summary_large_image\" \/>\n<meta name=\"twitter:label1\" content=\"Arvioitu lukuaika\" \/>\n\t<meta name=\"twitter:data1\" content=\"3 minuuttia\" \/>\n<script type=\"application\/ld+json\" class=\"yoast-schema-graph\">{\"@context\":\"https:\\\/\\\/schema.org\",\"@graph\":[{\"@type\":\"WebPage\",\"@id\":\"https:\\\/\\\/www.campuspharma.se\\\/fi\\\/kestavan-kehityksen-edistaminen\\\/kestava-kehitys-valikoimassamme\\\/\",\"url\":\"https:\\\/\\\/www.campuspharma.se\\\/fi\\\/kestavan-kehityksen-edistaminen\\\/kestava-kehitys-valikoimassamme\\\/\",\"name\":\"Kest\u00e4v\u00e4 kehitys valikoimassamme - CampusPharma\",\"isPartOf\":{\"@id\":\"https:\\\/\\\/www.campuspharma.se\\\/#website\"},\"primaryImageOfPage\":{\"@id\":\"https:\\\/\\\/www.campuspharma.se\\\/fi\\\/kestavan-kehityksen-edistaminen\\\/kestava-kehitys-valikoimassamme\\\/#primaryimage\"},\"image\":{\"@id\":\"https:\\\/\\\/www.campuspharma.se\\\/fi\\\/kestavan-kehityksen-edistaminen\\\/kestava-kehitys-valikoimassamme\\\/#primaryimage\"},\"thumbnailUrl\":\"https:\\\/\\\/www.campuspharma.se\\\/wp-content\\\/uploads\\\/2024\\\/01\\\/001.png\",\"datePublished\":\"2024-03-12T08:54:54+00:00\",\"dateModified\":\"2024-03-12T08:58:45+00:00\",\"description\":\"Kest\u00e4v\u00e4 kehitys valikoimassamme Mitk\u00e4 ovat globaalit haasteet? Huvuddelen av l\u00e4kemedelsbehandling inom kvinnoh\u00e4lsa \u00e4r hormoner som har h\u00f6g risk f\u00f6r\",\"breadcrumb\":{\"@id\":\"https:\\\/\\\/www.campuspharma.se\\\/fi\\\/kestavan-kehityksen-edistaminen\\\/kestava-kehitys-valikoimassamme\\\/#breadcrumb\"},\"inLanguage\":\"fi\",\"potentialAction\":[{\"@type\":\"ReadAction\",\"target\":[\"https:\\\/\\\/www.campuspharma.se\\\/fi\\\/kestavan-kehityksen-edistaminen\\\/kestava-kehitys-valikoimassamme\\\/\"]}]},{\"@type\":\"ImageObject\",\"inLanguage\":\"fi\",\"@id\":\"https:\\\/\\\/www.campuspharma.se\\\/fi\\\/kestavan-kehityksen-edistaminen\\\/kestava-kehitys-valikoimassamme\\\/#primaryimage\",\"url\":\"https:\\\/\\\/www.campuspharma.se\\\/wp-content\\\/uploads\\\/2024\\\/01\\\/001.png\",\"contentUrl\":\"https:\\\/\\\/www.campuspharma.se\\\/wp-content\\\/uploads\\\/2024\\\/01\\\/001.png\"},{\"@type\":\"BreadcrumbList\",\"@id\":\"https:\\\/\\\/www.campuspharma.se\\\/fi\\\/kestavan-kehityksen-edistaminen\\\/kestava-kehitys-valikoimassamme\\\/#breadcrumb\",\"itemListElement\":[{\"@type\":\"ListItem\",\"position\":1,\"name\":\"Kest\u00e4v\u00e4n kehityksen edist\u00e4minen\",\"item\":\"https:\\\/\\\/www.campuspharma.se\\\/fi\\\/kestavan-kehityksen-edistaminen\\\/\"},{\"@type\":\"ListItem\",\"position\":2,\"name\":\"Kest\u00e4v\u00e4 kehitys valikoimassamme\"}]},{\"@type\":\"WebSite\",\"@id\":\"https:\\\/\\\/www.campuspharma.se\\\/#website\",\"url\":\"https:\\\/\\\/www.campuspharma.se\\\/\",\"name\":\"CampusPharma\",\"description\":\"\",\"publisher\":{\"@id\":\"https:\\\/\\\/www.campuspharma.se\\\/#organization\"},\"potentialAction\":[{\"@type\":\"SearchAction\",\"target\":{\"@type\":\"EntryPoint\",\"urlTemplate\":\"https:\\\/\\\/www.campuspharma.se\\\/?s={search_term_string}\"},\"query-input\":{\"@type\":\"PropertyValueSpecification\",\"valueRequired\":true,\"valueName\":\"search_term_string\"}}],\"inLanguage\":\"fi\"},{\"@type\":\"Organization\",\"@id\":\"https:\\\/\\\/www.campuspharma.se\\\/#organization\",\"name\":\"CampusPharma\",\"url\":\"https:\\\/\\\/www.campuspharma.se\\\/\",\"logo\":{\"@type\":\"ImageObject\",\"inLanguage\":\"fi\",\"@id\":\"https:\\\/\\\/www.campuspharma.se\\\/#\\\/schema\\\/logo\\\/image\\\/\",\"url\":\"https:\\\/\\\/www.campuspharma.se\\\/wp-content\\\/uploads\\\/2016\\\/12\\\/logo-cp-klaR-kopia-e1490769756684.png\",\"contentUrl\":\"https:\\\/\\\/www.campuspharma.se\\\/wp-content\\\/uploads\\\/2016\\\/12\\\/logo-cp-klaR-kopia-e1490769756684.png\",\"width\":160,\"height\":98,\"caption\":\"CampusPharma\"},\"image\":{\"@id\":\"https:\\\/\\\/www.campuspharma.se\\\/#\\\/schema\\\/logo\\\/image\\\/\"}}]}<\/script>\n<!-- \/ Yoast SEO plugin. -->","yoast_head_json":{"title":"Kest\u00e4v\u00e4 kehitys valikoimassamme - CampusPharma","description":"Kest\u00e4v\u00e4 kehitys valikoimassamme Mitk\u00e4 ovat globaalit haasteet? Huvuddelen av l\u00e4kemedelsbehandling inom kvinnoh\u00e4lsa \u00e4r hormoner som har h\u00f6g risk f\u00f6r","robots":{"index":"index","follow":"follow","max-snippet":"max-snippet:-1","max-image-preview":"max-image-preview:large","max-video-preview":"max-video-preview:-1"},"canonical":"https:\/\/www.campuspharma.se\/fi\/kestavan-kehityksen-edistaminen\/kestava-kehitys-valikoimassamme\/","og_locale":"fi_FI","og_type":"article","og_title":"Kest\u00e4v\u00e4 kehitys valikoimassamme - CampusPharma","og_description":"Kest\u00e4v\u00e4 kehitys valikoimassamme Mitk\u00e4 ovat globaalit haasteet? Huvuddelen av l\u00e4kemedelsbehandling inom kvinnoh\u00e4lsa \u00e4r hormoner som har h\u00f6g risk f\u00f6r","og_url":"https:\/\/www.campuspharma.se\/fi\/kestavan-kehityksen-edistaminen\/kestava-kehitys-valikoimassamme\/","og_site_name":"CampusPharma","article_modified_time":"2024-03-12T08:58:45+00:00","og_image":[{"url":"https:\/\/www.campuspharma.se\/wp-content\/uploads\/2024\/01\/001.png","type":"","width":"","height":""}],"twitter_card":"summary_large_image","twitter_misc":{"Arvioitu lukuaika":"3 minuuttia"},"schema":{"@context":"https:\/\/schema.org","@graph":[{"@type":"WebPage","@id":"https:\/\/www.campuspharma.se\/fi\/kestavan-kehityksen-edistaminen\/kestava-kehitys-valikoimassamme\/","url":"https:\/\/www.campuspharma.se\/fi\/kestavan-kehityksen-edistaminen\/kestava-kehitys-valikoimassamme\/","name":"Kest\u00e4v\u00e4 kehitys valikoimassamme - CampusPharma","isPartOf":{"@id":"https:\/\/www.campuspharma.se\/#website"},"primaryImageOfPage":{"@id":"https:\/\/www.campuspharma.se\/fi\/kestavan-kehityksen-edistaminen\/kestava-kehitys-valikoimassamme\/#primaryimage"},"image":{"@id":"https:\/\/www.campuspharma.se\/fi\/kestavan-kehityksen-edistaminen\/kestava-kehitys-valikoimassamme\/#primaryimage"},"thumbnailUrl":"https:\/\/www.campuspharma.se\/wp-content\/uploads\/2024\/01\/001.png","datePublished":"2024-03-12T08:54:54+00:00","dateModified":"2024-03-12T08:58:45+00:00","description":"Kest\u00e4v\u00e4 kehitys valikoimassamme Mitk\u00e4 ovat globaalit haasteet? Huvuddelen av l\u00e4kemedelsbehandling inom kvinnoh\u00e4lsa \u00e4r hormoner som har h\u00f6g risk f\u00f6r","breadcrumb":{"@id":"https:\/\/www.campuspharma.se\/fi\/kestavan-kehityksen-edistaminen\/kestava-kehitys-valikoimassamme\/#breadcrumb"},"inLanguage":"fi","potentialAction":[{"@type":"ReadAction","target":["https:\/\/www.campuspharma.se\/fi\/kestavan-kehityksen-edistaminen\/kestava-kehitys-valikoimassamme\/"]}]},{"@type":"ImageObject","inLanguage":"fi","@id":"https:\/\/www.campuspharma.se\/fi\/kestavan-kehityksen-edistaminen\/kestava-kehitys-valikoimassamme\/#primaryimage","url":"https:\/\/www.campuspharma.se\/wp-content\/uploads\/2024\/01\/001.png","contentUrl":"https:\/\/www.campuspharma.se\/wp-content\/uploads\/2024\/01\/001.png"},{"@type":"BreadcrumbList","@id":"https:\/\/www.campuspharma.se\/fi\/kestavan-kehityksen-edistaminen\/kestava-kehitys-valikoimassamme\/#breadcrumb","itemListElement":[{"@type":"ListItem","position":1,"name":"Kest\u00e4v\u00e4n kehityksen edist\u00e4minen","item":"https:\/\/www.campuspharma.se\/fi\/kestavan-kehityksen-edistaminen\/"},{"@type":"ListItem","position":2,"name":"Kest\u00e4v\u00e4 kehitys valikoimassamme"}]},{"@type":"WebSite","@id":"https:\/\/www.campuspharma.se\/#website","url":"https:\/\/www.campuspharma.se\/","name":"CampusPharma","description":"","publisher":{"@id":"https:\/\/www.campuspharma.se\/#organization"},"potentialAction":[{"@type":"SearchAction","target":{"@type":"EntryPoint","urlTemplate":"https:\/\/www.campuspharma.se\/?s={search_term_string}"},"query-input":{"@type":"PropertyValueSpecification","valueRequired":true,"valueName":"search_term_string"}}],"inLanguage":"fi"},{"@type":"Organization","@id":"https:\/\/www.campuspharma.se\/#organization","name":"CampusPharma","url":"https:\/\/www.campuspharma.se\/","logo":{"@type":"ImageObject","inLanguage":"fi","@id":"https:\/\/www.campuspharma.se\/#\/schema\/logo\/image\/","url":"https:\/\/www.campuspharma.se\/wp-content\/uploads\/2016\/12\/logo-cp-klaR-kopia-e1490769756684.png","contentUrl":"https:\/\/www.campuspharma.se\/wp-content\/uploads\/2016\/12\/logo-cp-klaR-kopia-e1490769756684.png","width":160,"height":98,"caption":"CampusPharma"},"image":{"@id":"https:\/\/www.campuspharma.se\/#\/schema\/logo\/image\/"}}]}},"_links":{"self":[{"href":"https:\/\/www.campuspharma.se\/fi\/wp-json\/wp\/v2\/pages\/19340","targetHints":{"allow":["GET"]}}],"collection":[{"href":"https:\/\/www.campuspharma.se\/fi\/wp-json\/wp\/v2\/pages"}],"about":[{"href":"https:\/\/www.campuspharma.se\/fi\/wp-json\/wp\/v2\/types\/page"}],"author":[{"embeddable":true,"href":"https:\/\/www.campuspharma.se\/fi\/wp-json\/wp\/v2\/users\/2"}],"replies":[{"embeddable":true,"href":"https:\/\/www.campuspharma.se\/fi\/wp-json\/wp\/v2\/comments?post=19340"}],"version-history":[{"count":2,"href":"https:\/\/www.campuspharma.se\/fi\/wp-json\/wp\/v2\/pages\/19340\/revisions"}],"predecessor-version":[{"id":19362,"href":"https:\/\/www.campuspharma.se\/fi\/wp-json\/wp\/v2\/pages\/19340\/revisions\/19362"}],"up":[{"embeddable":true,"href":"https:\/\/www.campuspharma.se\/fi\/wp-json\/wp\/v2\/pages\/19321"}],"wp:attachment":[{"href":"https:\/\/www.campuspharma.se\/fi\/wp-json\/wp\/v2\/media?parent=19340"}],"curies":[{"name":"wp","href":"https:\/\/api.w.org\/{rel}","templated":true}]}}