{"id":19321,"date":"2024-03-12T09:40:46","date_gmt":"2024-03-12T08:40:46","guid":{"rendered":"https:\/\/www.campuspharma.se\/?page_id=19321"},"modified":"2026-02-19T11:31:30","modified_gmt":"2026-02-19T10:31:30","slug":"kestavan-kehityksen-edistaminen","status":"publish","type":"page","link":"https:\/\/www.campuspharma.se\/fi\/kestavan-kehityksen-edistaminen\/","title":{"rendered":"Kest\u00e4v\u00e4n kehityksen edist\u00e4minen"},"content":{"rendered":"\n<h1 class=\"wp-block-heading\">Kest\u00e4v\u00e4n kehityksen edist\u00e4minen<\/h1>\n\n\n\n<p class=\"has-medium-font-size wp-block-paragraph\"><strong><strong>Maailma on suurten haasteiden edess\u00e4; maailmanlaajuiset ep\u00e4tasa-arvot, huonot ty\u00f6olosuhteet ja globaaleihin toimitusketjuihin piiloutuva ymp\u00e4rist\u00f6n saastuminen. Ilmastokriisi pahenee entisest\u00e4\u00e4n, ja on t\u00e4rke\u00e4\u00e4 toimia.<\/strong><\/strong><\/p>\n\n\n\n<p class=\"imgright wp-block-paragraph\"><img loading=\"lazy\" decoding=\"async\" width=\"150\" height=\"74\" class=\"wp-image-26290\" style=\"width: 150px;\" src=\"https:\/\/www.campuspharma.se\/wp-content\/uploads\/2025\/09\/fi-allamal-300x148-1.jpg\" alt=\"\">Vastauksena globaaleihin haasteisiin maailma \u2013 mukaan lukien valtiot, yritykset ja muut organisaatiot \u2013 on kokoontunut Agenda 2030:n ja kest\u00e4v\u00e4n kehityksen 17 tavoitteen ymp\u00e4rille. Niiss\u00e4 esitet\u00e4\u00e4n n\u00e4kemys maailmasta, jossa n\u00e4lk\u00e4 ja k\u00f6yhyys poistetaan, jossa ilmastonmuutosta torjutaan, jossa ihmisill\u00e4 on kunnolliset ty\u00f6olot ja jossa tuotanto ja kulutus tapahtuu vastuullisesti.<\/p>\n\n\n\n<p class=\"wp-block-paragraph\">CampusPharma tukee globaaleja kest\u00e4v\u00e4n kehityksen tavoitteita ja olemme t\u00e4ss\u00e4 strategiassa tunnistaneet, mill\u00e4 tavoin yrityksemme voi vastata n\u00e4ihin globaaleihin haasteisiin, ja miss\u00e4 meill\u00e4 on vastuu minimoida toimintamme mahdolliset negatiiviset vaikutukset.<\/p>\n\n\n\n<p class=\"wp-block-paragraph\"><a href=\"https:\/\/www.globalamalen.se\/om-globala-malen\/\"><\/a><a href=\"https:\/\/www.ykliitto.fi\/kestava-kehitys\">Lue lis\u00e4\u00e4 globaaleista tavoitteista t\u00e4\u00e4lt\u00e4.<\/a><\/p>\n\n\n\n<h3 class=\"wp-block-heading has-text-align-center\">Olemme p\u00e4\u00e4tt\u00e4neet keskitty\u00e4 seuraaviin nelj\u00e4\u00e4n alueeseen:<\/h3>\n\n\n\n<div class=\"wp-block-group\"><div class=\"wp-block-group__inner-container is-layout-constrained wp-block-group-is-layout-constrained\">\n<div class=\"wp-block-group hjulgrupp has-background\" style=\"background-color:#b4cee61a\"><div class=\"wp-block-group__inner-container is-layout-constrained wp-block-group-is-layout-constrained\">\n<div class=\"wp-block-columns is-layout-flex wp-container-core-columns-is-layout-8f761849 wp-block-columns-is-layout-flex\">\n<div class=\"wp-block-column erbjudande is-layout-flow wp-block-column-is-layout-flow\" style=\"flex-basis:45%\">\n<h2 class=\"wp-block-heading\"><a href=\"https:\/\/www.campuspharma.se\/hallbart-erbjudande\/\"><\/a><a href=\"https:\/\/www.campuspharma.se\/fi\/kestavan-kehityksen-edistaminen\/kestava-kehitys-valikoimassamme\/\">Kest\u00e4v\u00e4 kehitys yrityksemme tuotteissa<\/a><\/h2>\n\n\n\n<div class=\"wp-block-columns is-layout-flex wp-container-core-columns-is-layout-8f761849 wp-block-columns-is-layout-flex\">\n<div class=\"wp-block-column is-layout-flow wp-block-column-is-layout-flow\" style=\"flex-basis:100%\">\n<p class=\"wp-block-paragraph\" style=\"font-size:20px\">Tarjoamme kest\u00e4v\u00e4n tuotevalikoiman v\u00e4h\u00e4hormonaalisilla tuotevaihtoehdoilla naisten terveydenhuoltoon sek\u00e4 erikoisl\u00e4\u00e4kkeit\u00e4 pienille potilasryhmille.<\/p>\n\n\n\n<p class=\"wp-block-paragraph\" style=\"font-size:20px\">Luomme linkin tutkimuksen ja markkinoiden saatavuuden v\u00e4lille.<\/p>\n\n\n\n<p class=\"wp-block-paragraph\"><img loading=\"lazy\" decoding=\"async\" width=\"60\" height=\"60\" class=\"wp-image-18680\" style=\"width: 60px;\" src=\"https:\/\/www.campuspharma.se\/wp-content\/uploads\/2024\/01\/3.jpg\" alt=\"\"><img loading=\"lazy\" decoding=\"async\" width=\"60\" height=\"60\" class=\"wp-image-18694\" style=\"width: 60px;\" src=\"https:\/\/www.campuspharma.se\/wp-content\/uploads\/2024\/01\/6.jpg\" alt=\"\"><img loading=\"lazy\" decoding=\"async\" width=\"60\" height=\"60\" class=\"wp-image-18692\" style=\"width: 60px;\" src=\"https:\/\/www.campuspharma.se\/wp-content\/uploads\/2024\/01\/8.jpg\" alt=\"\"><img loading=\"lazy\" decoding=\"async\" width=\"60\" height=\"60\" class=\"wp-image-18690\" style=\"width: 60px;\" src=\"https:\/\/www.campuspharma.se\/wp-content\/uploads\/2024\/01\/10.jpg\" alt=\"\"><img loading=\"lazy\" decoding=\"async\" width=\"60\" height=\"60\" class=\"wp-image-18688\" style=\"width: 60px;\" src=\"https:\/\/www.campuspharma.se\/wp-content\/uploads\/2024\/01\/12.jpg\" alt=\"\"><\/p>\n\n\n\n<div class=\"wp-block-buttons is-layout-flex wp-block-buttons-is-layout-flex\">\n<div class=\"wp-block-button\"><a class=\"wp-block-button__link has-white-color has-text-color has-background wp-element-button\" href=\"https:\/\/www.campuspharma.se\/fi\/kestavan-kehityksen-edistaminen\/kestava-kehitys-valikoimassamme\/\" style=\"background-color:#3b82be\">Lue lis\u00e4\u00e4<\/a><\/div>\n<\/div>\n<\/div>\n<\/div>\n\n\n\n<div style=\"height:20px\" aria-hidden=\"true\" class=\"wp-block-spacer\"><\/div>\n<\/div>\n\n\n\n<div class=\"wp-block-column is-layout-flow wp-block-column-is-layout-flow\" style=\"flex-basis:10%\"><\/div>\n\n\n\n<div class=\"wp-block-column erbjudande is-layout-flow wp-block-column-is-layout-flow\" style=\"flex-basis:45%\">\n<h2 class=\"wp-block-heading has-text-align-right\"><a href=\"https:\/\/www.campuspharma.se\/hallbart-foretag\/\"><\/a><a href=\"https:\/\/www.campuspharma.se\/fi\/kestavan-kehityksen-edistaminen\/kestavan-kehityksen-yritys\/\">Kest\u00e4v\u00e4n kehityksen yritys<\/a><\/h2>\n\n\n\n<p class=\"wp-block-paragraph\" style=\"font-size:20px\">Olemme motivoiva ty\u00f6paikka, joka edist\u00e4\u00e4 ty\u00f6ntekij\u00f6iden hyvinvointia ja kehityst\u00e4.<\/p>\n\n\n\n<p class=\"wp-block-paragraph\" style=\"font-size:20px\">Toimimme korkeimpien liiketoimintaeettisten standardien ja lakis\u00e4\u00e4teisten vaatimusten mukaisesti.<\/p>\n\n\n\n<p class=\"wp-block-paragraph\" style=\"font-size:20px\">Ty\u00f6skentelemme aktiivisesti ymp\u00e4rist\u00f6- ja ilmastovaikutusten v\u00e4hent\u00e4miseksi.<\/p>\n\n\n\n<p class=\"has-text-align-right wp-block-paragraph\"><img loading=\"lazy\" decoding=\"async\" width=\"60\" height=\"60\" class=\"wp-image-18680\" style=\"width: 60px;\" src=\"https:\/\/www.campuspharma.se\/wp-content\/uploads\/2024\/01\/3.jpg\" alt=\"\"><img loading=\"lazy\" decoding=\"async\" width=\"60\" height=\"60\" class=\"wp-image-18686\" style=\"width: 60px;\" src=\"https:\/\/www.campuspharma.se\/wp-content\/uploads\/2024\/01\/5.jpg\" alt=\"\"><img loading=\"lazy\" decoding=\"async\" width=\"60\" height=\"60\" class=\"wp-image-18692\" style=\"width: 60px;\" src=\"https:\/\/www.campuspharma.se\/wp-content\/uploads\/2024\/01\/8.jpg\" alt=\"\"><img loading=\"lazy\" decoding=\"async\" width=\"60\" height=\"60\" class=\"wp-image-18684\" style=\"width: 60px;\" src=\"https:\/\/www.campuspharma.se\/wp-content\/uploads\/2024\/01\/13.jpg\" alt=\"\"><\/p>\n\n\n\n<div class=\"wp-block-buttons is-content-justification-right is-layout-flex wp-container-core-buttons-is-layout-89b4c9e9 wp-block-buttons-is-layout-flex\">\n<div class=\"wp-block-button\"><a class=\"wp-block-button__link has-white-color has-text-color has-background wp-element-button\" href=\"https:\/\/www.campuspharma.se\/fi\/kestavan-kehityksen-edistaminen\/kestavan-kehityksen-yritys\/\" style=\"background-color:#3b82be\">Lue lis\u00e4\u00e4<\/a><\/div>\n<\/div>\n\n\n\n<div style=\"height:20px\" aria-hidden=\"true\" class=\"wp-block-spacer\"><\/div>\n<\/div>\n<\/div>\n\n\n\n<div class=\"wp-block-columns is-layout-flex wp-container-core-columns-is-layout-8f761849 wp-block-columns-is-layout-flex\">\n<div class=\"wp-block-column hjul is-layout-flow wp-block-column-is-layout-flow\"><div class=\"wp-block-image\">\n<figure class=\"aligncenter size-full is-resized\"><img loading=\"lazy\" decoding=\"async\" width=\"470\" height=\"469\" src=\"https:\/\/www.campuspharma.se\/wp-content\/uploads\/2024\/03\/hallbarhetjul-FI.png\" alt=\"\" class=\"wp-image-19322\" style=\"width:400px\" srcset=\"https:\/\/www.campuspharma.se\/wp-content\/uploads\/2024\/03\/hallbarhetjul-FI.png 470w, https:\/\/www.campuspharma.se\/wp-content\/uploads\/2024\/03\/hallbarhetjul-FI-300x300.png 300w, https:\/\/www.campuspharma.se\/wp-content\/uploads\/2024\/03\/hallbarhetjul-FI-150x150.png 150w\" sizes=\"auto, (max-width: 470px) 100vw, 470px\" \/><\/figure>\n<\/div><\/div>\n<\/div>\n\n\n\n<div class=\"wp-block-columns is-layout-flex wp-container-core-columns-is-layout-8f761849 wp-block-columns-is-layout-flex\">\n<div class=\"wp-block-column erbjudande is-layout-flow wp-block-column-is-layout-flow\" style=\"flex-basis:45%\">\n<h2 class=\"wp-block-heading\"><a href=\"https:\/\/www.campuspharma.se\/hallbar-leveranskedja\/\"><\/a><a href=\"https:\/\/www.campuspharma.se\/fi\/kestavan-kehityksen-edistaminen\/kestava-toimitusketju\/\">Kest\u00e4v\u00e4n kehityksen toimitusketju<\/a><\/h2>\n\n\n\n<p class=\"wp-block-paragraph\" style=\"font-size:20px\">Olemme vahvasti sitoutuneet kunnioittamaan ihmisoikeuksia ja minimoimaan ilmastovaikutuksia ja saasteita vastuullisen toimitusketjun hallinnan kautta.<\/p>\n\n\n\n<p class=\"wp-block-paragraph\" style=\"font-size:20px\">Pyrimme valvomaan, j\u00e4ljitett\u00e4vyytt\u00e4 ja l\u00e4pin\u00e4kyvyytt\u00e4 toimittajiin, tuotteiden vaikutuksiin ja oman organisaatiomme suorituskykyyn.<\/p>\n\n\n\n<p class=\"wp-block-paragraph\"><img decoding=\"async\" class=\"wp-image-18684\" style=\"width: 60px;\" src=\"https:\/\/www.campuspharma.se\/wp-content\/uploads\/2024\/01\/fi-6.jpg\" alt=\"\"><img decoding=\"async\" class=\"wp-image-18689\" style=\"width: 60px;\" src=\"https:\/\/www.campuspharma.se\/wp-content\/uploads\/2024\/02\/fi-8.jpg\" alt=\"\"><img decoding=\"async\" class=\"wp-image-18699\" style=\"width: 60px;\" src=\"https:\/\/www.campuspharma.se\/wp-content\/uploads\/2024\/02\/fi-12.jpg\" alt=\"\"><img decoding=\"async\" class=\"wp-image-18709\" style=\"width: 60px;\" src=\"https:\/\/www.campuspharma.se\/wp-content\/uploads\/2024\/02\/fi-13.jpg\" alt=\"\"><\/p>\n\n\n\n<div class=\"wp-block-buttons is-layout-flex wp-block-buttons-is-layout-flex\">\n<div class=\"wp-block-button\"><a class=\"wp-block-button__link has-white-color has-text-color has-background wp-element-button\" href=\"https:\/\/www.campuspharma.se\/fi\/kestavan-kehityksen-edistaminen\/kestava-toimitusketju\/\" style=\"background-color:#3b82be\">Lue lis\u00e4\u00e4<\/a><\/div>\n<\/div>\n\n\n\n<div style=\"height:20px\" aria-hidden=\"true\" class=\"wp-block-spacer\"><\/div>\n<\/div>\n\n\n\n<div class=\"wp-block-column is-layout-flow wp-block-column-is-layout-flow\" style=\"flex-basis:10%\"><\/div>\n\n\n\n<div class=\"wp-block-column erbjudande is-layout-flow wp-block-column-is-layout-flow\" style=\"flex-basis:45%\">\n<h2 class=\"wp-block-heading has-text-align-right\"><a href=\"https:\/\/www.campuspharma.se\/hallbara-samhallsbidrag\/\"><\/a><a href=\"https:\/\/www.campuspharma.se\/fi\/kestavan-kehityksen-edistaminen\/kestavan-kehityksen-yhteisopanos\/\">Panoksemme kest\u00e4v\u00e4\u00e4n kehitykseen<\/a><\/h2>\n\n\n\n<p class=\"wp-block-paragraph\" style=\"font-size:20px\">Olemme vahvasti sitoutuneet kunnioittamaan ihmisoikeuksia ja minimoimaan ilmastovaikutuksia ja saasteita vastuullisen toimitusketjun hallinnan kautta.<\/p>\n\n\n\n<p class=\"wp-block-paragraph\" style=\"font-size:20px\">Pyrimme valvomaan, j\u00e4ljitett\u00e4vyytt\u00e4 ja l\u00e4pin\u00e4kyvyytt\u00e4 toimittajiin, tuotteiden vaikutuksiin ja oman organisaatiomme suorituskykyyn.<\/p>\n\n\n\n<p class=\"wp-block-paragraph\"><img decoding=\"async\" class=\"wp-image-18684\" style=\"width: 60px;\" src=\"https:\/\/www.campuspharma.se\/wp-content\/uploads\/2024\/02\/fi-6.jpg\" alt=\"\"><img decoding=\"async\" class=\"wp-image-18689\" style=\"width: 60px;\" src=\"https:\/\/www.campuspharma.se\/wp-content\/uploads\/2024\/02\/fi-8.jpg\" alt=\"\"><img decoding=\"async\" class=\"wp-image-18699\" style=\"width: 60px;\" src=\"https:\/\/www.campuspharma.se\/wp-content\/uploads\/2024\/02\/fi-12.jpg\" alt=\"\"><img decoding=\"async\" class=\"wp-image-18709\" style=\"width: 60px;\" src=\"https:\/\/www.campuspharma.se\/wp-content\/uploads\/2024\/02\/fi-13.jpg\" alt=\"\"><\/p>\n\n\n\n<div class=\"wp-block-buttons is-layout-flex wp-block-buttons-is-layout-flex\">\n<div class=\"wp-block-button\"><a class=\"wp-block-button__link has-white-color has-text-color has-background wp-element-button\" href=\"https:\/\/www.campuspharma.se\/fi\/kestavan-kehityksen-edistaminen\/kestavan-kehityksen-yhteisopanos\/\" style=\"background-color:#3b82be\">Lue lis\u00e4\u00e4<\/a><\/div>\n<\/div>\n\n\n\n<div style=\"height:20px\" aria-hidden=\"true\" class=\"wp-block-spacer\"><\/div>\n<\/div>\n<\/div>\n<\/div><\/div>\n<\/div><\/div>\n\n\n\n<h2 class=\"wp-block-heading\">Toimitusjohtajalta:<\/h2>\n\n\n\n<div class=\"wp-block-media-text has-media-on-the-right is-stacked-on-mobile is-vertically-aligned-center\" style=\"grid-template-columns:auto 28%\"><div class=\"wp-block-media-text__content\">\n<p class=\"wp-block-paragraph\">L\u00e4\u00e4keyhti\u00f6n\u00e4 hyv\u00e4n terveyden tavoittelu liittyy selke\u00e4sti liiketoimintaamme. On t\u00e4rke\u00e4\u00e4, ett\u00e4 teemme oman osamme ilmastovaikutusten minimoimiseksi ja tarjoamme ty\u00f6ntekij\u00f6illemme hyv\u00e4t ty\u00f6olosuhteet.<\/p>\n\n\n\n<p class=\"wp-block-paragraph\">Kest\u00e4v\u00e4n kehityksen strategiamme asettaa suunnan ja prioriteetit p\u00e4\u00e4st\u00e4ksemme sinne, miss\u00e4 CampusPharma haluaa olla vuonna 2030 \u2013 kest\u00e4v\u00e4\u00e4n yritykseen. Kest\u00e4v\u00e4ll\u00e4 tarkoitamme pitk\u00e4j\u00e4nteist\u00e4 menestyv\u00e4\u00e4 yrityst\u00e4, joka luo arvoa asiakkaillemme ja yhteiselle yhteiskunnallemme ja ottaa samalla vastuun vaikutuksistamme ihmisiin ja planeettaan.<\/p>\n\n\n\n<p class=\"wp-block-paragraph\">Anders Stenstr\u00f6m<br>toimitusjohtaja<\/p>\n<\/div><figure class=\"wp-block-media-text__media\"><img loading=\"lazy\" decoding=\"async\" width=\"761\" height=\"953\" src=\"https:\/\/www.campuspharma.se\/wp-content\/uploads\/2024\/01\/4-0.jpg\" alt=\"\" class=\"wp-image-18698 size-full\" srcset=\"https:\/\/www.campuspharma.se\/wp-content\/uploads\/2024\/01\/4-0.jpg 761w, https:\/\/www.campuspharma.se\/wp-content\/uploads\/2024\/01\/4-0-240x300.jpg 240w\" sizes=\"auto, (max-width: 761px) 100vw, 761px\" \/><\/figure><\/div>\n","protected":false},"excerpt":{"rendered":"<p>Kest\u00e4v\u00e4n kehityksen edist\u00e4minen Maailma on suurten haasteiden edess\u00e4; maailmanlaajuiset ep\u00e4tasa-arvot, huonot ty\u00f6olosuhteet ja globaaleihin toimitusketjuihin<\/p>\n","protected":false},"author":2,"featured_media":0,"parent":0,"menu_order":0,"comment_status":"closed","ping_status":"closed","template":"gynekologiMall.php","meta":{"_acf_changed":false,"_crdt_document":"","footnotes":""},"class_list":["post-19321","page","type-page","status-publish","hentry"],"acf":[],"yoast_head":"<!-- This site is optimized with the Yoast SEO plugin v27.5 - https:\/\/yoast.com\/product\/yoast-seo-wordpress\/ -->\n<title>Kest\u00e4v\u00e4n kehityksen edist\u00e4minen - CampusPharma<\/title>\n<meta name=\"description\" content=\"Kest\u00e4v\u00e4n kehityksen edist\u00e4minen Maailma on suurten haasteiden edess\u00e4; maailmanlaajuiset ep\u00e4tasa-arvot, huonot ty\u00f6olosuhteet ja globaaleihin\" \/>\n<meta name=\"robots\" content=\"index, follow, max-snippet:-1, max-image-preview:large, max-video-preview:-1\" \/>\n<link rel=\"canonical\" href=\"https:\/\/www.campuspharma.se\/fi\/kestavan-kehityksen-edistaminen\/\" \/>\n<meta property=\"og:locale\" content=\"fi_FI\" \/>\n<meta property=\"og:type\" content=\"article\" \/>\n<meta property=\"og:title\" content=\"Kest\u00e4v\u00e4n kehityksen edist\u00e4minen - CampusPharma\" \/>\n<meta property=\"og:description\" content=\"Kest\u00e4v\u00e4n kehityksen edist\u00e4minen Maailma on suurten haasteiden edess\u00e4; maailmanlaajuiset ep\u00e4tasa-arvot, huonot ty\u00f6olosuhteet ja globaaleihin\" \/>\n<meta property=\"og:url\" content=\"https:\/\/www.campuspharma.se\/fi\/kestavan-kehityksen-edistaminen\/\" \/>\n<meta property=\"og:site_name\" content=\"CampusPharma\" \/>\n<meta property=\"article:modified_time\" content=\"2026-02-19T10:31:30+00:00\" \/>\n<meta property=\"og:image\" content=\"https:\/\/www.campuspharma.se\/wp-content\/uploads\/2025\/09\/fi-allamal-300x148-1.jpg\" \/>\n\t<meta property=\"og:image:width\" content=\"300\" \/>\n\t<meta property=\"og:image:height\" content=\"148\" \/>\n\t<meta property=\"og:image:type\" content=\"image\/jpeg\" \/>\n<meta name=\"twitter:card\" content=\"summary_large_image\" \/>\n<meta name=\"twitter:label1\" content=\"Arvioitu lukuaika\" \/>\n\t<meta name=\"twitter:data1\" content=\"6 minuuttia\" \/>\n<script type=\"application\/ld+json\" class=\"yoast-schema-graph\">{\"@context\":\"https:\\\/\\\/schema.org\",\"@graph\":[{\"@type\":\"WebPage\",\"@id\":\"https:\\\/\\\/www.campuspharma.se\\\/fi\\\/kestavan-kehityksen-edistaminen\\\/\",\"url\":\"https:\\\/\\\/www.campuspharma.se\\\/fi\\\/kestavan-kehityksen-edistaminen\\\/\",\"name\":\"Kest\u00e4v\u00e4n kehityksen edist\u00e4minen - CampusPharma\",\"isPartOf\":{\"@id\":\"https:\\\/\\\/www.campuspharma.se\\\/#website\"},\"primaryImageOfPage\":{\"@id\":\"https:\\\/\\\/www.campuspharma.se\\\/fi\\\/kestavan-kehityksen-edistaminen\\\/#primaryimage\"},\"image\":{\"@id\":\"https:\\\/\\\/www.campuspharma.se\\\/fi\\\/kestavan-kehityksen-edistaminen\\\/#primaryimage\"},\"thumbnailUrl\":\"https:\\\/\\\/www.campuspharma.se\\\/wp-content\\\/uploads\\\/2025\\\/09\\\/fi-allamal-300x148-1.jpg\",\"datePublished\":\"2024-03-12T08:40:46+00:00\",\"dateModified\":\"2026-02-19T10:31:30+00:00\",\"description\":\"Kest\u00e4v\u00e4n kehityksen edist\u00e4minen Maailma on suurten haasteiden edess\u00e4; maailmanlaajuiset ep\u00e4tasa-arvot, huonot ty\u00f6olosuhteet ja globaaleihin\",\"inLanguage\":\"fi\",\"potentialAction\":[{\"@type\":\"ReadAction\",\"target\":[\"https:\\\/\\\/www.campuspharma.se\\\/fi\\\/kestavan-kehityksen-edistaminen\\\/\"]}]},{\"@type\":\"ImageObject\",\"inLanguage\":\"fi\",\"@id\":\"https:\\\/\\\/www.campuspharma.se\\\/fi\\\/kestavan-kehityksen-edistaminen\\\/#primaryimage\",\"url\":\"https:\\\/\\\/www.campuspharma.se\\\/wp-content\\\/uploads\\\/2025\\\/09\\\/fi-allamal-300x148-1.jpg\",\"contentUrl\":\"https:\\\/\\\/www.campuspharma.se\\\/wp-content\\\/uploads\\\/2025\\\/09\\\/fi-allamal-300x148-1.jpg\"},{\"@type\":\"WebSite\",\"@id\":\"https:\\\/\\\/www.campuspharma.se\\\/#website\",\"url\":\"https:\\\/\\\/www.campuspharma.se\\\/\",\"name\":\"CampusPharma\",\"description\":\"\",\"publisher\":{\"@id\":\"https:\\\/\\\/www.campuspharma.se\\\/#organization\"},\"potentialAction\":[{\"@type\":\"SearchAction\",\"target\":{\"@type\":\"EntryPoint\",\"urlTemplate\":\"https:\\\/\\\/www.campuspharma.se\\\/?s={search_term_string}\"},\"query-input\":{\"@type\":\"PropertyValueSpecification\",\"valueRequired\":true,\"valueName\":\"search_term_string\"}}],\"inLanguage\":\"fi\"},{\"@type\":\"Organization\",\"@id\":\"https:\\\/\\\/www.campuspharma.se\\\/#organization\",\"name\":\"CampusPharma\",\"url\":\"https:\\\/\\\/www.campuspharma.se\\\/\",\"logo\":{\"@type\":\"ImageObject\",\"inLanguage\":\"fi\",\"@id\":\"https:\\\/\\\/www.campuspharma.se\\\/#\\\/schema\\\/logo\\\/image\\\/\",\"url\":\"https:\\\/\\\/www.campuspharma.se\\\/wp-content\\\/uploads\\\/2016\\\/12\\\/logo-cp-klaR-kopia-e1490769756684.png\",\"contentUrl\":\"https:\\\/\\\/www.campuspharma.se\\\/wp-content\\\/uploads\\\/2016\\\/12\\\/logo-cp-klaR-kopia-e1490769756684.png\",\"width\":160,\"height\":98,\"caption\":\"CampusPharma\"},\"image\":{\"@id\":\"https:\\\/\\\/www.campuspharma.se\\\/#\\\/schema\\\/logo\\\/image\\\/\"}}]}<\/script>\n<!-- \/ Yoast SEO plugin. -->","yoast_head_json":{"title":"Kest\u00e4v\u00e4n kehityksen edist\u00e4minen - CampusPharma","description":"Kest\u00e4v\u00e4n kehityksen edist\u00e4minen Maailma on suurten haasteiden edess\u00e4; maailmanlaajuiset ep\u00e4tasa-arvot, huonot ty\u00f6olosuhteet ja globaaleihin","robots":{"index":"index","follow":"follow","max-snippet":"max-snippet:-1","max-image-preview":"max-image-preview:large","max-video-preview":"max-video-preview:-1"},"canonical":"https:\/\/www.campuspharma.se\/fi\/kestavan-kehityksen-edistaminen\/","og_locale":"fi_FI","og_type":"article","og_title":"Kest\u00e4v\u00e4n kehityksen edist\u00e4minen - CampusPharma","og_description":"Kest\u00e4v\u00e4n kehityksen edist\u00e4minen Maailma on suurten haasteiden edess\u00e4; maailmanlaajuiset ep\u00e4tasa-arvot, huonot ty\u00f6olosuhteet ja globaaleihin","og_url":"https:\/\/www.campuspharma.se\/fi\/kestavan-kehityksen-edistaminen\/","og_site_name":"CampusPharma","article_modified_time":"2026-02-19T10:31:30+00:00","og_image":[{"width":300,"height":148,"url":"https:\/\/www.campuspharma.se\/wp-content\/uploads\/2025\/09\/fi-allamal-300x148-1.jpg","type":"image\/jpeg"}],"twitter_card":"summary_large_image","twitter_misc":{"Arvioitu lukuaika":"6 minuuttia"},"schema":{"@context":"https:\/\/schema.org","@graph":[{"@type":"WebPage","@id":"https:\/\/www.campuspharma.se\/fi\/kestavan-kehityksen-edistaminen\/","url":"https:\/\/www.campuspharma.se\/fi\/kestavan-kehityksen-edistaminen\/","name":"Kest\u00e4v\u00e4n kehityksen edist\u00e4minen - CampusPharma","isPartOf":{"@id":"https:\/\/www.campuspharma.se\/#website"},"primaryImageOfPage":{"@id":"https:\/\/www.campuspharma.se\/fi\/kestavan-kehityksen-edistaminen\/#primaryimage"},"image":{"@id":"https:\/\/www.campuspharma.se\/fi\/kestavan-kehityksen-edistaminen\/#primaryimage"},"thumbnailUrl":"https:\/\/www.campuspharma.se\/wp-content\/uploads\/2025\/09\/fi-allamal-300x148-1.jpg","datePublished":"2024-03-12T08:40:46+00:00","dateModified":"2026-02-19T10:31:30+00:00","description":"Kest\u00e4v\u00e4n kehityksen edist\u00e4minen Maailma on suurten haasteiden edess\u00e4; maailmanlaajuiset ep\u00e4tasa-arvot, huonot ty\u00f6olosuhteet ja globaaleihin","inLanguage":"fi","potentialAction":[{"@type":"ReadAction","target":["https:\/\/www.campuspharma.se\/fi\/kestavan-kehityksen-edistaminen\/"]}]},{"@type":"ImageObject","inLanguage":"fi","@id":"https:\/\/www.campuspharma.se\/fi\/kestavan-kehityksen-edistaminen\/#primaryimage","url":"https:\/\/www.campuspharma.se\/wp-content\/uploads\/2025\/09\/fi-allamal-300x148-1.jpg","contentUrl":"https:\/\/www.campuspharma.se\/wp-content\/uploads\/2025\/09\/fi-allamal-300x148-1.jpg"},{"@type":"WebSite","@id":"https:\/\/www.campuspharma.se\/#website","url":"https:\/\/www.campuspharma.se\/","name":"CampusPharma","description":"","publisher":{"@id":"https:\/\/www.campuspharma.se\/#organization"},"potentialAction":[{"@type":"SearchAction","target":{"@type":"EntryPoint","urlTemplate":"https:\/\/www.campuspharma.se\/?s={search_term_string}"},"query-input":{"@type":"PropertyValueSpecification","valueRequired":true,"valueName":"search_term_string"}}],"inLanguage":"fi"},{"@type":"Organization","@id":"https:\/\/www.campuspharma.se\/#organization","name":"CampusPharma","url":"https:\/\/www.campuspharma.se\/","logo":{"@type":"ImageObject","inLanguage":"fi","@id":"https:\/\/www.campuspharma.se\/#\/schema\/logo\/image\/","url":"https:\/\/www.campuspharma.se\/wp-content\/uploads\/2016\/12\/logo-cp-klaR-kopia-e1490769756684.png","contentUrl":"https:\/\/www.campuspharma.se\/wp-content\/uploads\/2016\/12\/logo-cp-klaR-kopia-e1490769756684.png","width":160,"height":98,"caption":"CampusPharma"},"image":{"@id":"https:\/\/www.campuspharma.se\/#\/schema\/logo\/image\/"}}]}},"_links":{"self":[{"href":"https:\/\/www.campuspharma.se\/fi\/wp-json\/wp\/v2\/pages\/19321","targetHints":{"allow":["GET"]}}],"collection":[{"href":"https:\/\/www.campuspharma.se\/fi\/wp-json\/wp\/v2\/pages"}],"about":[{"href":"https:\/\/www.campuspharma.se\/fi\/wp-json\/wp\/v2\/types\/page"}],"author":[{"embeddable":true,"href":"https:\/\/www.campuspharma.se\/fi\/wp-json\/wp\/v2\/users\/2"}],"replies":[{"embeddable":true,"href":"https:\/\/www.campuspharma.se\/fi\/wp-json\/wp\/v2\/comments?post=19321"}],"version-history":[{"count":9,"href":"https:\/\/www.campuspharma.se\/fi\/wp-json\/wp\/v2\/pages\/19321\/revisions"}],"predecessor-version":[{"id":28708,"href":"https:\/\/www.campuspharma.se\/fi\/wp-json\/wp\/v2\/pages\/19321\/revisions\/28708"}],"wp:attachment":[{"href":"https:\/\/www.campuspharma.se\/fi\/wp-json\/wp\/v2\/media?parent=19321"}],"curies":[{"name":"wp","href":"https:\/\/api.w.org\/{rel}","templated":true}]}}